{"id":28590,"date":"2025-04-23T03:41:54","date_gmt":"2025-04-23T03:41:54","guid":{"rendered":"https:\/\/ibrnb.org\/?page_id=28590"},"modified":"2026-01-09T02:20:01","modified_gmt":"2026-01-09T02:20:01","slug":"eugenio-pinero","status":"publish","type":"page","link":"https:\/\/ibrnb.org\/es\/eugenio-pinero\/","title":{"rendered":"Eugenio Pi\u00f1ero"},"content":{"rendered":"\t\t<div data-elementor-type=\"wp-page\" data-elementor-id=\"28590\" class=\"elementor elementor-28590\">\n\t\t\t\t\t\t<section class=\"elementor-section elementor-top-section elementor-element elementor-element-2a48041 elementor-section-boxed elementor-section-height-default elementor-section-height-default wpr-particle-no wpr-jarallax-no wpr-parallax-no wpr-sticky-section-no wpr-equal-height-no\" data-id=\"2a48041\" data-element_type=\"section\" data-e-type=\"section\">\n\t\t\t\t\t\t<div class=\"elementor-container elementor-column-gap-default\">\n\t\t\t\t\t<div class=\"elementor-column elementor-col-100 elementor-top-column elementor-element elementor-element-d352bef\" data-id=\"d352bef\" data-element_type=\"column\" data-e-type=\"column\">\n\t\t\t<div class=\"elementor-widget-wrap elementor-element-populated\">\n\t\t\t\t\t\t<div class=\"elementor-element elementor-element-c159527 elementor-widget elementor-widget-heading\" data-id=\"c159527\" data-element_type=\"widget\" data-e-type=\"widget\" data-widget_type=\"heading.default\">\n\t\t\t\t<div class=\"elementor-widget-container\">\n\t\t\t\t\t<h1 class=\"elementor-heading-title elementor-size-default\">Liderazgo<\/h1>\t\t\t\t<\/div>\n\t\t\t\t<\/div>\n\t\t\t\t<div class=\"elementor-element elementor-element-86ca2d2 elementor-widget elementor-widget-text-editor\" data-id=\"86ca2d2\" data-element_type=\"widget\" data-e-type=\"widget\" data-widget_type=\"text-editor.default\">\n\t\t\t\t<div class=\"elementor-widget-container\">\n\t\t\t\t\t\t\t\t\t<p><sup class=\"versenum\">15\u00a0<\/sup>y os dar\u00e9 pastores seg\u00fan mi coraz\u00f3n, que os apacienten con ciencia y con inteligencia.<\/p><p>\u00a0Jerem\u00edas 3:15<\/p>\t\t\t\t\t\t\t\t<\/div>\n\t\t\t\t<\/div>\n\t\t\t\t\t<\/div>\n\t\t<\/div>\n\t\t\t\t\t<\/div>\n\t\t<\/section>\n\t\t<div class=\"elementor-element elementor-element-5fdf63a e-flex e-con-boxed wpr-particle-no wpr-jarallax-no wpr-parallax-no wpr-sticky-section-no wpr-equal-height-no e-con e-parent\" data-id=\"5fdf63a\" data-element_type=\"container\" data-e-type=\"container\">\n\t\t\t\t\t<div class=\"e-con-inner\">\n\t\t<div class=\"elementor-element elementor-element-fc8e0bf e-con-full e-flex wpr-particle-no wpr-jarallax-no wpr-parallax-no wpr-sticky-section-no wpr-equal-height-no e-con e-child\" data-id=\"fc8e0bf\" data-element_type=\"container\" data-e-type=\"container\">\n\t\t\t\t<div class=\"elementor-element elementor-element-95bfd15 elementor-widget elementor-widget-image\" data-id=\"95bfd15\" data-element_type=\"widget\" data-e-type=\"widget\" data-widget_type=\"image.default\">\n\t\t\t\t<div class=\"elementor-widget-container\">\n\t\t\t\t\t\t\t\t\t\t\t\t<figure class=\"wp-caption\">\n\t\t\t\t\t\t\t\t\t\t<img fetchpriority=\"high\" decoding=\"async\" width=\"1024\" height=\"1536\" src=\"https:\/\/ibrnb.org\/wp-content\/uploads\/2026\/01\/epinero.png\" class=\"attachment-full size-full wp-image-33171\" alt=\"\" srcset=\"https:\/\/ibrnb.org\/wp-content\/uploads\/2026\/01\/epinero.png 1024w, https:\/\/ibrnb.org\/wp-content\/uploads\/2026\/01\/epinero-768x1152.png 768w, https:\/\/ibrnb.org\/wp-content\/uploads\/2026\/01\/epinero-8x12.png 8w\" sizes=\"(max-width: 1024px) 100vw, 1024px\" \/>\t\t\t\t\t\t\t\t\t\t\t<figcaption class=\"widget-image-caption wp-caption-text\">Pr. Eugenio Pi\u00f1ero<\/figcaption>\n\t\t\t\t\t\t\t\t\t\t<\/figure>\n\t\t\t\t\t\t\t\t\t<\/div>\n\t\t\t\t<\/div>\n\t\t\t\t<\/div>\n\t\t<div class=\"elementor-element elementor-element-17de710 e-con-full e-flex wpr-particle-no wpr-jarallax-no wpr-parallax-no wpr-sticky-section-no wpr-equal-height-no e-con e-child\" data-id=\"17de710\" data-element_type=\"container\" data-e-type=\"container\">\n\t\t\t\t<div class=\"elementor-element elementor-element-b677479 elementor-widget elementor-widget-text-editor\" data-id=\"b677479\" data-element_type=\"widget\" data-e-type=\"widget\" data-widget_type=\"text-editor.default\">\n\t\t\t\t<div class=\"elementor-widget-container\">\n\t\t\t\t\t\t\t\t\t<p><span data-tt=\"{&quot;paragraphStyle&quot;:{&quot;alignment&quot;:4,&quot;writingDirection&quot;:1}}\">El Pastor Eugenio Pi\u00f1ero se gradu\u00f3 de Northeastern Bible College en Essex Fells, NJ (EUA) en el a\u00f1o 1976. Durante sus estudios conoci\u00f3 a la iglesia Trinity Baptist Church de Essex Fells (luego Montville), NJ (EUA). Cuando era miembro de aquella amada iglesia, el pastoreo de Albert N. Martin fue una poderosa influencia para bien sobre su conocimiento b\u00edblico y car\u00e1cter. <\/span><\/p><p><span data-tt=\"{&quot;paragraphStyle&quot;:{&quot;alignment&quot;:4,&quot;writingDirection&quot;:1}}\">El Pastor Pi\u00f1ero fue llamado a servir como pastor interino de la Primera Iglesia Bautista (ubicaba en aquel entonces en Hoboken) en octubre del a\u00f1o 1977. Despu\u00e9s de una evaluaci\u00f3n de su vida seg\u00fan los requisitos de 1 Timoteo 3 y Tito 1:5-9, fue reconocido por la iglesia y llamado oficialmente a ser su pastor, en febrero del 1978. Continu\u00f3 benefici\u00e1ndose de los consejos del Pastor Martin durante muchos a\u00f1os y, como resultado, la iglesia conoci\u00f3 con mayor exactitud las ense\u00f1anzas b\u00edblicas y comenz\u00f3 a aplicarlas a su vida personal, familiar y eclesi\u00e1stica. Lamentablemente, muchas de las perspectivas b\u00edblicas m\u00e1s fundamentales se han perdido de vista en el cristianismo de hoy, de tal forma que a veces el cristianismo b\u00edblico, genuino, e hist\u00f3rico puede parecer novedoso.<\/span><\/p><p><span data-tt=\"{&quot;paragraphStyle&quot;:{&quot;alignment&quot;:4,&quot;writingDirection&quot;:1}}\">Sin embargo, Dios comenz\u00f3 a bendecir los esfuerzos del Pastor Pi\u00f1ero de tal forma que otros pastores comenzaron a buscar sus consejos y su ayuda, de ah\u00ed que ha podido compartir con otros lo que \u00e9l ha recibido. La aplicaci\u00f3n de estos consejos ha contribuido al establecimiento de ministerios b\u00edblicos que han comenzado un proceso de reforma b\u00edblica en la vida eclesi\u00e1stica, familiar y personal con un nuevo entendimiento y compromiso. <\/span><\/p><p><span data-tt=\"{&quot;paragraphStyle&quot;:{&quot;alignment&quot;:4,&quot;writingDirection&quot;:1}}\">Una de las perspectivas fundamentales que el Pastor Pi\u00f1ero aprendi\u00f3 del ministerio de la iglesia bautista Trinity es que debemos seguir las Escrituras por dondequiera que nos dirigan. Sea \u00e9sta nuestra perspectiva como iglesia, todos los d\u00edas de nuestro peregrinaje terrenal.<\/span><\/p>\t\t\t\t\t\t\t\t<\/div>\n\t\t\t\t<\/div>\n\t\t\t\t<\/div>\n\t\t\t\t\t<\/div>\n\t\t\t\t<\/div>\n\t\t\t\t<\/div>\n\t\t","protected":false},"excerpt":{"rendered":"<p>Liderazgo 15\u00a0y os dar\u00e9 pastores seg\u00fan mi coraz\u00f3n, que os apacienten con ciencia y con inteligencia. \u00a0Jerem\u00edas 3:15 Pr. Eugenio Pi\u00f1ero El Pastor Eugenio Pi\u00f1ero se gradu\u00f3 de Northeastern Bible College en Essex Fells, NJ (EUA) en el a\u00f1o 1976. Durante sus estudios conoci\u00f3 a la iglesia Trinity Baptist Church de Essex Fells (luego Montville), NJ (EUA). Cuando era miembro de aquella amada iglesia, el pastoreo de Albert N. Martin fue una poderosa influencia para bien sobre su conocimiento b\u00edblico y car\u00e1cter. El Pastor Pi\u00f1ero fue llamado a servir como pastor interino de la Primera Iglesia Bautista (ubicaba en aquel entonces en Hoboken) en octubre del a\u00f1o 1977. Despu\u00e9s de una evaluaci\u00f3n de su vida seg\u00fan los requisitos de 1 Timoteo 3 y Tito 1:5-9, fue reconocido por la iglesia y llamado oficialmente a ser su pastor, en febrero del 1978. Continu\u00f3 benefici\u00e1ndose de los consejos del Pastor Martin durante muchos a\u00f1os y, como resultado, la iglesia conoci\u00f3 con mayor exactitud las ense\u00f1anzas b\u00edblicas y comenz\u00f3 a aplicarlas a su vida personal, familiar y eclesi\u00e1stica. Lamentablemente, muchas de las perspectivas b\u00edblicas m\u00e1s fundamentales se han perdido de vista en el cristianismo de hoy, de tal forma que a veces el cristianismo b\u00edblico, genuino, e hist\u00f3rico puede parecer novedoso. Sin embargo, Dios comenz\u00f3 a bendecir los esfuerzos del Pastor Pi\u00f1ero de tal forma que otros pastores comenzaron a buscar sus consejos y su ayuda, de ah\u00ed que ha podido compartir con otros lo que \u00e9l ha recibido. La aplicaci\u00f3n de estos consejos ha contribuido al establecimiento de ministerios b\u00edblicos que han comenzado un proceso de reforma b\u00edblica en la vida eclesi\u00e1stica, familiar y personal con un nuevo entendimiento y compromiso. Una de las perspectivas fundamentales que el Pastor Pi\u00f1ero aprendi\u00f3 del ministerio de la iglesia bautista Trinity es que debemos seguir las Escrituras por dondequiera que nos dirigan. Sea \u00e9sta nuestra perspectiva como iglesia, todos los d\u00edas de nuestro peregrinaje terrenal.<\/p>\n","protected":false},"author":1,"featured_media":0,"parent":0,"menu_order":0,"comment_status":"closed","ping_status":"closed","template":"","meta":{"footnotes":""},"class_list":["post-28590","page","type-page","status-publish","hentry"],"yoast_head":"<!-- This site is optimized with the Yoast SEO plugin v27.4 - https:\/\/yoast.com\/product\/yoast-seo-wordpress\/ -->\n<title>Eugenio Pi\u00f1ero - Iglesia Bautista Reformada de North Bergen<\/title>\n<meta name=\"robots\" content=\"index, follow, max-snippet:-1, max-image-preview:large, max-video-preview:-1\" \/>\n<link rel=\"canonical\" href=\"https:\/\/ibrnb.org\/es\/eugenio-pinero\/\" \/>\n<meta property=\"og:locale\" content=\"es_ES\" \/>\n<meta property=\"og:type\" content=\"article\" \/>\n<meta property=\"og:title\" content=\"Eugenio Pi\u00f1ero - Iglesia Bautista Reformada de North Bergen\" \/>\n<meta property=\"og:description\" content=\"Liderazgo 15\u00a0y os dar\u00e9 pastores seg\u00fan mi coraz\u00f3n, que os apacienten con ciencia y con inteligencia. \u00a0Jerem\u00edas 3:15 Pr. Eugenio Pi\u00f1ero El Pastor Eugenio Pi\u00f1ero se gradu\u00f3 de Northeastern Bible College en Essex Fells, NJ (EUA) en el a\u00f1o 1976. Durante sus estudios conoci\u00f3 a la iglesia Trinity Baptist Church de Essex Fells (luego Montville), NJ (EUA). Cuando era miembro de aquella amada iglesia, el pastoreo de Albert N. Martin fue una poderosa influencia para bien sobre su conocimiento b\u00edblico y car\u00e1cter. El Pastor Pi\u00f1ero fue llamado a servir como pastor interino de la Primera Iglesia Bautista (ubicaba en aquel entonces en Hoboken) en octubre del a\u00f1o 1977. Despu\u00e9s de una evaluaci\u00f3n de su vida seg\u00fan los requisitos de 1 Timoteo 3 y Tito 1:5-9, fue reconocido por la iglesia y llamado oficialmente a ser su pastor, en febrero del 1978. Continu\u00f3 benefici\u00e1ndose de los consejos del Pastor Martin durante muchos a\u00f1os y, como resultado, la iglesia conoci\u00f3 con mayor exactitud las ense\u00f1anzas b\u00edblicas y comenz\u00f3 a aplicarlas a su vida personal, familiar y eclesi\u00e1stica. Lamentablemente, muchas de las perspectivas b\u00edblicas m\u00e1s fundamentales se han perdido de vista en el cristianismo de hoy, de tal forma que a veces el cristianismo b\u00edblico, genuino, e hist\u00f3rico puede parecer novedoso. Sin embargo, Dios comenz\u00f3 a bendecir los esfuerzos del Pastor Pi\u00f1ero de tal forma que otros pastores comenzaron a buscar sus consejos y su ayuda, de ah\u00ed que ha podido compartir con otros lo que \u00e9l ha recibido. La aplicaci\u00f3n de estos consejos ha contribuido al establecimiento de ministerios b\u00edblicos que han comenzado un proceso de reforma b\u00edblica en la vida eclesi\u00e1stica, familiar y personal con un nuevo entendimiento y compromiso. Una de las perspectivas fundamentales que el Pastor Pi\u00f1ero aprendi\u00f3 del ministerio de la iglesia bautista Trinity es que debemos seguir las Escrituras por dondequiera que nos dirigan. Sea \u00e9sta nuestra perspectiva como iglesia, todos los d\u00edas de nuestro peregrinaje terrenal.\" \/>\n<meta property=\"og:url\" content=\"https:\/\/ibrnb.org\/es\/eugenio-pinero\/\" \/>\n<meta property=\"og:site_name\" content=\"Iglesia Bautista Reformada de North Bergen\" \/>\n<meta property=\"article:publisher\" content=\"https:\/\/www.facebook.com\/profile.php?id=100064443055881\" \/>\n<meta property=\"article:modified_time\" content=\"2026-01-09T02:20:01+00:00\" \/>\n<meta property=\"og:image\" content=\"https:\/\/ibrnb.org\/wp-content\/uploads\/2026\/01\/epinero.png\" \/>\n\t<meta property=\"og:image:width\" content=\"1024\" \/>\n\t<meta property=\"og:image:height\" content=\"1536\" \/>\n\t<meta property=\"og:image:type\" content=\"image\/png\" \/>\n<meta name=\"twitter:card\" content=\"summary_large_image\" \/>\n<meta name=\"twitter:label1\" content=\"Tiempo de lectura\" \/>\n\t<meta name=\"twitter:data1\" content=\"2 minutos\" \/>\n<script type=\"application\/ld+json\" class=\"yoast-schema-graph\">{\"@context\":\"https:\\\/\\\/schema.org\",\"@graph\":[{\"@type\":\"WebPage\",\"@id\":\"https:\\\/\\\/ibrnb.org\\\/eugenio-pinero\\\/\",\"url\":\"https:\\\/\\\/ibrnb.org\\\/eugenio-pinero\\\/\",\"name\":\"Eugenio Pi\u00f1ero - Iglesia Bautista Reformada de North Bergen\",\"isPartOf\":{\"@id\":\"https:\\\/\\\/ibrnb.org\\\/es\\\/#website\"},\"primaryImageOfPage\":{\"@id\":\"https:\\\/\\\/ibrnb.org\\\/eugenio-pinero\\\/#primaryimage\"},\"image\":{\"@id\":\"https:\\\/\\\/ibrnb.org\\\/eugenio-pinero\\\/#primaryimage\"},\"thumbnailUrl\":\"https:\\\/\\\/ibrnb.org\\\/wp-content\\\/uploads\\\/2026\\\/01\\\/epinero.png\",\"datePublished\":\"2025-04-23T03:41:54+00:00\",\"dateModified\":\"2026-01-09T02:20:01+00:00\",\"breadcrumb\":{\"@id\":\"https:\\\/\\\/ibrnb.org\\\/eugenio-pinero\\\/#breadcrumb\"},\"inLanguage\":\"es\",\"potentialAction\":[{\"@type\":\"ReadAction\",\"target\":[\"https:\\\/\\\/ibrnb.org\\\/eugenio-pinero\\\/\"]}]},{\"@type\":\"ImageObject\",\"inLanguage\":\"es\",\"@id\":\"https:\\\/\\\/ibrnb.org\\\/eugenio-pinero\\\/#primaryimage\",\"url\":\"https:\\\/\\\/ibrnb.org\\\/wp-content\\\/uploads\\\/2026\\\/01\\\/epinero.png\",\"contentUrl\":\"https:\\\/\\\/ibrnb.org\\\/wp-content\\\/uploads\\\/2026\\\/01\\\/epinero.png\"},{\"@type\":\"BreadcrumbList\",\"@id\":\"https:\\\/\\\/ibrnb.org\\\/eugenio-pinero\\\/#breadcrumb\",\"itemListElement\":[{\"@type\":\"ListItem\",\"position\":1,\"name\":\"Portada\",\"item\":\"https:\\\/\\\/ibrnb.org\\\/\"},{\"@type\":\"ListItem\",\"position\":2,\"name\":\"Eugenio Pi\u00f1ero\"}]},{\"@type\":\"WebSite\",\"@id\":\"https:\\\/\\\/ibrnb.org\\\/es\\\/#website\",\"url\":\"https:\\\/\\\/ibrnb.org\\\/es\\\/\",\"name\":\"Iglesia Bautista Reformada de North Bergen\",\"description\":\"Iglesia del Se\u00f1or Jesucristo.\",\"publisher\":{\"@id\":\"https:\\\/\\\/ibrnb.org\\\/es\\\/#organization\"},\"potentialAction\":[{\"@type\":\"SearchAction\",\"target\":{\"@type\":\"EntryPoint\",\"urlTemplate\":\"https:\\\/\\\/ibrnb.org\\\/es\\\/?s={search_term_string}\"},\"query-input\":{\"@type\":\"PropertyValueSpecification\",\"valueRequired\":true,\"valueName\":\"search_term_string\"}}],\"inLanguage\":\"es\"},{\"@type\":\"Organization\",\"@id\":\"https:\\\/\\\/ibrnb.org\\\/es\\\/#organization\",\"name\":\"Iglesia Bautista Reformada de North Bergen\",\"url\":\"https:\\\/\\\/ibrnb.org\\\/es\\\/\",\"logo\":{\"@type\":\"ImageObject\",\"inLanguage\":\"es\",\"@id\":\"https:\\\/\\\/ibrnb.org\\\/es\\\/#\\\/schema\\\/logo\\\/image\\\/\",\"url\":\"https:\\\/\\\/i0.wp.com\\\/ibrnb.org\\\/wp-content\\\/uploads\\\/2025\\\/03\\\/Iglesia_Logo_Calado-e1744687663107.png?fit=925%2C510&ssl=1\",\"contentUrl\":\"https:\\\/\\\/i0.wp.com\\\/ibrnb.org\\\/wp-content\\\/uploads\\\/2025\\\/03\\\/Iglesia_Logo_Calado-e1744687663107.png?fit=925%2C510&ssl=1\",\"width\":925,\"height\":510,\"caption\":\"Iglesia Bautista Reformada de North Bergen\"},\"image\":{\"@id\":\"https:\\\/\\\/ibrnb.org\\\/es\\\/#\\\/schema\\\/logo\\\/image\\\/\"},\"sameAs\":[\"https:\\\/\\\/www.facebook.com\\\/profile.php?id=100064443055881\"]}]}<\/script>\n<!-- \/ Yoast SEO plugin. -->","yoast_head_json":{"title":"Eugenio Pi\u00f1ero - Iglesia Bautista Reformada de North Bergen","robots":{"index":"index","follow":"follow","max-snippet":"max-snippet:-1","max-image-preview":"max-image-preview:large","max-video-preview":"max-video-preview:-1"},"canonical":"https:\/\/ibrnb.org\/es\/eugenio-pinero\/","og_locale":"es_ES","og_type":"article","og_title":"Eugenio Pi\u00f1ero - Iglesia Bautista Reformada de North Bergen","og_description":"Liderazgo 15\u00a0y os dar\u00e9 pastores seg\u00fan mi coraz\u00f3n, que os apacienten con ciencia y con inteligencia. \u00a0Jerem\u00edas 3:15 Pr. Eugenio Pi\u00f1ero El Pastor Eugenio Pi\u00f1ero se gradu\u00f3 de Northeastern Bible College en Essex Fells, NJ (EUA) en el a\u00f1o 1976. Durante sus estudios conoci\u00f3 a la iglesia Trinity Baptist Church de Essex Fells (luego Montville), NJ (EUA). Cuando era miembro de aquella amada iglesia, el pastoreo de Albert N. Martin fue una poderosa influencia para bien sobre su conocimiento b\u00edblico y car\u00e1cter. El Pastor Pi\u00f1ero fue llamado a servir como pastor interino de la Primera Iglesia Bautista (ubicaba en aquel entonces en Hoboken) en octubre del a\u00f1o 1977. Despu\u00e9s de una evaluaci\u00f3n de su vida seg\u00fan los requisitos de 1 Timoteo 3 y Tito 1:5-9, fue reconocido por la iglesia y llamado oficialmente a ser su pastor, en febrero del 1978. Continu\u00f3 benefici\u00e1ndose de los consejos del Pastor Martin durante muchos a\u00f1os y, como resultado, la iglesia conoci\u00f3 con mayor exactitud las ense\u00f1anzas b\u00edblicas y comenz\u00f3 a aplicarlas a su vida personal, familiar y eclesi\u00e1stica. Lamentablemente, muchas de las perspectivas b\u00edblicas m\u00e1s fundamentales se han perdido de vista en el cristianismo de hoy, de tal forma que a veces el cristianismo b\u00edblico, genuino, e hist\u00f3rico puede parecer novedoso. Sin embargo, Dios comenz\u00f3 a bendecir los esfuerzos del Pastor Pi\u00f1ero de tal forma que otros pastores comenzaron a buscar sus consejos y su ayuda, de ah\u00ed que ha podido compartir con otros lo que \u00e9l ha recibido. La aplicaci\u00f3n de estos consejos ha contribuido al establecimiento de ministerios b\u00edblicos que han comenzado un proceso de reforma b\u00edblica en la vida eclesi\u00e1stica, familiar y personal con un nuevo entendimiento y compromiso. Una de las perspectivas fundamentales que el Pastor Pi\u00f1ero aprendi\u00f3 del ministerio de la iglesia bautista Trinity es que debemos seguir las Escrituras por dondequiera que nos dirigan. Sea \u00e9sta nuestra perspectiva como iglesia, todos los d\u00edas de nuestro peregrinaje terrenal.","og_url":"https:\/\/ibrnb.org\/es\/eugenio-pinero\/","og_site_name":"Iglesia Bautista Reformada de North Bergen","article_publisher":"https:\/\/www.facebook.com\/profile.php?id=100064443055881","article_modified_time":"2026-01-09T02:20:01+00:00","og_image":[{"width":1024,"height":1536,"url":"https:\/\/ibrnb.org\/wp-content\/uploads\/2026\/01\/epinero.png","type":"image\/png"}],"twitter_card":"summary_large_image","twitter_misc":{"Tiempo de lectura":"2 minutos"},"schema":{"@context":"https:\/\/schema.org","@graph":[{"@type":"WebPage","@id":"https:\/\/ibrnb.org\/eugenio-pinero\/","url":"https:\/\/ibrnb.org\/eugenio-pinero\/","name":"Eugenio Pi\u00f1ero - Iglesia Bautista Reformada de North Bergen","isPartOf":{"@id":"https:\/\/ibrnb.org\/es\/#website"},"primaryImageOfPage":{"@id":"https:\/\/ibrnb.org\/eugenio-pinero\/#primaryimage"},"image":{"@id":"https:\/\/ibrnb.org\/eugenio-pinero\/#primaryimage"},"thumbnailUrl":"https:\/\/ibrnb.org\/wp-content\/uploads\/2026\/01\/epinero.png","datePublished":"2025-04-23T03:41:54+00:00","dateModified":"2026-01-09T02:20:01+00:00","breadcrumb":{"@id":"https:\/\/ibrnb.org\/eugenio-pinero\/#breadcrumb"},"inLanguage":"es","potentialAction":[{"@type":"ReadAction","target":["https:\/\/ibrnb.org\/eugenio-pinero\/"]}]},{"@type":"ImageObject","inLanguage":"es","@id":"https:\/\/ibrnb.org\/eugenio-pinero\/#primaryimage","url":"https:\/\/ibrnb.org\/wp-content\/uploads\/2026\/01\/epinero.png","contentUrl":"https:\/\/ibrnb.org\/wp-content\/uploads\/2026\/01\/epinero.png"},{"@type":"BreadcrumbList","@id":"https:\/\/ibrnb.org\/eugenio-pinero\/#breadcrumb","itemListElement":[{"@type":"ListItem","position":1,"name":"Portada","item":"https:\/\/ibrnb.org\/"},{"@type":"ListItem","position":2,"name":"Eugenio Pi\u00f1ero"}]},{"@type":"WebSite","@id":"https:\/\/ibrnb.org\/es\/#website","url":"https:\/\/ibrnb.org\/es\/","name":"Iglesia Bautista Reformada de North Bergen","description":"Iglesia del Se\u00f1or Jesucristo.","publisher":{"@id":"https:\/\/ibrnb.org\/es\/#organization"},"potentialAction":[{"@type":"SearchAction","target":{"@type":"EntryPoint","urlTemplate":"https:\/\/ibrnb.org\/es\/?s={search_term_string}"},"query-input":{"@type":"PropertyValueSpecification","valueRequired":true,"valueName":"search_term_string"}}],"inLanguage":"es"},{"@type":"Organization","@id":"https:\/\/ibrnb.org\/es\/#organization","name":"Iglesia Bautista Reformada de North Bergen","url":"https:\/\/ibrnb.org\/es\/","logo":{"@type":"ImageObject","inLanguage":"es","@id":"https:\/\/ibrnb.org\/es\/#\/schema\/logo\/image\/","url":"https:\/\/i0.wp.com\/ibrnb.org\/wp-content\/uploads\/2025\/03\/Iglesia_Logo_Calado-e1744687663107.png?fit=925%2C510&ssl=1","contentUrl":"https:\/\/i0.wp.com\/ibrnb.org\/wp-content\/uploads\/2025\/03\/Iglesia_Logo_Calado-e1744687663107.png?fit=925%2C510&ssl=1","width":925,"height":510,"caption":"Iglesia Bautista Reformada de North Bergen"},"image":{"@id":"https:\/\/ibrnb.org\/es\/#\/schema\/logo\/image\/"},"sameAs":["https:\/\/www.facebook.com\/profile.php?id=100064443055881"]}]}},"_links":{"self":[{"href":"https:\/\/ibrnb.org\/es\/wp-json\/wp\/v2\/pages\/28590","targetHints":{"allow":["GET"]}}],"collection":[{"href":"https:\/\/ibrnb.org\/es\/wp-json\/wp\/v2\/pages"}],"about":[{"href":"https:\/\/ibrnb.org\/es\/wp-json\/wp\/v2\/types\/page"}],"author":[{"embeddable":true,"href":"https:\/\/ibrnb.org\/es\/wp-json\/wp\/v2\/users\/1"}],"replies":[{"embeddable":true,"href":"https:\/\/ibrnb.org\/es\/wp-json\/wp\/v2\/comments?post=28590"}],"version-history":[{"count":26,"href":"https:\/\/ibrnb.org\/es\/wp-json\/wp\/v2\/pages\/28590\/revisions"}],"predecessor-version":[{"id":33190,"href":"https:\/\/ibrnb.org\/es\/wp-json\/wp\/v2\/pages\/28590\/revisions\/33190"}],"wp:attachment":[{"href":"https:\/\/ibrnb.org\/es\/wp-json\/wp\/v2\/media?parent=28590"}],"curies":[{"name":"wp","href":"https:\/\/api.w.org\/{rel}","templated":true}]}}