{"id":23794,"date":"2025-03-25T23:07:32","date_gmt":"2025-03-25T23:07:32","guid":{"rendered":"https:\/\/ibrnb.org\/?page_id=23794"},"modified":"2025-03-26T20:51:18","modified_gmt":"2025-03-26T20:51:18","slug":"cap-24-de-las-autoridades-civiles","status":"publish","type":"page","link":"https:\/\/ibrnb.org\/es\/cap-24-de-las-autoridades-civiles\/","title":{"rendered":"Cap. 24: De las autoridades civiles"},"content":{"rendered":"\t\t<div data-elementor-type=\"wp-page\" data-elementor-id=\"23794\" class=\"elementor elementor-23794\">\n\t\t\t\t<div class=\"elementor-element elementor-element-1bb3564e e-flex e-con-boxed wpr-particle-no wpr-jarallax-no wpr-parallax-no wpr-sticky-section-no wpr-column-slider-no wpr-equal-height-no e-con e-parent\" data-id=\"1bb3564e\" data-element_type=\"container\" data-e-type=\"container\">\n\t\t\t\t\t<div class=\"e-con-inner\">\n\t\t\t\t<div class=\"elementor-element elementor-element-37fa05aa elementor-widget elementor-widget-text-editor\" data-id=\"37fa05aa\" data-element_type=\"widget\" data-e-type=\"widget\" data-widget_type=\"text-editor.default\">\n\t\t\t\t<div class=\"elementor-widget-container\">\n\t\t\t\t\t\t\t\t\t<p><a href=\"https:\/\/ibrnb.org\/historia\/\">Historia<\/a> | <a href=\"https:\/\/ibrnb.org\/creencias\/\">Creencias<\/a> | <a href=\"https:\/\/ibrnb.org\/evangelio\/\">Evangelio<\/a>\u00a0| <strong><a href=\"https:\/\/ibrnb.org\/confesion-de-fe-2\/\">Confesi\u00f3n de fe<\/a><\/strong> | <a href=\"https:\/\/ibrnb.org\/liderazgo\/\">Liderazgo<\/a> | <a href=\"https:\/\/ibrnb.org\/contacto-2\/\">Contacto<\/a><\/p>\t\t\t\t\t\t\t\t<\/div>\n\t\t\t\t<\/div>\n\t\t\t\t\t<\/div>\n\t\t\t\t<\/div>\n\t\t<div class=\"elementor-element elementor-element-19e7af59 e-flex e-con-boxed wpr-particle-no wpr-jarallax-no wpr-parallax-no wpr-sticky-section-no wpr-column-slider-no wpr-equal-height-no e-con e-parent\" data-id=\"19e7af59\" data-element_type=\"container\" data-e-type=\"container\">\n\t\t\t\t\t<div class=\"e-con-inner\">\n\t\t<div class=\"elementor-element elementor-element-1f70f011 e-con-full e-flex wpr-particle-no wpr-jarallax-no wpr-parallax-no wpr-sticky-section-no wpr-column-slider-no wpr-equal-height-no e-con e-child\" data-id=\"1f70f011\" data-element_type=\"container\" data-e-type=\"container\">\n\t\t\t\t<div class=\"elementor-element elementor-element-0a69d90 elementor-widget__width-initial elementor-widget elementor-widget-text-editor\" data-id=\"0a69d90\" data-element_type=\"widget\" data-e-type=\"widget\" data-widget_type=\"text-editor.default\">\n\t\t\t\t<div class=\"elementor-widget-container\">\n\t\t\t\t\t\t\t\t\t<p><a href=\"https:\/\/ibrnb.org\/introduccion-la-legitimidad-y-el-uso-de-las-confesiones\/\">Introducci\u00f3n: La legitimidad y el uso de las confesiones<\/a><br \/><a href=\"https:\/\/ibrnb.org\/cap-1-las-santas-escrituras\/\">Cap. 1: Las Santas Escrituras<\/a><br \/><a href=\"https:\/\/ibrnb.org\/cap-2-de-dios-y-de-la-santa-trinidad\/\">Cap. 2: De Dios y de la Santa Trinidad<\/a><br \/><a href=\"https:\/\/ibrnb.org\/cap-3-del-decreto-de-dios\/\">Cap. 3: Del decreto de Dios<\/a><br \/><a href=\"https:\/\/ibrnb.org\/cap-4-de-la-creacion\/\">Cap. 4: De la creaci\u00f3n<\/a><br \/><a href=\"https:\/\/ibrnb.org\/cap-5-de-la-divina-providencia\/\">Cap. 5: De la divina providencia<\/a><br \/><a href=\"https:\/\/ibrnb.org\/cap-6-de-la-caida-del-hombre-del-pecado-y-su-castigo\/\">Cap. 6: De la Ca\u00edda del hombre, del pecado y su castigo<\/a><br \/><a href=\"https:\/\/ibrnb.org\/cap-7-del-pacto-de-dios\/\">Cap. 7: Del pacto de Dios<\/a><br \/><a href=\"https:\/\/ibrnb.org\/cap-8-de-cristo-el-mediador\/\">Cap. 8: De Cristo el Mediador<\/a><br \/><a href=\"https:\/\/ibrnb.org\/cap-9-del-libre-albedrio\/\">Cap. 9: Del libre albedr\u00edo<\/a><br \/><a href=\"https:\/\/ibrnb.org\/cap-10-del-llamamiento-eficaz\/\">Cap. 10: Del llamamiento eficaz<\/a><br \/><a href=\"https:\/\/ibrnb.org\/cap-11-de-la-justificacion\/\">Cap. 11: De la justificaci\u00f3n<\/a><br \/><a href=\"https:\/\/ibrnb.org\/cap-12-de-la-adopcion\/\">Cap. 12: De la adopci\u00f3n<\/a><br \/><a href=\"https:\/\/ibrnb.org\/cap-13-de-la-santificacion\/\">Cap. 13: De la santificaci\u00f3n<\/a><br \/><a href=\"https:\/\/ibrnb.org\/cap-14-de-la-fe-salvadora\/\">Cap. 14: De la fe salvadora<\/a><br \/><a href=\"https:\/\/ibrnb.org\/cap-15-del-arrepentimiento-para-vida-y-salvacion\/\">Cap. 15: Del arrepentimiento para vida y salvaci\u00f3n<\/a><br \/><a href=\"https:\/\/ibrnb.org\/cap-16-de-las-buenas-obras\/\">Cap. 16: De las buenas obras<\/a><br \/><a href=\"https:\/\/ibrnb.org\/cap-17-de-la-perseverancia-de-los-santos\/\">Cap. 17: De la perseverancia de los santos<\/a><br \/><a href=\"https:\/\/ibrnb.org\/cap-18-de-la-seguridad-de-la-gracia-y-de-la-salvacion\/\">Cap. 18: De la seguridad de la gracia y de la salvaci\u00f3n<\/a><br \/><a href=\"https:\/\/ibrnb.org\/cap-19-de-la-ley-de-dios\/\">Cap. 19: De la ley de Dios<\/a><br \/><a href=\"https:\/\/ibrnb.org\/cap-20-del-evangelio-y-del-alcance-de-su-gracia\/\">Cap. 20: Del evangelio y del alcance de su gracia<\/a><br \/><a href=\"https:\/\/ibrnb.org\/cap-21-de-la-libertad-cristiana-y-de-la-libertad-de-conciencia\/\">Cap. 21: De la libertad cristiana y de la libertad de conciencia<\/a><br \/><a href=\"https:\/\/ibrnb.org\/cap-22-de-la-adoracion-religiosa-y-del-dia-de-reposo\/\">Cap. 22: De la adoraci\u00f3n religiosa y del d\u00eda de reposo<\/a><br \/><a href=\"https:\/\/ibrnb.org\/cap-23-de-los-juramentos-y-votos-licitos\/\">Cap. 23: De los juramentos y votos l\u00edcitos<\/a><br \/><a href=\"https:\/\/ibrnb.org\/cap-24-de-las-autoridades-civiles\/\">Cap. 24: De las autoridades civiles<\/a><br \/><a href=\"https:\/\/ibrnb.org\/cap-25-del-matrimonio\/\">Cap. 25: Del matrimonio<\/a><br \/><a href=\"https:\/\/ibrnb.org\/cap-26-de-la-iglesia\/\">Cap. 26: De la Iglesia<\/a><br \/><a href=\"https:\/\/ibrnb.org\/cap-27-de-la-comunion-de-los-santos\/\">Cap. 27: De la comuni\u00f3n de los santos<\/a><br \/><a href=\"https:\/\/ibrnb.org\/cap-28-del-bautismo-y-la-cena-del-senor\/\">Cap. 28: Del bautismo y la Cena del Se\u00f1or<\/a><br \/><a href=\"https:\/\/ibrnb.org\/cap-29-del-bautismo\/\">Cap. 29: Del bautismo<\/a><br \/><a href=\"https:\/\/ibrnb.org\/cap-30-de-la-cena-del-senor\/\">Cap. 30: De la Cena del Se\u00f1or<\/a><br \/><a href=\"https:\/\/ibrnb.org\/cap-31-del-estado-del-hombre-despues-de-lamuerte-y-de-la-resurreccion-de-los-muertos\/\">Cap. 31: Del estado del hombre despu\u00e9s de la muerte y de la resurrecci\u00f3n de los muertos<\/a><br \/><a href=\"https:\/\/ibrnb.org\/cap-32-del-juicio-final\/\">Cap. 32: Del juicio final<\/a><\/p>\t\t\t\t\t\t\t\t<\/div>\n\t\t\t\t<\/div>\n\t\t\t\t<\/div>\n\t\t<div class=\"elementor-element elementor-element-51c96a7b e-con-full e-flex wpr-particle-no wpr-jarallax-no wpr-parallax-no wpr-sticky-section-no wpr-column-slider-no wpr-equal-height-no e-con e-child\" data-id=\"51c96a7b\" data-element_type=\"container\" data-e-type=\"container\">\n\t\t\t\t<div class=\"elementor-element elementor-element-4b425d55 elementor-widget elementor-widget-text-editor\" data-id=\"4b425d55\" data-element_type=\"widget\" data-e-type=\"widget\" data-widget_type=\"text-editor.default\">\n\t\t\t\t<div class=\"elementor-widget-container\">\n\t\t\t\t\t\t\t\t\t<div align=\"left\"><p class=\"has-medium-font-size\"><strong>CAP\u00cdTULO 24<\/strong><br \/><em><sup>De las autoridades civiles<\/sup><\/em><\/p><p>1. Dios, el Se\u00f1or y Rey supremo de todo el mundo, ha establecido a autoridades civiles que, sujetas a \u00c9l, gobiernen sobre el pueblo, y que lo hagan para Su propia gloria y el bien p\u00fablico; y con ese fin las ha armado con el poder de la espada, para la defensa y est\u00edmulo de los que hacen lo bueno, y para castigo de los que hacen lo malo.<\/p><p>2. Es l\u00edcito para los cristianos aceptar y ejercer el oficio de gobernante o funcionario cuando sean llamados a ello. En el ejercicio del mismo deber\u00e1n mantener especialmente la justicia y la paz seg\u00fan las buenas leyes de cada reino o estado; y con este prop\u00f3sito, ahora en el Nuevo Testamento, pueden hacer la guerra l\u00edcitamente en ocasiones justas y necesarias.<\/p><p>3. Habiendo sido colocadas por Dios para los fines ya mencionados, debemos a las autoridades civiles sujeci\u00f3n en el Se\u00f1or en todas las cosas l\u00edcitas que nos ordenen, no solo por causa de la ira, sino tambi\u00e9n de la consciencia; y debemos elevar s\u00faplicas y oraciones por los reyes y por todos los que est\u00e1n en autoridad, para que bajo su gobierno podamos vivir una vida quieta y reposada, con toda piedad y honestidad.<\/p><\/div>\t\t\t\t\t\t\t\t<\/div>\n\t\t\t\t<\/div>\n\t\t\t\t<\/div>\n\t\t\t\t\t<\/div>\n\t\t\t\t<\/div>\n\t\t\t\t<\/div>\n\t\t","protected":false},"excerpt":{"rendered":"<p>Historia | Creencias | Evangelio\u00a0| Confesi\u00f3n de fe | Liderazgo | Contacto Introducci\u00f3n: La legitimidad y el uso de las confesionesCap. 1: Las Santas EscriturasCap. 2: De Dios y de la Santa TrinidadCap. 3: Del decreto de DiosCap. 4: De la creaci\u00f3nCap. 5: De la divina providenciaCap. 6: De la Ca\u00edda del hombre, del pecado y su castigoCap. 7: Del pacto de DiosCap. 8: De Cristo el MediadorCap. 9: Del libre albedr\u00edoCap. 10: Del llamamiento eficazCap. 11: De la justificaci\u00f3nCap. 12: De la adopci\u00f3nCap. 13: De la santificaci\u00f3nCap. 14: De la fe salvadoraCap. 15: Del arrepentimiento para vida y salvaci\u00f3nCap. 16: De las buenas obrasCap. 17: De la perseverancia de los santosCap. 18: De la seguridad de la gracia y de la salvaci\u00f3nCap. 19: De la ley de DiosCap. 20: Del evangelio y del alcance de su graciaCap. 21: De la libertad cristiana y de la libertad de concienciaCap. 22: De la adoraci\u00f3n religiosa y del d\u00eda de reposoCap. 23: De los juramentos y votos l\u00edcitosCap. 24: De las autoridades civilesCap. 25: Del matrimonioCap. 26: De la IglesiaCap. 27: De la comuni\u00f3n de los santosCap. 28: Del bautismo y la Cena del Se\u00f1orCap. 29: Del bautismoCap. 30: De la Cena del Se\u00f1orCap. 31: Del estado del hombre despu\u00e9s de la muerte y de la resurrecci\u00f3n de los muertosCap. 32: Del juicio final CAP\u00cdTULO 24De las autoridades civiles 1. Dios, el Se\u00f1or y Rey supremo de todo el mundo, ha establecido a autoridades civiles que, sujetas a \u00c9l, gobiernen sobre el pueblo, y que lo hagan para Su propia gloria y el bien p\u00fablico; y con ese fin las ha armado con el poder de la espada, para la defensa y est\u00edmulo de los que hacen lo bueno, y para castigo de los que hacen lo malo. 2. Es l\u00edcito para los cristianos aceptar y ejercer el oficio de gobernante o funcionario cuando sean llamados a ello. En el ejercicio del mismo deber\u00e1n mantener especialmente la justicia y la paz seg\u00fan las buenas leyes de cada reino o estado; y con este prop\u00f3sito, ahora en el Nuevo Testamento, pueden hacer la guerra l\u00edcitamente en ocasiones justas y necesarias. 3. Habiendo sido colocadas por Dios para los fines ya mencionados, debemos a las autoridades civiles sujeci\u00f3n en el Se\u00f1or en todas las cosas l\u00edcitas que nos ordenen, no solo por causa de la ira, sino tambi\u00e9n de la consciencia; y debemos elevar s\u00faplicas y oraciones por los reyes y por todos los que est\u00e1n en autoridad, para que bajo su gobierno podamos vivir una vida quieta y reposada, con toda piedad y honestidad.<\/p>\n","protected":false},"author":1,"featured_media":0,"parent":0,"menu_order":0,"comment_status":"closed","ping_status":"closed","template":"","meta":{"footnotes":""},"class_list":["post-23794","page","type-page","status-publish","hentry"],"yoast_head":"<!-- This site is optimized with the Yoast SEO plugin v27.5 - https:\/\/yoast.com\/product\/yoast-seo-wordpress\/ -->\n<title>Cap. 24: De las autoridades civiles - Iglesia Bautista Reformada de North Bergen<\/title>\n<meta name=\"robots\" content=\"index, follow, max-snippet:-1, max-image-preview:large, max-video-preview:-1\" \/>\n<link rel=\"canonical\" href=\"https:\/\/ibrnb.org\/es\/cap-24-de-las-autoridades-civiles\/\" \/>\n<meta property=\"og:locale\" content=\"es_ES\" \/>\n<meta property=\"og:type\" content=\"article\" \/>\n<meta property=\"og:title\" content=\"Cap. 24: De las autoridades civiles - Iglesia Bautista Reformada de North Bergen\" \/>\n<meta property=\"og:description\" content=\"Historia | Creencias | Evangelio\u00a0| Confesi\u00f3n de fe | Liderazgo | Contacto Introducci\u00f3n: La legitimidad y el uso de las confesionesCap. 1: Las Santas EscriturasCap. 2: De Dios y de la Santa TrinidadCap. 3: Del decreto de DiosCap. 4: De la creaci\u00f3nCap. 5: De la divina providenciaCap. 6: De la Ca\u00edda del hombre, del pecado y su castigoCap. 7: Del pacto de DiosCap. 8: De Cristo el MediadorCap. 9: Del libre albedr\u00edoCap. 10: Del llamamiento eficazCap. 11: De la justificaci\u00f3nCap. 12: De la adopci\u00f3nCap. 13: De la santificaci\u00f3nCap. 14: De la fe salvadoraCap. 15: Del arrepentimiento para vida y salvaci\u00f3nCap. 16: De las buenas obrasCap. 17: De la perseverancia de los santosCap. 18: De la seguridad de la gracia y de la salvaci\u00f3nCap. 19: De la ley de DiosCap. 20: Del evangelio y del alcance de su graciaCap. 21: De la libertad cristiana y de la libertad de concienciaCap. 22: De la adoraci\u00f3n religiosa y del d\u00eda de reposoCap. 23: De los juramentos y votos l\u00edcitosCap. 24: De las autoridades civilesCap. 25: Del matrimonioCap. 26: De la IglesiaCap. 27: De la comuni\u00f3n de los santosCap. 28: Del bautismo y la Cena del Se\u00f1orCap. 29: Del bautismoCap. 30: De la Cena del Se\u00f1orCap. 31: Del estado del hombre despu\u00e9s de la muerte y de la resurrecci\u00f3n de los muertosCap. 32: Del juicio final CAP\u00cdTULO 24De las autoridades civiles 1. Dios, el Se\u00f1or y Rey supremo de todo el mundo, ha establecido a autoridades civiles que, sujetas a \u00c9l, gobiernen sobre el pueblo, y que lo hagan para Su propia gloria y el bien p\u00fablico; y con ese fin las ha armado con el poder de la espada, para la defensa y est\u00edmulo de los que hacen lo bueno, y para castigo de los que hacen lo malo. 2. Es l\u00edcito para los cristianos aceptar y ejercer el oficio de gobernante o funcionario cuando sean llamados a ello. En el ejercicio del mismo deber\u00e1n mantener especialmente la justicia y la paz seg\u00fan las buenas leyes de cada reino o estado; y con este prop\u00f3sito, ahora en el Nuevo Testamento, pueden hacer la guerra l\u00edcitamente en ocasiones justas y necesarias. 3. Habiendo sido colocadas por Dios para los fines ya mencionados, debemos a las autoridades civiles sujeci\u00f3n en el Se\u00f1or en todas las cosas l\u00edcitas que nos ordenen, no solo por causa de la ira, sino tambi\u00e9n de la consciencia; y debemos elevar s\u00faplicas y oraciones por los reyes y por todos los que est\u00e1n en autoridad, para que bajo su gobierno podamos vivir una vida quieta y reposada, con toda piedad y honestidad.\" \/>\n<meta property=\"og:url\" content=\"https:\/\/ibrnb.org\/es\/cap-24-de-las-autoridades-civiles\/\" \/>\n<meta property=\"og:site_name\" content=\"Iglesia Bautista Reformada de North Bergen\" \/>\n<meta property=\"article:publisher\" content=\"https:\/\/www.facebook.com\/profile.php?id=100064443055881\" \/>\n<meta property=\"article:modified_time\" content=\"2025-03-26T20:51:18+00:00\" \/>\n<meta name=\"twitter:card\" content=\"summary_large_image\" \/>\n<meta name=\"twitter:label1\" content=\"Tiempo de lectura\" \/>\n\t<meta name=\"twitter:data1\" content=\"2 minutos\" \/>\n<script type=\"application\/ld+json\" class=\"yoast-schema-graph\">{\"@context\":\"https:\\\/\\\/schema.org\",\"@graph\":[{\"@type\":\"WebPage\",\"@id\":\"https:\\\/\\\/ibrnb.org\\\/cap-24-de-las-autoridades-civiles\\\/\",\"url\":\"https:\\\/\\\/ibrnb.org\\\/cap-24-de-las-autoridades-civiles\\\/\",\"name\":\"Cap. 24: De las autoridades civiles - Iglesia Bautista Reformada de North Bergen\",\"isPartOf\":{\"@id\":\"https:\\\/\\\/ibrnb.org\\\/es\\\/#website\"},\"datePublished\":\"2025-03-25T23:07:32+00:00\",\"dateModified\":\"2025-03-26T20:51:18+00:00\",\"breadcrumb\":{\"@id\":\"https:\\\/\\\/ibrnb.org\\\/cap-24-de-las-autoridades-civiles\\\/#breadcrumb\"},\"inLanguage\":\"es\",\"potentialAction\":[{\"@type\":\"ReadAction\",\"target\":[\"https:\\\/\\\/ibrnb.org\\\/cap-24-de-las-autoridades-civiles\\\/\"]}]},{\"@type\":\"BreadcrumbList\",\"@id\":\"https:\\\/\\\/ibrnb.org\\\/cap-24-de-las-autoridades-civiles\\\/#breadcrumb\",\"itemListElement\":[{\"@type\":\"ListItem\",\"position\":1,\"name\":\"Portada\",\"item\":\"https:\\\/\\\/ibrnb.org\\\/\"},{\"@type\":\"ListItem\",\"position\":2,\"name\":\"Cap. 24: De las autoridades civiles\"}]},{\"@type\":\"WebSite\",\"@id\":\"https:\\\/\\\/ibrnb.org\\\/es\\\/#website\",\"url\":\"https:\\\/\\\/ibrnb.org\\\/es\\\/\",\"name\":\"Iglesia Bautista Reformada de North Bergen\",\"description\":\"Iglesia del Se\u00f1or Jesucristo.\",\"publisher\":{\"@id\":\"https:\\\/\\\/ibrnb.org\\\/es\\\/#organization\"},\"potentialAction\":[{\"@type\":\"SearchAction\",\"target\":{\"@type\":\"EntryPoint\",\"urlTemplate\":\"https:\\\/\\\/ibrnb.org\\\/es\\\/?s={search_term_string}\"},\"query-input\":{\"@type\":\"PropertyValueSpecification\",\"valueRequired\":true,\"valueName\":\"search_term_string\"}}],\"inLanguage\":\"es\"},{\"@type\":\"Organization\",\"@id\":\"https:\\\/\\\/ibrnb.org\\\/es\\\/#organization\",\"name\":\"Iglesia Bautista Reformada de North Bergen\",\"url\":\"https:\\\/\\\/ibrnb.org\\\/es\\\/\",\"logo\":{\"@type\":\"ImageObject\",\"inLanguage\":\"es\",\"@id\":\"https:\\\/\\\/ibrnb.org\\\/es\\\/#\\\/schema\\\/logo\\\/image\\\/\",\"url\":\"https:\\\/\\\/i0.wp.com\\\/ibrnb.org\\\/wp-content\\\/uploads\\\/2025\\\/03\\\/Iglesia_Logo_Calado-e1744687663107.png?fit=925%2C510&ssl=1\",\"contentUrl\":\"https:\\\/\\\/i0.wp.com\\\/ibrnb.org\\\/wp-content\\\/uploads\\\/2025\\\/03\\\/Iglesia_Logo_Calado-e1744687663107.png?fit=925%2C510&ssl=1\",\"width\":925,\"height\":510,\"caption\":\"Iglesia Bautista Reformada de North Bergen\"},\"image\":{\"@id\":\"https:\\\/\\\/ibrnb.org\\\/es\\\/#\\\/schema\\\/logo\\\/image\\\/\"},\"sameAs\":[\"https:\\\/\\\/www.facebook.com\\\/profile.php?id=100064443055881\"]}]}<\/script>\n<!-- \/ Yoast SEO plugin. -->","yoast_head_json":{"title":"Cap. 24: De las autoridades civiles - Iglesia Bautista Reformada de North Bergen","robots":{"index":"index","follow":"follow","max-snippet":"max-snippet:-1","max-image-preview":"max-image-preview:large","max-video-preview":"max-video-preview:-1"},"canonical":"https:\/\/ibrnb.org\/es\/cap-24-de-las-autoridades-civiles\/","og_locale":"es_ES","og_type":"article","og_title":"Cap. 24: De las autoridades civiles - Iglesia Bautista Reformada de North Bergen","og_description":"Historia | Creencias | Evangelio\u00a0| Confesi\u00f3n de fe | Liderazgo | Contacto Introducci\u00f3n: La legitimidad y el uso de las confesionesCap. 1: Las Santas EscriturasCap. 2: De Dios y de la Santa TrinidadCap. 3: Del decreto de DiosCap. 4: De la creaci\u00f3nCap. 5: De la divina providenciaCap. 6: De la Ca\u00edda del hombre, del pecado y su castigoCap. 7: Del pacto de DiosCap. 8: De Cristo el MediadorCap. 9: Del libre albedr\u00edoCap. 10: Del llamamiento eficazCap. 11: De la justificaci\u00f3nCap. 12: De la adopci\u00f3nCap. 13: De la santificaci\u00f3nCap. 14: De la fe salvadoraCap. 15: Del arrepentimiento para vida y salvaci\u00f3nCap. 16: De las buenas obrasCap. 17: De la perseverancia de los santosCap. 18: De la seguridad de la gracia y de la salvaci\u00f3nCap. 19: De la ley de DiosCap. 20: Del evangelio y del alcance de su graciaCap. 21: De la libertad cristiana y de la libertad de concienciaCap. 22: De la adoraci\u00f3n religiosa y del d\u00eda de reposoCap. 23: De los juramentos y votos l\u00edcitosCap. 24: De las autoridades civilesCap. 25: Del matrimonioCap. 26: De la IglesiaCap. 27: De la comuni\u00f3n de los santosCap. 28: Del bautismo y la Cena del Se\u00f1orCap. 29: Del bautismoCap. 30: De la Cena del Se\u00f1orCap. 31: Del estado del hombre despu\u00e9s de la muerte y de la resurrecci\u00f3n de los muertosCap. 32: Del juicio final CAP\u00cdTULO 24De las autoridades civiles 1. Dios, el Se\u00f1or y Rey supremo de todo el mundo, ha establecido a autoridades civiles que, sujetas a \u00c9l, gobiernen sobre el pueblo, y que lo hagan para Su propia gloria y el bien p\u00fablico; y con ese fin las ha armado con el poder de la espada, para la defensa y est\u00edmulo de los que hacen lo bueno, y para castigo de los que hacen lo malo. 2. Es l\u00edcito para los cristianos aceptar y ejercer el oficio de gobernante o funcionario cuando sean llamados a ello. En el ejercicio del mismo deber\u00e1n mantener especialmente la justicia y la paz seg\u00fan las buenas leyes de cada reino o estado; y con este prop\u00f3sito, ahora en el Nuevo Testamento, pueden hacer la guerra l\u00edcitamente en ocasiones justas y necesarias. 3. Habiendo sido colocadas por Dios para los fines ya mencionados, debemos a las autoridades civiles sujeci\u00f3n en el Se\u00f1or en todas las cosas l\u00edcitas que nos ordenen, no solo por causa de la ira, sino tambi\u00e9n de la consciencia; y debemos elevar s\u00faplicas y oraciones por los reyes y por todos los que est\u00e1n en autoridad, para que bajo su gobierno podamos vivir una vida quieta y reposada, con toda piedad y honestidad.","og_url":"https:\/\/ibrnb.org\/es\/cap-24-de-las-autoridades-civiles\/","og_site_name":"Iglesia Bautista Reformada de North Bergen","article_publisher":"https:\/\/www.facebook.com\/profile.php?id=100064443055881","article_modified_time":"2025-03-26T20:51:18+00:00","twitter_card":"summary_large_image","twitter_misc":{"Tiempo de lectura":"2 minutos"},"schema":{"@context":"https:\/\/schema.org","@graph":[{"@type":"WebPage","@id":"https:\/\/ibrnb.org\/cap-24-de-las-autoridades-civiles\/","url":"https:\/\/ibrnb.org\/cap-24-de-las-autoridades-civiles\/","name":"Cap. 24: De las autoridades civiles - Iglesia Bautista Reformada de North Bergen","isPartOf":{"@id":"https:\/\/ibrnb.org\/es\/#website"},"datePublished":"2025-03-25T23:07:32+00:00","dateModified":"2025-03-26T20:51:18+00:00","breadcrumb":{"@id":"https:\/\/ibrnb.org\/cap-24-de-las-autoridades-civiles\/#breadcrumb"},"inLanguage":"es","potentialAction":[{"@type":"ReadAction","target":["https:\/\/ibrnb.org\/cap-24-de-las-autoridades-civiles\/"]}]},{"@type":"BreadcrumbList","@id":"https:\/\/ibrnb.org\/cap-24-de-las-autoridades-civiles\/#breadcrumb","itemListElement":[{"@type":"ListItem","position":1,"name":"Portada","item":"https:\/\/ibrnb.org\/"},{"@type":"ListItem","position":2,"name":"Cap. 24: De las autoridades civiles"}]},{"@type":"WebSite","@id":"https:\/\/ibrnb.org\/es\/#website","url":"https:\/\/ibrnb.org\/es\/","name":"Iglesia Bautista Reformada de North Bergen","description":"Iglesia del Se\u00f1or Jesucristo.","publisher":{"@id":"https:\/\/ibrnb.org\/es\/#organization"},"potentialAction":[{"@type":"SearchAction","target":{"@type":"EntryPoint","urlTemplate":"https:\/\/ibrnb.org\/es\/?s={search_term_string}"},"query-input":{"@type":"PropertyValueSpecification","valueRequired":true,"valueName":"search_term_string"}}],"inLanguage":"es"},{"@type":"Organization","@id":"https:\/\/ibrnb.org\/es\/#organization","name":"Iglesia Bautista Reformada de North Bergen","url":"https:\/\/ibrnb.org\/es\/","logo":{"@type":"ImageObject","inLanguage":"es","@id":"https:\/\/ibrnb.org\/es\/#\/schema\/logo\/image\/","url":"https:\/\/i0.wp.com\/ibrnb.org\/wp-content\/uploads\/2025\/03\/Iglesia_Logo_Calado-e1744687663107.png?fit=925%2C510&ssl=1","contentUrl":"https:\/\/i0.wp.com\/ibrnb.org\/wp-content\/uploads\/2025\/03\/Iglesia_Logo_Calado-e1744687663107.png?fit=925%2C510&ssl=1","width":925,"height":510,"caption":"Iglesia Bautista Reformada de North Bergen"},"image":{"@id":"https:\/\/ibrnb.org\/es\/#\/schema\/logo\/image\/"},"sameAs":["https:\/\/www.facebook.com\/profile.php?id=100064443055881"]}]}},"_links":{"self":[{"href":"https:\/\/ibrnb.org\/es\/wp-json\/wp\/v2\/pages\/23794","targetHints":{"allow":["GET"]}}],"collection":[{"href":"https:\/\/ibrnb.org\/es\/wp-json\/wp\/v2\/pages"}],"about":[{"href":"https:\/\/ibrnb.org\/es\/wp-json\/wp\/v2\/types\/page"}],"author":[{"embeddable":true,"href":"https:\/\/ibrnb.org\/es\/wp-json\/wp\/v2\/users\/1"}],"replies":[{"embeddable":true,"href":"https:\/\/ibrnb.org\/es\/wp-json\/wp\/v2\/comments?post=23794"}],"version-history":[{"count":5,"href":"https:\/\/ibrnb.org\/es\/wp-json\/wp\/v2\/pages\/23794\/revisions"}],"predecessor-version":[{"id":23943,"href":"https:\/\/ibrnb.org\/es\/wp-json\/wp\/v2\/pages\/23794\/revisions\/23943"}],"wp:attachment":[{"href":"https:\/\/ibrnb.org\/es\/wp-json\/wp\/v2\/media?parent=23794"}],"curies":[{"name":"wp","href":"https:\/\/api.w.org\/{rel}","templated":true}]}}