{"id":23670,"date":"2025-03-25T22:22:20","date_gmt":"2025-03-25T22:22:20","guid":{"rendered":"https:\/\/ibrnb.org\/?page_id=23670"},"modified":"2025-03-28T02:35:39","modified_gmt":"2025-03-28T02:35:39","slug":"cap-4-de-la-creacion","status":"publish","type":"page","link":"https:\/\/ibrnb.org\/es\/cap-4-de-la-creacion\/","title":{"rendered":"Cap. 4: De la creaci\u00f3n"},"content":{"rendered":"\t\t<div data-elementor-type=\"wp-page\" data-elementor-id=\"23670\" class=\"elementor elementor-23670\">\n\t\t\t\t<div class=\"elementor-element elementor-element-393af0a2 e-flex e-con-boxed wpr-particle-no wpr-jarallax-no wpr-parallax-no wpr-sticky-section-no wpr-column-slider-no wpr-equal-height-no e-con e-parent\" data-id=\"393af0a2\" data-element_type=\"container\" data-e-type=\"container\">\n\t\t\t\t\t<div class=\"e-con-inner\">\n\t\t\t\t<div class=\"elementor-element elementor-element-4b7ff066 elementor-widget elementor-widget-text-editor\" data-id=\"4b7ff066\" data-element_type=\"widget\" data-e-type=\"widget\" data-widget_type=\"text-editor.default\">\n\t\t\t\t<div class=\"elementor-widget-container\">\n\t\t\t\t\t\t\t\t\t<strong><a href=\"https:\/\/ibrnb.org\/confesion-de-fe-2\/\">Confesi\u00f3n de fe<\/a><\/strong> | Cap\u00edtulo 4, De la creaci\u00f3n\n\t\t\t\t\t\t\t\t<\/div>\n\t\t\t\t<\/div>\n\t\t\t\t\t<\/div>\n\t\t\t\t<\/div>\n\t\t<div class=\"elementor-element elementor-element-22cc54a2 e-flex e-con-boxed wpr-particle-no wpr-jarallax-no wpr-parallax-no wpr-sticky-section-no wpr-column-slider-no wpr-equal-height-no e-con e-parent\" data-id=\"22cc54a2\" data-element_type=\"container\" data-e-type=\"container\">\n\t\t\t\t\t<div class=\"e-con-inner\">\n\t\t\t\t\t<\/div>\n\t\t\t\t<\/div>\n\t\t<div class=\"elementor-element elementor-element-4295753f e-flex e-con-boxed wpr-particle-no wpr-jarallax-no wpr-parallax-no wpr-sticky-section-no wpr-column-slider-no wpr-equal-height-no e-con e-parent\" data-id=\"4295753f\" data-element_type=\"container\" data-e-type=\"container\">\n\t\t\t\t\t<div class=\"e-con-inner\">\n\t\t\t\t<div class=\"elementor-element elementor-element-11db50e elementor-widget elementor-widget-text-editor\" data-id=\"11db50e\" data-element_type=\"widget\" data-e-type=\"widget\" data-widget_type=\"text-editor.default\">\n\t\t\t\t<div class=\"elementor-widget-container\">\n\t\t\t\t\t\t\t\t\t<p><strong>1.<\/strong>\u00a0En el principio agrad\u00f3 a Dios Padre, Hijo y Esp\u00edritu Santo,<sup>1<\/sup>\u00a0para la manifestaci\u00f3n de la gloria de su poder, sabidur\u00eda y bondad eternos,<sup>2<\/sup>\u00a0crear o hacer el mundo y todas las cosas que en \u00e9l hay, ya sean visibles o invisibles,<sup>3<\/sup>\u00a0en el lapso de seis d\u00edas,<sup>4<\/sup>\u00a0y todas muy buenas.<sup>5<\/sup><\/p>\t\t\t\t\t\t\t\t<\/div>\n\t\t\t\t<\/div>\n\t\t\t\t\t<\/div>\n\t\t\t\t<\/div>\n\t\t<div class=\"elementor-element elementor-element-4745fa38 e-flex e-con-boxed wpr-particle-no wpr-jarallax-no wpr-parallax-no wpr-sticky-section-no wpr-column-slider-no wpr-equal-height-no e-con e-parent\" data-id=\"4745fa38\" data-element_type=\"container\" data-e-type=\"container\">\n\t\t\t\t\t<div class=\"e-con-inner\">\n\t\t\t\t<div class=\"elementor-element elementor-element-6be4cc36 elementor-widget elementor-widget-text-editor\" data-id=\"6be4cc36\" data-element_type=\"widget\" data-e-type=\"widget\" data-widget_type=\"text-editor.default\">\n\t\t\t\t<div class=\"elementor-widget-container\">\n\t\t\t\t\t\t\t\t\t<p>1. He. 1:2; Jn. 1:2,3; Gn. 1:2; Job 26:13; 33:4<br \/>2. Ro. 1:20; Jer. 10:12; Sal. 104:24; 33:5,6; Pr. 3:19; Hch. 14:15,16<br \/>3. Gn. 1:1; Jn. 1:2; Col. 1:16<br \/>4. Gn. 2:1-3; Ex. 20:8-11<br \/>5. Gn. 1:31; Ec. 7:29; Ro. 5:12<\/p>\t\t\t\t\t\t\t\t<\/div>\n\t\t\t\t<\/div>\n\t\t\t\t\t<\/div>\n\t\t\t\t<\/div>\n\t\t<div class=\"elementor-element elementor-element-d08d9a5 e-flex e-con-boxed wpr-particle-no wpr-jarallax-no wpr-parallax-no wpr-sticky-section-no wpr-column-slider-no wpr-equal-height-no e-con e-parent\" data-id=\"d08d9a5\" data-element_type=\"container\" data-e-type=\"container\">\n\t\t\t\t\t<div class=\"e-con-inner\">\n\t\t\t\t<div class=\"elementor-element elementor-element-651bb51 elementor-widget elementor-widget-text-editor\" data-id=\"651bb51\" data-element_type=\"widget\" data-e-type=\"widget\" data-widget_type=\"text-editor.default\">\n\t\t\t\t<div class=\"elementor-widget-container\">\n\t\t\t\t\t\t\t\t\t<p><strong>2.<\/strong>\u00a0Despu\u00e9s que Dios hubo creado todas las dem\u00e1s criaturas, cre\u00f3 al hombre, var\u00f3n y hembra, con almas racionales e inmortales, haci\u00e9ndolos aptos para aquella vida para con Dios para la cual fueron creados;<sup>1<\/sup>\u00a0siendo hechos a imagen de Dios, en conocimiento, justicia y santidad de la verdad;<sup>2<\/sup>\u00a0teniendo la ley de Dios escrita en sus corazones, y el poder para cumplirla y, sin embargo, con la posibilidad de transgredirla, por haber sido dejados a la libertad de su propia voluntad, que era mutable.<sup>3<\/sup><\/p>\t\t\t\t\t\t\t\t<\/div>\n\t\t\t\t<\/div>\n\t\t\t\t\t<\/div>\n\t\t\t\t<\/div>\n\t\t<div class=\"elementor-element elementor-element-2f2bd6e e-flex e-con-boxed wpr-particle-no wpr-jarallax-no wpr-parallax-no wpr-sticky-section-no wpr-column-slider-no wpr-equal-height-no e-con e-parent\" data-id=\"2f2bd6e\" data-element_type=\"container\" data-e-type=\"container\">\n\t\t\t\t\t<div class=\"e-con-inner\">\n\t\t\t\t<div class=\"elementor-element elementor-element-5e20230 elementor-widget elementor-widget-text-editor\" data-id=\"5e20230\" data-element_type=\"widget\" data-e-type=\"widget\" data-widget_type=\"text-editor.default\">\n\t\t\t\t<div class=\"elementor-widget-container\">\n\t\t\t\t\t\t\t\t\t<p>1. Gn. 1:27; 2:7; Stg. 2:26; Mt. 10:28; Ec. 12:7<br \/>2. Gn. 1:26,27; 5:1-3; 9:6; Ec. 7:29; 1 Co. 11:7; Stg. 3:9; Col. 3:10; Ef. 4:24<br \/>3. Ro. 1:32; 2:12a,14,15; Gn. 3:6; Ec. 7:29; Ro. 5:12<\/p>\t\t\t\t\t\t\t\t<\/div>\n\t\t\t\t<\/div>\n\t\t\t\t\t<\/div>\n\t\t\t\t<\/div>\n\t\t<div class=\"elementor-element elementor-element-b885e62 e-flex e-con-boxed wpr-particle-no wpr-jarallax-no wpr-parallax-no wpr-sticky-section-no wpr-column-slider-no wpr-equal-height-no e-con e-parent\" data-id=\"b885e62\" data-element_type=\"container\" data-e-type=\"container\">\n\t\t\t\t\t<div class=\"e-con-inner\">\n\t\t\t\t<div class=\"elementor-element elementor-element-e09ff56 elementor-widget elementor-widget-text-editor\" data-id=\"e09ff56\" data-element_type=\"widget\" data-e-type=\"widget\" data-widget_type=\"text-editor.default\">\n\t\t\t\t<div class=\"elementor-widget-container\">\n\t\t\t\t\t\t\t\t\t<p><strong>3.<\/strong>\u00a0Adem\u00e1s de la ley escrita en sus corazones, recibieron un mandato de no comer del \u00e1rbol del conocimiento del bien y del mal; y, mientras lo guardaron, fueron felices en su comuni\u00f3n con Dios y tuvieron dominio sobre las criaturas.<sup>1<\/sup><\/p>\t\t\t\t\t\t\t\t<\/div>\n\t\t\t\t<\/div>\n\t\t\t\t\t<\/div>\n\t\t\t\t<\/div>\n\t\t<div class=\"elementor-element elementor-element-27d89dd e-flex e-con-boxed wpr-particle-no wpr-jarallax-no wpr-parallax-no wpr-sticky-section-no wpr-column-slider-no wpr-equal-height-no e-con e-parent\" data-id=\"27d89dd\" data-element_type=\"container\" data-e-type=\"container\">\n\t\t\t\t\t<div class=\"e-con-inner\">\n\t\t\t\t<div class=\"elementor-element elementor-element-1b80a60 elementor-widget elementor-widget-text-editor\" data-id=\"1b80a60\" data-element_type=\"widget\" data-e-type=\"widget\" data-widget_type=\"text-editor.default\">\n\t\t\t\t<div class=\"elementor-widget-container\">\n\t\t\t\t\t\t\t\t\t<div class=\"vc_row element-row row highend_67e5cf8314471\"><div class=\"wpb_column vc_column_container vc_col-sm-12\"><div class=\"vc_column-inner\"><div class=\"wpb_wrapper\"><div class=\"wpb_text_column wpb_content_element\"><div class=\"wpb_wrapper\"><p>1. Gn. 1:26,28; 2:17<\/p><\/div><\/div><\/div><\/div><\/div><\/div>\t\t\t\t\t\t\t\t<\/div>\n\t\t\t\t<\/div>\n\t\t\t\t\t<\/div>\n\t\t\t\t<\/div>\n\t\t<div class=\"elementor-element elementor-element-856321f e-flex e-con-boxed wpr-particle-no wpr-jarallax-no wpr-parallax-no wpr-sticky-section-no wpr-column-slider-no wpr-equal-height-no e-con e-parent\" data-id=\"856321f\" data-element_type=\"container\" data-e-type=\"container\">\n\t\t\t\t\t<div class=\"e-con-inner\">\n\t\t<div class=\"elementor-element elementor-element-55a0001 e-con-full e-flex wpr-particle-no wpr-jarallax-no wpr-parallax-no wpr-sticky-section-no wpr-column-slider-no wpr-equal-height-no e-con e-child\" data-id=\"55a0001\" data-element_type=\"container\" data-e-type=\"container\">\n\t\t<div class=\"elementor-element elementor-element-df79e6a e-grid e-con-full wpr-particle-no wpr-jarallax-no wpr-parallax-no wpr-sticky-section-no wpr-column-slider-no wpr-equal-height-no e-con e-child\" data-id=\"df79e6a\" data-element_type=\"container\" data-e-type=\"container\">\n\t\t\t\t<div class=\"elementor-element elementor-element-79238be elementor-align-justify elementor-widget elementor-widget-button\" data-id=\"79238be\" data-element_type=\"widget\" data-e-type=\"widget\" data-widget_type=\"button.default\">\n\t\t\t\t<div class=\"elementor-widget-container\">\n\t\t\t\t\t\t\t\t\t<div class=\"elementor-button-wrapper\">\n\t\t\t\t\t<a class=\"elementor-button elementor-button-link elementor-size-sm\" href=\"https:\/\/ibrnb.org\/cap-3-del-decreto-de-dios\/\">\n\t\t\t\t\t\t<span class=\"elementor-button-content-wrapper\">\n\t\t\t\t\t\t<span class=\"elementor-button-icon\">\n\t\t\t\t<svg aria-hidden=\"true\" class=\"e-font-icon-svg e-fas-arrow-circle-left\" viewBox=\"0 0 512 512\" xmlns=\"http:\/\/www.w3.org\/2000\/svg\"><path d=\"M256 504C119 504 8 393 8 256S119 8 256 8s248 111 248 248-111 248-248 248zm28.9-143.6L209.4 288H392c13.3 0 24-10.7 24-24v-16c0-13.3-10.7-24-24-24H209.4l75.5-72.4c9.7-9.3 9.9-24.8.4-34.3l-11-10.9c-9.4-9.4-24.6-9.4-33.9 0L107.7 239c-9.4 9.4-9.4 24.6 0 33.9l132.7 132.7c9.4 9.4 24.6 9.4 33.9 0l11-10.9c9.5-9.5 9.3-25-.4-34.3z\"><\/path><\/svg>\t\t\t<\/span>\n\t\t\t\t\t\t\t\t\t<span class=\"elementor-button-text\">Del decreto de Dios<\/span>\n\t\t\t\t\t<\/span>\n\t\t\t\t\t<\/a>\n\t\t\t\t<\/div>\n\t\t\t\t\t\t\t\t<\/div>\n\t\t\t\t<\/div>\n\t\t\t\t<div class=\"elementor-element elementor-element-ea93ac9 elementor-align-justify elementor-widget elementor-widget-button\" data-id=\"ea93ac9\" data-element_type=\"widget\" data-e-type=\"widget\" data-widget_type=\"button.default\">\n\t\t\t\t<div class=\"elementor-widget-container\">\n\t\t\t\t\t\t\t\t\t<div class=\"elementor-button-wrapper\">\n\t\t\t\t\t<a class=\"elementor-button elementor-button-link elementor-size-sm\" href=\"https:\/\/ibrnb.org\/cap-5-de-la-divina-providencia\/\">\n\t\t\t\t\t\t<span class=\"elementor-button-content-wrapper\">\n\t\t\t\t\t\t<span class=\"elementor-button-icon\">\n\t\t\t\t<svg aria-hidden=\"true\" class=\"e-font-icon-svg e-fas-arrow-circle-right\" viewBox=\"0 0 512 512\" xmlns=\"http:\/\/www.w3.org\/2000\/svg\"><path d=\"M256 8c137 0 248 111 248 248S393 504 256 504 8 393 8 256 119 8 256 8zm-28.9 143.6l75.5 72.4H120c-13.3 0-24 10.7-24 24v16c0 13.3 10.7 24 24 24h182.6l-75.5 72.4c-9.7 9.3-9.9 24.8-.4 34.3l11 10.9c9.4 9.4 24.6 9.4 33.9 0L404.3 273c9.4-9.4 9.4-24.6 0-33.9L271.6 106.3c-9.4-9.4-24.6-9.4-33.9 0l-11 10.9c-9.5 9.6-9.3 25.1.4 34.4z\"><\/path><\/svg>\t\t\t<\/span>\n\t\t\t\t\t\t\t\t\t<span class=\"elementor-button-text\">De la divina providencia<\/span>\n\t\t\t\t\t<\/span>\n\t\t\t\t\t<\/a>\n\t\t\t\t<\/div>\n\t\t\t\t\t\t\t\t<\/div>\n\t\t\t\t<\/div>\n\t\t\t\t<\/div>\n\t\t\t\t<\/div>\n\t\t\t\t\t<\/div>\n\t\t\t\t<\/div>\n\t\t\t\t<\/div>\n\t\t","protected":false},"excerpt":{"rendered":"<p>Confesi\u00f3n de fe | Cap\u00edtulo 4, De la creaci\u00f3n Cap\u00edtulo 4, De la creaci\u00f3n Confesi\u00f3n de fe de Londres de 1689 Cap\u00edtulo 4, De la creaci\u00f3n Confesi\u00f3n de fe de Londres de 1689 1.\u00a0En el principio agrad\u00f3 a Dios Padre, Hijo y Esp\u00edritu Santo,1\u00a0para la manifestaci\u00f3n de la gloria de su poder, sabidur\u00eda y bondad eternos,2\u00a0crear o hacer el mundo y todas las cosas que en \u00e9l hay, ya sean visibles o invisibles,3\u00a0en el lapso de seis d\u00edas,4\u00a0y todas muy buenas.5 1. He. 1:2; Jn. 1:2,3; Gn. 1:2; Job 26:13; 33:42. Ro. 1:20; Jer. 10:12; Sal. 104:24; 33:5,6; Pr. 3:19; Hch. 14:15,163. Gn. 1:1; Jn. 1:2; Col. 1:164. Gn. 2:1-3; Ex. 20:8-115. Gn. 1:31; Ec. 7:29; Ro. 5:12 2.\u00a0Despu\u00e9s que Dios hubo creado todas las dem\u00e1s criaturas, cre\u00f3 al hombre, var\u00f3n y hembra, con almas racionales e inmortales, haci\u00e9ndolos aptos para aquella vida para con Dios para la cual fueron creados;1\u00a0siendo hechos a imagen de Dios, en conocimiento, justicia y santidad de la verdad;2\u00a0teniendo la ley de Dios escrita en sus corazones, y el poder para cumplirla y, sin embargo, con la posibilidad de transgredirla, por haber sido dejados a la libertad de su propia voluntad, que era mutable.3 1. Gn. 1:27; 2:7; Stg. 2:26; Mt. 10:28; Ec. 12:72. Gn. 1:26,27; 5:1-3; 9:6; Ec. 7:29; 1 Co. 11:7; Stg. 3:9; Col. 3:10; Ef. 4:243. Ro. 1:32; 2:12a,14,15; Gn. 3:6; Ec. 7:29; Ro. 5:12 3.\u00a0Adem\u00e1s de la ley escrita en sus corazones, recibieron un mandato de no comer del \u00e1rbol del conocimiento del bien y del mal; y, mientras lo guardaron, fueron felices en su comuni\u00f3n con Dios y tuvieron dominio sobre las criaturas.1 1. Gn. 1:26,28; 2:17 Del decreto de Dios De la divina providencia<\/p>\n","protected":false},"author":1,"featured_media":0,"parent":0,"menu_order":0,"comment_status":"closed","ping_status":"closed","template":"","meta":{"footnotes":""},"class_list":["post-23670","page","type-page","status-publish","hentry"],"yoast_head":"<!-- This site is optimized with the Yoast SEO plugin v27.5 - https:\/\/yoast.com\/product\/yoast-seo-wordpress\/ -->\n<title>Cap. 4: De la creaci\u00f3n - Iglesia Bautista Reformada de North Bergen<\/title>\n<meta name=\"robots\" content=\"index, follow, max-snippet:-1, max-image-preview:large, max-video-preview:-1\" \/>\n<link rel=\"canonical\" href=\"https:\/\/ibrnb.org\/es\/cap-4-de-la-creacion\/\" \/>\n<meta property=\"og:locale\" content=\"es_ES\" \/>\n<meta property=\"og:type\" content=\"article\" \/>\n<meta property=\"og:title\" content=\"Cap. 4: De la creaci\u00f3n - Iglesia Bautista Reformada de North Bergen\" \/>\n<meta property=\"og:description\" content=\"Confesi\u00f3n de fe | Cap\u00edtulo 4, De la creaci\u00f3n Cap\u00edtulo 4, De la creaci\u00f3n Confesi\u00f3n de fe de Londres de 1689 Cap\u00edtulo 4, De la creaci\u00f3n Confesi\u00f3n de fe de Londres de 1689 1.\u00a0En el principio agrad\u00f3 a Dios Padre, Hijo y Esp\u00edritu Santo,1\u00a0para la manifestaci\u00f3n de la gloria de su poder, sabidur\u00eda y bondad eternos,2\u00a0crear o hacer el mundo y todas las cosas que en \u00e9l hay, ya sean visibles o invisibles,3\u00a0en el lapso de seis d\u00edas,4\u00a0y todas muy buenas.5 1. He. 1:2; Jn. 1:2,3; Gn. 1:2; Job 26:13; 33:42. Ro. 1:20; Jer. 10:12; Sal. 104:24; 33:5,6; Pr. 3:19; Hch. 14:15,163. Gn. 1:1; Jn. 1:2; Col. 1:164. Gn. 2:1-3; Ex. 20:8-115. Gn. 1:31; Ec. 7:29; Ro. 5:12 2.\u00a0Despu\u00e9s que Dios hubo creado todas las dem\u00e1s criaturas, cre\u00f3 al hombre, var\u00f3n y hembra, con almas racionales e inmortales, haci\u00e9ndolos aptos para aquella vida para con Dios para la cual fueron creados;1\u00a0siendo hechos a imagen de Dios, en conocimiento, justicia y santidad de la verdad;2\u00a0teniendo la ley de Dios escrita en sus corazones, y el poder para cumplirla y, sin embargo, con la posibilidad de transgredirla, por haber sido dejados a la libertad de su propia voluntad, que era mutable.3 1. Gn. 1:27; 2:7; Stg. 2:26; Mt. 10:28; Ec. 12:72. Gn. 1:26,27; 5:1-3; 9:6; Ec. 7:29; 1 Co. 11:7; Stg. 3:9; Col. 3:10; Ef. 4:243. Ro. 1:32; 2:12a,14,15; Gn. 3:6; Ec. 7:29; Ro. 5:12 3.\u00a0Adem\u00e1s de la ley escrita en sus corazones, recibieron un mandato de no comer del \u00e1rbol del conocimiento del bien y del mal; y, mientras lo guardaron, fueron felices en su comuni\u00f3n con Dios y tuvieron dominio sobre las criaturas.1 1. Gn. 1:26,28; 2:17 Del decreto de Dios De la divina providencia\" \/>\n<meta property=\"og:url\" content=\"https:\/\/ibrnb.org\/es\/cap-4-de-la-creacion\/\" \/>\n<meta property=\"og:site_name\" content=\"Iglesia Bautista Reformada de North Bergen\" \/>\n<meta property=\"article:publisher\" content=\"https:\/\/www.facebook.com\/profile.php?id=100064443055881\" \/>\n<meta property=\"article:modified_time\" content=\"2025-03-28T02:35:39+00:00\" \/>\n<meta name=\"twitter:card\" content=\"summary_large_image\" \/>\n<meta name=\"twitter:label1\" content=\"Tiempo de lectura\" \/>\n\t<meta name=\"twitter:data1\" content=\"1 minuto\" \/>\n<script type=\"application\/ld+json\" class=\"yoast-schema-graph\">{\"@context\":\"https:\\\/\\\/schema.org\",\"@graph\":[{\"@type\":\"WebPage\",\"@id\":\"https:\\\/\\\/ibrnb.org\\\/cap-4-de-la-creacion\\\/\",\"url\":\"https:\\\/\\\/ibrnb.org\\\/cap-4-de-la-creacion\\\/\",\"name\":\"Cap. 4: De la creaci\u00f3n - Iglesia Bautista Reformada de North Bergen\",\"isPartOf\":{\"@id\":\"https:\\\/\\\/ibrnb.org\\\/es\\\/#website\"},\"datePublished\":\"2025-03-25T22:22:20+00:00\",\"dateModified\":\"2025-03-28T02:35:39+00:00\",\"breadcrumb\":{\"@id\":\"https:\\\/\\\/ibrnb.org\\\/cap-4-de-la-creacion\\\/#breadcrumb\"},\"inLanguage\":\"es\",\"potentialAction\":[{\"@type\":\"ReadAction\",\"target\":[\"https:\\\/\\\/ibrnb.org\\\/cap-4-de-la-creacion\\\/\"]}]},{\"@type\":\"BreadcrumbList\",\"@id\":\"https:\\\/\\\/ibrnb.org\\\/cap-4-de-la-creacion\\\/#breadcrumb\",\"itemListElement\":[{\"@type\":\"ListItem\",\"position\":1,\"name\":\"Portada\",\"item\":\"https:\\\/\\\/ibrnb.org\\\/\"},{\"@type\":\"ListItem\",\"position\":2,\"name\":\"Cap. 4: De la creaci\u00f3n\"}]},{\"@type\":\"WebSite\",\"@id\":\"https:\\\/\\\/ibrnb.org\\\/es\\\/#website\",\"url\":\"https:\\\/\\\/ibrnb.org\\\/es\\\/\",\"name\":\"Iglesia Bautista Reformada de North Bergen\",\"description\":\"Iglesia del Se\u00f1or Jesucristo.\",\"publisher\":{\"@id\":\"https:\\\/\\\/ibrnb.org\\\/es\\\/#organization\"},\"potentialAction\":[{\"@type\":\"SearchAction\",\"target\":{\"@type\":\"EntryPoint\",\"urlTemplate\":\"https:\\\/\\\/ibrnb.org\\\/es\\\/?s={search_term_string}\"},\"query-input\":{\"@type\":\"PropertyValueSpecification\",\"valueRequired\":true,\"valueName\":\"search_term_string\"}}],\"inLanguage\":\"es\"},{\"@type\":\"Organization\",\"@id\":\"https:\\\/\\\/ibrnb.org\\\/es\\\/#organization\",\"name\":\"Iglesia Bautista Reformada de North Bergen\",\"url\":\"https:\\\/\\\/ibrnb.org\\\/es\\\/\",\"logo\":{\"@type\":\"ImageObject\",\"inLanguage\":\"es\",\"@id\":\"https:\\\/\\\/ibrnb.org\\\/es\\\/#\\\/schema\\\/logo\\\/image\\\/\",\"url\":\"https:\\\/\\\/i0.wp.com\\\/ibrnb.org\\\/wp-content\\\/uploads\\\/2025\\\/03\\\/Iglesia_Logo_Calado-e1744687663107.png?fit=925%2C510&ssl=1\",\"contentUrl\":\"https:\\\/\\\/i0.wp.com\\\/ibrnb.org\\\/wp-content\\\/uploads\\\/2025\\\/03\\\/Iglesia_Logo_Calado-e1744687663107.png?fit=925%2C510&ssl=1\",\"width\":925,\"height\":510,\"caption\":\"Iglesia Bautista Reformada de North Bergen\"},\"image\":{\"@id\":\"https:\\\/\\\/ibrnb.org\\\/es\\\/#\\\/schema\\\/logo\\\/image\\\/\"},\"sameAs\":[\"https:\\\/\\\/www.facebook.com\\\/profile.php?id=100064443055881\"]}]}<\/script>\n<!-- \/ Yoast SEO plugin. -->","yoast_head_json":{"title":"Cap. 4: De la creaci\u00f3n - Iglesia Bautista Reformada de North Bergen","robots":{"index":"index","follow":"follow","max-snippet":"max-snippet:-1","max-image-preview":"max-image-preview:large","max-video-preview":"max-video-preview:-1"},"canonical":"https:\/\/ibrnb.org\/es\/cap-4-de-la-creacion\/","og_locale":"es_ES","og_type":"article","og_title":"Cap. 4: De la creaci\u00f3n - Iglesia Bautista Reformada de North Bergen","og_description":"Confesi\u00f3n de fe | Cap\u00edtulo 4, De la creaci\u00f3n Cap\u00edtulo 4, De la creaci\u00f3n Confesi\u00f3n de fe de Londres de 1689 Cap\u00edtulo 4, De la creaci\u00f3n Confesi\u00f3n de fe de Londres de 1689 1.\u00a0En el principio agrad\u00f3 a Dios Padre, Hijo y Esp\u00edritu Santo,1\u00a0para la manifestaci\u00f3n de la gloria de su poder, sabidur\u00eda y bondad eternos,2\u00a0crear o hacer el mundo y todas las cosas que en \u00e9l hay, ya sean visibles o invisibles,3\u00a0en el lapso de seis d\u00edas,4\u00a0y todas muy buenas.5 1. He. 1:2; Jn. 1:2,3; Gn. 1:2; Job 26:13; 33:42. Ro. 1:20; Jer. 10:12; Sal. 104:24; 33:5,6; Pr. 3:19; Hch. 14:15,163. Gn. 1:1; Jn. 1:2; Col. 1:164. Gn. 2:1-3; Ex. 20:8-115. Gn. 1:31; Ec. 7:29; Ro. 5:12 2.\u00a0Despu\u00e9s que Dios hubo creado todas las dem\u00e1s criaturas, cre\u00f3 al hombre, var\u00f3n y hembra, con almas racionales e inmortales, haci\u00e9ndolos aptos para aquella vida para con Dios para la cual fueron creados;1\u00a0siendo hechos a imagen de Dios, en conocimiento, justicia y santidad de la verdad;2\u00a0teniendo la ley de Dios escrita en sus corazones, y el poder para cumplirla y, sin embargo, con la posibilidad de transgredirla, por haber sido dejados a la libertad de su propia voluntad, que era mutable.3 1. Gn. 1:27; 2:7; Stg. 2:26; Mt. 10:28; Ec. 12:72. Gn. 1:26,27; 5:1-3; 9:6; Ec. 7:29; 1 Co. 11:7; Stg. 3:9; Col. 3:10; Ef. 4:243. Ro. 1:32; 2:12a,14,15; Gn. 3:6; Ec. 7:29; Ro. 5:12 3.\u00a0Adem\u00e1s de la ley escrita en sus corazones, recibieron un mandato de no comer del \u00e1rbol del conocimiento del bien y del mal; y, mientras lo guardaron, fueron felices en su comuni\u00f3n con Dios y tuvieron dominio sobre las criaturas.1 1. Gn. 1:26,28; 2:17 Del decreto de Dios De la divina providencia","og_url":"https:\/\/ibrnb.org\/es\/cap-4-de-la-creacion\/","og_site_name":"Iglesia Bautista Reformada de North Bergen","article_publisher":"https:\/\/www.facebook.com\/profile.php?id=100064443055881","article_modified_time":"2025-03-28T02:35:39+00:00","twitter_card":"summary_large_image","twitter_misc":{"Tiempo de lectura":"1 minuto"},"schema":{"@context":"https:\/\/schema.org","@graph":[{"@type":"WebPage","@id":"https:\/\/ibrnb.org\/cap-4-de-la-creacion\/","url":"https:\/\/ibrnb.org\/cap-4-de-la-creacion\/","name":"Cap. 4: De la creaci\u00f3n - Iglesia Bautista Reformada de North Bergen","isPartOf":{"@id":"https:\/\/ibrnb.org\/es\/#website"},"datePublished":"2025-03-25T22:22:20+00:00","dateModified":"2025-03-28T02:35:39+00:00","breadcrumb":{"@id":"https:\/\/ibrnb.org\/cap-4-de-la-creacion\/#breadcrumb"},"inLanguage":"es","potentialAction":[{"@type":"ReadAction","target":["https:\/\/ibrnb.org\/cap-4-de-la-creacion\/"]}]},{"@type":"BreadcrumbList","@id":"https:\/\/ibrnb.org\/cap-4-de-la-creacion\/#breadcrumb","itemListElement":[{"@type":"ListItem","position":1,"name":"Portada","item":"https:\/\/ibrnb.org\/"},{"@type":"ListItem","position":2,"name":"Cap. 4: De la creaci\u00f3n"}]},{"@type":"WebSite","@id":"https:\/\/ibrnb.org\/es\/#website","url":"https:\/\/ibrnb.org\/es\/","name":"Iglesia Bautista Reformada de North Bergen","description":"Iglesia del Se\u00f1or Jesucristo.","publisher":{"@id":"https:\/\/ibrnb.org\/es\/#organization"},"potentialAction":[{"@type":"SearchAction","target":{"@type":"EntryPoint","urlTemplate":"https:\/\/ibrnb.org\/es\/?s={search_term_string}"},"query-input":{"@type":"PropertyValueSpecification","valueRequired":true,"valueName":"search_term_string"}}],"inLanguage":"es"},{"@type":"Organization","@id":"https:\/\/ibrnb.org\/es\/#organization","name":"Iglesia Bautista Reformada de North Bergen","url":"https:\/\/ibrnb.org\/es\/","logo":{"@type":"ImageObject","inLanguage":"es","@id":"https:\/\/ibrnb.org\/es\/#\/schema\/logo\/image\/","url":"https:\/\/i0.wp.com\/ibrnb.org\/wp-content\/uploads\/2025\/03\/Iglesia_Logo_Calado-e1744687663107.png?fit=925%2C510&ssl=1","contentUrl":"https:\/\/i0.wp.com\/ibrnb.org\/wp-content\/uploads\/2025\/03\/Iglesia_Logo_Calado-e1744687663107.png?fit=925%2C510&ssl=1","width":925,"height":510,"caption":"Iglesia Bautista Reformada de North Bergen"},"image":{"@id":"https:\/\/ibrnb.org\/es\/#\/schema\/logo\/image\/"},"sameAs":["https:\/\/www.facebook.com\/profile.php?id=100064443055881"]}]}},"_links":{"self":[{"href":"https:\/\/ibrnb.org\/es\/wp-json\/wp\/v2\/pages\/23670","targetHints":{"allow":["GET"]}}],"collection":[{"href":"https:\/\/ibrnb.org\/es\/wp-json\/wp\/v2\/pages"}],"about":[{"href":"https:\/\/ibrnb.org\/es\/wp-json\/wp\/v2\/types\/page"}],"author":[{"embeddable":true,"href":"https:\/\/ibrnb.org\/es\/wp-json\/wp\/v2\/users\/1"}],"replies":[{"embeddable":true,"href":"https:\/\/ibrnb.org\/es\/wp-json\/wp\/v2\/comments?post=23670"}],"version-history":[{"count":5,"href":"https:\/\/ibrnb.org\/es\/wp-json\/wp\/v2\/pages\/23670\/revisions"}],"predecessor-version":[{"id":24306,"href":"https:\/\/ibrnb.org\/es\/wp-json\/wp\/v2\/pages\/23670\/revisions\/24306"}],"wp:attachment":[{"href":"https:\/\/ibrnb.org\/es\/wp-json\/wp\/v2\/media?parent=23670"}],"curies":[{"name":"wp","href":"https:\/\/api.w.org\/{rel}","templated":true}]}}