{"id":22726,"date":"2025-03-04T20:32:26","date_gmt":"2025-03-04T20:32:26","guid":{"rendered":"https:\/\/ibrnb.org\/?page_id=22726"},"modified":"2025-07-16T19:48:02","modified_gmt":"2025-07-16T19:48:02","slug":"literatura","status":"publish","type":"page","link":"https:\/\/ibrnb.org\/es\/literatura\/","title":{"rendered":"Literatura"},"content":{"rendered":"\t\t<div data-elementor-type=\"wp-page\" data-elementor-id=\"22726\" class=\"elementor elementor-22726\">\n\t\t\t\t\t\t<section class=\"elementor-section elementor-top-section elementor-element elementor-element-bf8430f elementor-section-boxed elementor-section-height-default elementor-section-height-default wpr-particle-no wpr-jarallax-no wpr-parallax-no wpr-sticky-section-no wpr-equal-height-no\" data-id=\"bf8430f\" data-element_type=\"section\" data-e-type=\"section\">\n\t\t\t\t\t\t<div class=\"elementor-container elementor-column-gap-default\">\n\t\t\t\t\t<div class=\"elementor-column elementor-col-100 elementor-top-column elementor-element elementor-element-95f3b5c\" data-id=\"95f3b5c\" data-element_type=\"column\" data-e-type=\"column\">\n\t\t\t<div class=\"elementor-widget-wrap elementor-element-populated\">\n\t\t\t\t\t\t<div class=\"elementor-element elementor-element-39fd982 elementor-widget elementor-widget-heading\" data-id=\"39fd982\" data-element_type=\"widget\" data-e-type=\"widget\" data-widget_type=\"heading.default\">\n\t\t\t\t<div class=\"elementor-widget-container\">\n\t\t\t\t\t<h1 class=\"elementor-heading-title elementor-size-default\">Literatura<\/h1>\t\t\t\t<\/div>\n\t\t\t\t<\/div>\n\t\t\t\t<div class=\"elementor-element elementor-element-2488491 elementor-widget elementor-widget-text-editor\" data-id=\"2488491\" data-element_type=\"widget\" data-e-type=\"widget\" data-widget_type=\"text-editor.default\">\n\t\t\t\t<div class=\"elementor-widget-container\">\n\t\t\t\t\t\t\t\t\t<p><\/p>\n<p><span id=\"es-RVR1960-29871\" class=\"text 2Tim-3-16\"><sup class=\"versenum\">16&nbsp;<\/sup>Toda la Escritura es inspirada por Dios, y \u00fatil para ense\u00f1ar, para redarg\u00fcir, para corregir, para instruir en justicia,<\/span>&nbsp;<span id=\"es-RVR1960-29872\" class=\"text 2Tim-3-17\"><sup class=\"versenum\">17&nbsp;<\/sup>a fin de que el hombre de Dios sea perfecto, enteramente preparado para toda buena obra.&nbsp;<\/span><\/p><p><span class=\"text 2Tim-3-17\">2 Timoteo 3:16-17<\/span><\/p>\t\t\t\t\t\t\t\t<\/div>\n\t\t\t\t<\/div>\n\t\t\t\t\t<\/div>\n\t\t<\/div>\n\t\t\t\t\t<\/div>\n\t\t<\/section>\n\t\t\t\t<section class=\"elementor-section elementor-top-section elementor-element elementor-element-55873a85 elementor-section-boxed elementor-section-height-default elementor-section-height-default wpr-particle-no wpr-jarallax-no wpr-parallax-no wpr-sticky-section-no wpr-equal-height-no\" data-id=\"55873a85\" data-element_type=\"section\" data-e-type=\"section\">\n\t\t\t\t\t\t<div class=\"elementor-container elementor-column-gap-wide\">\n\t\t\t\t\t<div class=\"elementor-column elementor-col-50 elementor-top-column elementor-element elementor-element-7d9ef489\" data-id=\"7d9ef489\" data-element_type=\"column\" data-e-type=\"column\">\n\t\t\t<div class=\"elementor-widget-wrap elementor-element-populated\">\n\t\t\t\t\t\t<div class=\"elementor-element elementor-element-117676b2 elementor-widget elementor-widget-image\" data-id=\"117676b2\" data-element_type=\"widget\" data-e-type=\"widget\" data-widget_type=\"image.default\">\n\t\t\t\t<div class=\"elementor-widget-container\">\n\t\t\t\t\t\t\t\t\t\t\t\t\t\t\t\t<a href=\"https:\/\/www.cristianismohist.com\/\" target=\"_blank\">\n\t\t\t\t\t\t\t<img fetchpriority=\"high\" decoding=\"async\" width=\"2560\" height=\"752\" src=\"https:\/\/ibrnb.org\/wp-content\/uploads\/2025\/04\/LogoCristHist1Final-scaled.png\" class=\"attachment-full size-full wp-image-27910\" alt=\"\" srcset=\"https:\/\/ibrnb.org\/wp-content\/uploads\/2025\/04\/LogoCristHist1Final-scaled.png 2560w, https:\/\/ibrnb.org\/wp-content\/uploads\/2025\/04\/LogoCristHist1Final-768x226.png 768w, https:\/\/ibrnb.org\/wp-content\/uploads\/2025\/04\/LogoCristHist1Final-1536x451.png 1536w, https:\/\/ibrnb.org\/wp-content\/uploads\/2025\/04\/LogoCristHist1Final-2048x602.png 2048w\" sizes=\"(max-width: 2560px) 100vw, 2560px\" \/>\t\t\t\t\t\t\t\t<\/a>\n\t\t\t\t\t\t\t\t\t\t\t\t\t\t\t<\/div>\n\t\t\t\t<\/div>\n\t\t\t\t\t<\/div>\n\t\t<\/div>\n\t\t\t\t<div class=\"elementor-column elementor-col-50 elementor-top-column elementor-element elementor-element-2f2e148c\" data-id=\"2f2e148c\" data-element_type=\"column\" data-e-type=\"column\">\n\t\t\t<div class=\"elementor-widget-wrap elementor-element-populated\">\n\t\t\t\t\t\t<div class=\"elementor-element elementor-element-1f0e41ca elementor-widget elementor-widget-text-editor\" data-id=\"1f0e41ca\" data-element_type=\"widget\" data-e-type=\"widget\" data-widget_type=\"text-editor.default\">\n\t\t\t\t<div class=\"elementor-widget-container\">\n\t\t\t\t\t\t\t\t\t<p>Ofrecemos para nuestros miembros como para otras personas en varios lugares del mundo algunos de los mejores escritos de pastores y maestros del pasado y del presente, dones de Cristo (Efesios 4:11-16) que nos ayudan a digerir y asimilar (i.e., entender y aplicar) tanto la leche (1 Pedro 2:2) como la comida s\u00f3lida (1\u00aa a los Corintios 3:1-2; Hebreos 5:11-6:1a) de la Palabra de Dios.<\/p>\t\t\t\t\t\t\t\t<\/div>\n\t\t\t\t<\/div>\n\t\t\t\t\t<\/div>\n\t\t<\/div>\n\t\t\t\t\t<\/div>\n\t\t<\/section>\n\t\t\t\t<section class=\"elementor-section elementor-top-section elementor-element elementor-element-9f021a2 elementor-section-boxed elementor-section-height-default elementor-section-height-default wpr-particle-no wpr-jarallax-no wpr-parallax-no wpr-sticky-section-no wpr-equal-height-no\" data-id=\"9f021a2\" data-element_type=\"section\" data-e-type=\"section\">\n\t\t\t\t\t\t<div class=\"elementor-container elementor-column-gap-wide\">\n\t\t\t\t\t<div class=\"elementor-column elementor-col-50 elementor-top-column elementor-element elementor-element-c05d5bc\" data-id=\"c05d5bc\" data-element_type=\"column\" data-e-type=\"column\">\n\t\t\t<div class=\"elementor-widget-wrap elementor-element-populated\">\n\t\t\t\t\t\t<div class=\"elementor-element elementor-element-5ebb4e0 elementor-widget elementor-widget-image\" data-id=\"5ebb4e0\" data-element_type=\"widget\" data-e-type=\"widget\" data-widget_type=\"image.default\">\n\t\t\t\t<div class=\"elementor-widget-container\">\n\t\t\t\t\t\t\t\t\t\t\t\t\t\t\t\t<a href=\"https:\/\/wisewordsfoundation.org\/\" target=\"_blank\">\n\t\t\t\t\t\t\t<img decoding=\"async\" width=\"1280\" height=\"720\" src=\"https:\/\/ibrnb.org\/wp-content\/uploads\/2025\/04\/wwf.jpg\" class=\"attachment-full size-full wp-image-29349\" alt=\"\" srcset=\"https:\/\/ibrnb.org\/wp-content\/uploads\/2025\/04\/wwf.jpg 1280w, https:\/\/ibrnb.org\/wp-content\/uploads\/2025\/04\/wwf-768x432.jpg 768w, https:\/\/ibrnb.org\/wp-content\/uploads\/2025\/04\/wwf-18x10.jpg 18w\" sizes=\"(max-width: 1280px) 100vw, 1280px\" \/>\t\t\t\t\t\t\t\t<\/a>\n\t\t\t\t\t\t\t\t\t\t\t\t\t\t\t<\/div>\n\t\t\t\t<\/div>\n\t\t\t\t\t<\/div>\n\t\t<\/div>\n\t\t\t\t<div class=\"elementor-column elementor-col-50 elementor-top-column elementor-element elementor-element-6974dbe\" data-id=\"6974dbe\" data-element_type=\"column\" data-e-type=\"column\">\n\t\t\t<div class=\"elementor-widget-wrap elementor-element-populated\">\n\t\t\t\t\t\t<div class=\"elementor-element elementor-element-3459b00 elementor-widget elementor-widget-text-editor\" data-id=\"3459b00\" data-element_type=\"widget\" data-e-type=\"widget\" data-widget_type=\"text-editor.default\">\n\t\t\t\t<div class=\"elementor-widget-container\">\n\t\t\t\t\t\t\t\t\t<p>Nuestra misi\u00f3n es proporcionar a los pastores valiosos recursos teol\u00f3gicos para ayudarlos a crecer en el conocimiento de la Palabra de Dios. Brindamos gratuitamente a los pastores buenos libros b\u00edblicos y otros recursos de estudio b\u00edblico para fortalecerlos, alentarlos y edificarlos para que puedan ministrar la Palabra de Dios de manera m\u00e1s efectiva en sus iglesias y comunidades locales.<\/p>\t\t\t\t\t\t\t\t<\/div>\n\t\t\t\t<\/div>\n\t\t\t\t\t<\/div>\n\t\t<\/div>\n\t\t\t\t\t<\/div>\n\t\t<\/section>\n\t\t\t\t<section class=\"elementor-section elementor-top-section elementor-element elementor-element-2e61d8a elementor-section-boxed elementor-section-height-default elementor-section-height-default wpr-particle-no wpr-jarallax-no wpr-parallax-no wpr-sticky-section-no wpr-equal-height-no\" data-id=\"2e61d8a\" data-element_type=\"section\" data-e-type=\"section\">\n\t\t\t\t\t\t<div class=\"elementor-container elementor-column-gap-wide\">\n\t\t\t\t\t<div class=\"elementor-column elementor-col-50 elementor-top-column elementor-element elementor-element-021bccf\" data-id=\"021bccf\" data-element_type=\"column\" data-e-type=\"column\">\n\t\t\t<div class=\"elementor-widget-wrap elementor-element-populated\">\n\t\t\t\t\t\t<div class=\"elementor-element elementor-element-9c2b4f6 elementor-widget elementor-widget-image\" data-id=\"9c2b4f6\" data-element_type=\"widget\" data-e-type=\"widget\" data-widget_type=\"image.default\">\n\t\t\t\t<div class=\"elementor-widget-container\">\n\t\t\t\t\t\t\t\t\t\t\t\t\t\t\t\t<a href=\"https:\/\/publicacionesaquila.com\/\" target=\"_blank\">\n\t\t\t\t\t\t\t<img decoding=\"async\" width=\"500\" height=\"300\" src=\"https:\/\/ibrnb.org\/wp-content\/uploads\/2025\/07\/Publicaciones-Aquila.jpg\" class=\"attachment-full size-full wp-image-31206\" alt=\"\" srcset=\"https:\/\/ibrnb.org\/wp-content\/uploads\/2025\/07\/Publicaciones-Aquila.jpg 500w, https:\/\/ibrnb.org\/wp-content\/uploads\/2025\/07\/Publicaciones-Aquila-18x12.jpg 18w\" sizes=\"(max-width: 500px) 100vw, 500px\" \/>\t\t\t\t\t\t\t\t<\/a>\n\t\t\t\t\t\t\t\t\t\t\t\t\t\t\t<\/div>\n\t\t\t\t<\/div>\n\t\t\t\t\t<\/div>\n\t\t<\/div>\n\t\t\t\t<div class=\"elementor-column elementor-col-50 elementor-top-column elementor-element elementor-element-4a93fda\" data-id=\"4a93fda\" data-element_type=\"column\" data-e-type=\"column\">\n\t\t\t<div class=\"elementor-widget-wrap elementor-element-populated\">\n\t\t\t\t\t\t<div class=\"elementor-element elementor-element-2c357bf elementor-widget elementor-widget-text-editor\" data-id=\"2c357bf\" data-element_type=\"widget\" data-e-type=\"widget\" data-widget_type=\"text-editor.default\">\n\t\t\t\t<div class=\"elementor-widget-container\">\n\t\t\t\t\t\t\t\t\tEn Publicaciones Aquila, nuestro prop\u00f3sito es poner al alcance de la comunidad hispanohablante una selecci\u00f3n cuidadosamente traducida de textos teol\u00f3gicos cl\u00e1sicos y contempor\u00e1neos, con el objetivo de fortalecer la comprensi\u00f3n b\u00edblica, fomentar la devoci\u00f3n personal y promover una vida cristiana fundamentada en la Palabra de Dios.\t\t\t\t\t\t\t\t<\/div>\n\t\t\t\t<\/div>\n\t\t\t\t\t<\/div>\n\t\t<\/div>\n\t\t\t\t\t<\/div>\n\t\t<\/section>\n\t\t\t\t<\/div>\n\t\t","protected":false},"excerpt":{"rendered":"<p>Literatura 16&nbsp;Toda la Escritura es inspirada por Dios, y \u00fatil para ense\u00f1ar, para redarg\u00fcir, para corregir, para instruir en justicia,&nbsp;17&nbsp;a fin de que el hombre de Dios sea perfecto, enteramente preparado para toda buena obra.&nbsp; 2 Timoteo 3:16-17 Ofrecemos para nuestros miembros como para otras personas en varios lugares del mundo algunos de los mejores escritos de pastores y maestros del pasado y del presente, dones de Cristo (Efesios 4:11-16) que nos ayudan a digerir y asimilar (i.e., entender y aplicar) tanto la leche (1 Pedro 2:2) como la comida s\u00f3lida (1\u00aa a los Corintios 3:1-2; Hebreos 5:11-6:1a) de la Palabra de Dios. Nuestra misi\u00f3n es proporcionar a los pastores valiosos recursos teol\u00f3gicos para ayudarlos a crecer en el conocimiento de la Palabra de Dios. Brindamos gratuitamente a los pastores buenos libros b\u00edblicos y otros recursos de estudio b\u00edblico para fortalecerlos, alentarlos y edificarlos para que puedan ministrar la Palabra de Dios de manera m\u00e1s efectiva en sus iglesias y comunidades locales. En Publicaciones Aquila, nuestro prop\u00f3sito es poner al alcance de la comunidad hispanohablante una selecci\u00f3n cuidadosamente traducida de textos teol\u00f3gicos cl\u00e1sicos y contempor\u00e1neos, con el objetivo de fortalecer la comprensi\u00f3n b\u00edblica, fomentar la devoci\u00f3n personal y promover una vida cristiana fundamentada en la Palabra de Dios.<\/p>\n","protected":false},"author":1,"featured_media":0,"parent":0,"menu_order":0,"comment_status":"closed","ping_status":"closed","template":"elementor_canvas","meta":{"footnotes":""},"class_list":["post-22726","page","type-page","status-publish","hentry"],"yoast_head":"<!-- This site is optimized with the Yoast SEO plugin v27.4 - https:\/\/yoast.com\/product\/yoast-seo-wordpress\/ -->\n<title>Literatura - Iglesia Bautista Reformada de North Bergen<\/title>\n<meta name=\"robots\" content=\"index, follow, max-snippet:-1, max-image-preview:large, max-video-preview:-1\" \/>\n<link rel=\"canonical\" href=\"https:\/\/ibrnb.org\/es\/literatura\/\" \/>\n<meta property=\"og:locale\" content=\"es_ES\" \/>\n<meta property=\"og:type\" content=\"article\" \/>\n<meta property=\"og:title\" content=\"Literatura - Iglesia Bautista Reformada de North Bergen\" \/>\n<meta property=\"og:description\" content=\"Literatura 16&nbsp;Toda la Escritura es inspirada por Dios, y \u00fatil para ense\u00f1ar, para redarg\u00fcir, para corregir, para instruir en justicia,&nbsp;17&nbsp;a fin de que el hombre de Dios sea perfecto, enteramente preparado para toda buena obra.&nbsp; 2 Timoteo 3:16-17 Ofrecemos para nuestros miembros como para otras personas en varios lugares del mundo algunos de los mejores escritos de pastores y maestros del pasado y del presente, dones de Cristo (Efesios 4:11-16) que nos ayudan a digerir y asimilar (i.e., entender y aplicar) tanto la leche (1 Pedro 2:2) como la comida s\u00f3lida (1\u00aa a los Corintios 3:1-2; Hebreos 5:11-6:1a) de la Palabra de Dios. Nuestra misi\u00f3n es proporcionar a los pastores valiosos recursos teol\u00f3gicos para ayudarlos a crecer en el conocimiento de la Palabra de Dios. Brindamos gratuitamente a los pastores buenos libros b\u00edblicos y otros recursos de estudio b\u00edblico para fortalecerlos, alentarlos y edificarlos para que puedan ministrar la Palabra de Dios de manera m\u00e1s efectiva en sus iglesias y comunidades locales. En Publicaciones Aquila, nuestro prop\u00f3sito es poner al alcance de la comunidad hispanohablante una selecci\u00f3n cuidadosamente traducida de textos teol\u00f3gicos cl\u00e1sicos y contempor\u00e1neos, con el objetivo de fortalecer la comprensi\u00f3n b\u00edblica, fomentar la devoci\u00f3n personal y promover una vida cristiana fundamentada en la Palabra de Dios.\" \/>\n<meta property=\"og:url\" content=\"https:\/\/ibrnb.org\/es\/literatura\/\" \/>\n<meta property=\"og:site_name\" content=\"Iglesia Bautista Reformada de North Bergen\" \/>\n<meta property=\"article:publisher\" content=\"https:\/\/www.facebook.com\/profile.php?id=100064443055881\" \/>\n<meta property=\"article:modified_time\" content=\"2025-07-16T19:48:02+00:00\" \/>\n<meta property=\"og:image\" content=\"https:\/\/ibrnb.org\/wp-content\/uploads\/2025\/04\/LogoCristHist1Final-scaled.png\" \/>\n<meta name=\"twitter:card\" content=\"summary_large_image\" \/>\n<meta name=\"twitter:label1\" content=\"Tiempo de lectura\" \/>\n\t<meta name=\"twitter:data1\" content=\"2 minutos\" \/>\n<script type=\"application\/ld+json\" class=\"yoast-schema-graph\">{\"@context\":\"https:\\\/\\\/schema.org\",\"@graph\":[{\"@type\":\"WebPage\",\"@id\":\"https:\\\/\\\/ibrnb.org\\\/es\\\/literatura\\\/\",\"url\":\"https:\\\/\\\/ibrnb.org\\\/es\\\/literatura\\\/\",\"name\":\"Literatura - Iglesia Bautista Reformada de North Bergen\",\"isPartOf\":{\"@id\":\"https:\\\/\\\/ibrnb.org\\\/es\\\/#website\"},\"primaryImageOfPage\":{\"@id\":\"https:\\\/\\\/ibrnb.org\\\/es\\\/literatura\\\/#primaryimage\"},\"image\":{\"@id\":\"https:\\\/\\\/ibrnb.org\\\/es\\\/literatura\\\/#primaryimage\"},\"thumbnailUrl\":\"https:\\\/\\\/ibrnb.org\\\/wp-content\\\/uploads\\\/2025\\\/04\\\/LogoCristHist1Final-scaled.png\",\"datePublished\":\"2025-03-04T20:32:26+00:00\",\"dateModified\":\"2025-07-16T19:48:02+00:00\",\"breadcrumb\":{\"@id\":\"https:\\\/\\\/ibrnb.org\\\/es\\\/literatura\\\/#breadcrumb\"},\"inLanguage\":\"es\",\"potentialAction\":[{\"@type\":\"ReadAction\",\"target\":[\"https:\\\/\\\/ibrnb.org\\\/es\\\/literatura\\\/\"]}]},{\"@type\":\"ImageObject\",\"inLanguage\":\"es\",\"@id\":\"https:\\\/\\\/ibrnb.org\\\/es\\\/literatura\\\/#primaryimage\",\"url\":\"https:\\\/\\\/ibrnb.org\\\/wp-content\\\/uploads\\\/2025\\\/04\\\/LogoCristHist1Final-scaled.png\",\"contentUrl\":\"https:\\\/\\\/ibrnb.org\\\/wp-content\\\/uploads\\\/2025\\\/04\\\/LogoCristHist1Final-scaled.png\"},{\"@type\":\"BreadcrumbList\",\"@id\":\"https:\\\/\\\/ibrnb.org\\\/es\\\/literatura\\\/#breadcrumb\",\"itemListElement\":[{\"@type\":\"ListItem\",\"position\":1,\"name\":\"Portada\",\"item\":\"https:\\\/\\\/ibrnb.org\\\/\"},{\"@type\":\"ListItem\",\"position\":2,\"name\":\"Literatura\"}]},{\"@type\":\"WebSite\",\"@id\":\"https:\\\/\\\/ibrnb.org\\\/es\\\/#website\",\"url\":\"https:\\\/\\\/ibrnb.org\\\/es\\\/\",\"name\":\"Iglesia Bautista Reformada de North Bergen\",\"description\":\"Iglesia del Se\u00f1or Jesucristo.\",\"publisher\":{\"@id\":\"https:\\\/\\\/ibrnb.org\\\/es\\\/#organization\"},\"potentialAction\":[{\"@type\":\"SearchAction\",\"target\":{\"@type\":\"EntryPoint\",\"urlTemplate\":\"https:\\\/\\\/ibrnb.org\\\/es\\\/?s={search_term_string}\"},\"query-input\":{\"@type\":\"PropertyValueSpecification\",\"valueRequired\":true,\"valueName\":\"search_term_string\"}}],\"inLanguage\":\"es\"},{\"@type\":\"Organization\",\"@id\":\"https:\\\/\\\/ibrnb.org\\\/es\\\/#organization\",\"name\":\"Iglesia Bautista Reformada de North Bergen\",\"url\":\"https:\\\/\\\/ibrnb.org\\\/es\\\/\",\"logo\":{\"@type\":\"ImageObject\",\"inLanguage\":\"es\",\"@id\":\"https:\\\/\\\/ibrnb.org\\\/es\\\/#\\\/schema\\\/logo\\\/image\\\/\",\"url\":\"https:\\\/\\\/i0.wp.com\\\/ibrnb.org\\\/wp-content\\\/uploads\\\/2025\\\/03\\\/Iglesia_Logo_Calado-e1744687663107.png?fit=925%2C510&ssl=1\",\"contentUrl\":\"https:\\\/\\\/i0.wp.com\\\/ibrnb.org\\\/wp-content\\\/uploads\\\/2025\\\/03\\\/Iglesia_Logo_Calado-e1744687663107.png?fit=925%2C510&ssl=1\",\"width\":925,\"height\":510,\"caption\":\"Iglesia Bautista Reformada de North Bergen\"},\"image\":{\"@id\":\"https:\\\/\\\/ibrnb.org\\\/es\\\/#\\\/schema\\\/logo\\\/image\\\/\"},\"sameAs\":[\"https:\\\/\\\/www.facebook.com\\\/profile.php?id=100064443055881\"]}]}<\/script>\n<!-- \/ Yoast SEO plugin. -->","yoast_head_json":{"title":"Literatura - Iglesia Bautista Reformada de North Bergen","robots":{"index":"index","follow":"follow","max-snippet":"max-snippet:-1","max-image-preview":"max-image-preview:large","max-video-preview":"max-video-preview:-1"},"canonical":"https:\/\/ibrnb.org\/es\/literatura\/","og_locale":"es_ES","og_type":"article","og_title":"Literatura - Iglesia Bautista Reformada de North Bergen","og_description":"Literatura 16&nbsp;Toda la Escritura es inspirada por Dios, y \u00fatil para ense\u00f1ar, para redarg\u00fcir, para corregir, para instruir en justicia,&nbsp;17&nbsp;a fin de que el hombre de Dios sea perfecto, enteramente preparado para toda buena obra.&nbsp; 2 Timoteo 3:16-17 Ofrecemos para nuestros miembros como para otras personas en varios lugares del mundo algunos de los mejores escritos de pastores y maestros del pasado y del presente, dones de Cristo (Efesios 4:11-16) que nos ayudan a digerir y asimilar (i.e., entender y aplicar) tanto la leche (1 Pedro 2:2) como la comida s\u00f3lida (1\u00aa a los Corintios 3:1-2; Hebreos 5:11-6:1a) de la Palabra de Dios. Nuestra misi\u00f3n es proporcionar a los pastores valiosos recursos teol\u00f3gicos para ayudarlos a crecer en el conocimiento de la Palabra de Dios. Brindamos gratuitamente a los pastores buenos libros b\u00edblicos y otros recursos de estudio b\u00edblico para fortalecerlos, alentarlos y edificarlos para que puedan ministrar la Palabra de Dios de manera m\u00e1s efectiva en sus iglesias y comunidades locales. En Publicaciones Aquila, nuestro prop\u00f3sito es poner al alcance de la comunidad hispanohablante una selecci\u00f3n cuidadosamente traducida de textos teol\u00f3gicos cl\u00e1sicos y contempor\u00e1neos, con el objetivo de fortalecer la comprensi\u00f3n b\u00edblica, fomentar la devoci\u00f3n personal y promover una vida cristiana fundamentada en la Palabra de Dios.","og_url":"https:\/\/ibrnb.org\/es\/literatura\/","og_site_name":"Iglesia Bautista Reformada de North Bergen","article_publisher":"https:\/\/www.facebook.com\/profile.php?id=100064443055881","article_modified_time":"2025-07-16T19:48:02+00:00","og_image":[{"url":"https:\/\/ibrnb.org\/wp-content\/uploads\/2025\/04\/LogoCristHist1Final-scaled.png","type":"","width":"","height":""}],"twitter_card":"summary_large_image","twitter_misc":{"Tiempo de lectura":"2 minutos"},"schema":{"@context":"https:\/\/schema.org","@graph":[{"@type":"WebPage","@id":"https:\/\/ibrnb.org\/es\/literatura\/","url":"https:\/\/ibrnb.org\/es\/literatura\/","name":"Literatura - Iglesia Bautista Reformada de North Bergen","isPartOf":{"@id":"https:\/\/ibrnb.org\/es\/#website"},"primaryImageOfPage":{"@id":"https:\/\/ibrnb.org\/es\/literatura\/#primaryimage"},"image":{"@id":"https:\/\/ibrnb.org\/es\/literatura\/#primaryimage"},"thumbnailUrl":"https:\/\/ibrnb.org\/wp-content\/uploads\/2025\/04\/LogoCristHist1Final-scaled.png","datePublished":"2025-03-04T20:32:26+00:00","dateModified":"2025-07-16T19:48:02+00:00","breadcrumb":{"@id":"https:\/\/ibrnb.org\/es\/literatura\/#breadcrumb"},"inLanguage":"es","potentialAction":[{"@type":"ReadAction","target":["https:\/\/ibrnb.org\/es\/literatura\/"]}]},{"@type":"ImageObject","inLanguage":"es","@id":"https:\/\/ibrnb.org\/es\/literatura\/#primaryimage","url":"https:\/\/ibrnb.org\/wp-content\/uploads\/2025\/04\/LogoCristHist1Final-scaled.png","contentUrl":"https:\/\/ibrnb.org\/wp-content\/uploads\/2025\/04\/LogoCristHist1Final-scaled.png"},{"@type":"BreadcrumbList","@id":"https:\/\/ibrnb.org\/es\/literatura\/#breadcrumb","itemListElement":[{"@type":"ListItem","position":1,"name":"Portada","item":"https:\/\/ibrnb.org\/"},{"@type":"ListItem","position":2,"name":"Literatura"}]},{"@type":"WebSite","@id":"https:\/\/ibrnb.org\/es\/#website","url":"https:\/\/ibrnb.org\/es\/","name":"Iglesia Bautista Reformada de North Bergen","description":"Iglesia del Se\u00f1or Jesucristo.","publisher":{"@id":"https:\/\/ibrnb.org\/es\/#organization"},"potentialAction":[{"@type":"SearchAction","target":{"@type":"EntryPoint","urlTemplate":"https:\/\/ibrnb.org\/es\/?s={search_term_string}"},"query-input":{"@type":"PropertyValueSpecification","valueRequired":true,"valueName":"search_term_string"}}],"inLanguage":"es"},{"@type":"Organization","@id":"https:\/\/ibrnb.org\/es\/#organization","name":"Iglesia Bautista Reformada de North Bergen","url":"https:\/\/ibrnb.org\/es\/","logo":{"@type":"ImageObject","inLanguage":"es","@id":"https:\/\/ibrnb.org\/es\/#\/schema\/logo\/image\/","url":"https:\/\/i0.wp.com\/ibrnb.org\/wp-content\/uploads\/2025\/03\/Iglesia_Logo_Calado-e1744687663107.png?fit=925%2C510&ssl=1","contentUrl":"https:\/\/i0.wp.com\/ibrnb.org\/wp-content\/uploads\/2025\/03\/Iglesia_Logo_Calado-e1744687663107.png?fit=925%2C510&ssl=1","width":925,"height":510,"caption":"Iglesia Bautista Reformada de North Bergen"},"image":{"@id":"https:\/\/ibrnb.org\/es\/#\/schema\/logo\/image\/"},"sameAs":["https:\/\/www.facebook.com\/profile.php?id=100064443055881"]}]}},"_links":{"self":[{"href":"https:\/\/ibrnb.org\/es\/wp-json\/wp\/v2\/pages\/22726","targetHints":{"allow":["GET"]}}],"collection":[{"href":"https:\/\/ibrnb.org\/es\/wp-json\/wp\/v2\/pages"}],"about":[{"href":"https:\/\/ibrnb.org\/es\/wp-json\/wp\/v2\/types\/page"}],"author":[{"embeddable":true,"href":"https:\/\/ibrnb.org\/es\/wp-json\/wp\/v2\/users\/1"}],"replies":[{"embeddable":true,"href":"https:\/\/ibrnb.org\/es\/wp-json\/wp\/v2\/comments?post=22726"}],"version-history":[{"count":23,"href":"https:\/\/ibrnb.org\/es\/wp-json\/wp\/v2\/pages\/22726\/revisions"}],"predecessor-version":[{"id":31806,"href":"https:\/\/ibrnb.org\/es\/wp-json\/wp\/v2\/pages\/22726\/revisions\/31806"}],"wp:attachment":[{"href":"https:\/\/ibrnb.org\/es\/wp-json\/wp\/v2\/media?parent=22726"}],"curies":[{"name":"wp","href":"https:\/\/api.w.org\/{rel}","templated":true}]}}