{"id":30796,"date":"2025-06-08T02:45:33","date_gmt":"2025-06-08T02:45:33","guid":{"rendered":"https:\/\/ibrnb.org\/?page_id=30796"},"modified":"2025-07-16T19:52:58","modified_gmt":"2025-07-16T19:52:58","slug":"livestream","status":"publish","type":"page","link":"https:\/\/ibrnb.org\/en\/livestream\/","title":{"rendered":"LiveStream"},"content":{"rendered":"<div data-elementor-type=\"wp-page\" data-elementor-id=\"30796\" class=\"elementor elementor-30796\">\n\t\t\t\t\t\t<section class=\"elementor-section elementor-top-section elementor-element elementor-element-11d5fcb elementor-section-boxed elementor-section-height-default elementor-section-height-default wpr-particle-no wpr-jarallax-no wpr-parallax-no wpr-sticky-section-no wpr-equal-height-no\" data-id=\"11d5fcb\" data-element_type=\"section\" data-e-type=\"section\">\n\t\t\t\t\t\t<div class=\"elementor-container elementor-column-gap-default\">\n\t\t\t\t\t<div class=\"elementor-column elementor-col-100 elementor-top-column elementor-element elementor-element-087a7ee\" data-id=\"087a7ee\" data-element_type=\"column\" data-e-type=\"column\">\n\t\t\t<div class=\"elementor-widget-wrap elementor-element-populated\">\n\t\t\t\t\t\t<div class=\"elementor-element elementor-element-e4082bf elementor-widget elementor-widget-heading\" data-id=\"e4082bf\" data-element_type=\"widget\" data-e-type=\"widget\" data-widget_type=\"heading.default\">\n\t\t\t\t<div class=\"elementor-widget-container\">\n\t\t\t\t\t<h1 class=\"elementor-heading-title elementor-size-default\">Welcome to the Live Stream of the <i>North Bergen Reformed Baptist Church<\/i><\/h1>\t\t\t\t<\/div>\n\t\t\t\t<\/div>\n\t\t\t\t<div class=\"elementor-element elementor-element-1e6dd7e elementor-widget elementor-widget-text-editor\" data-id=\"1e6dd7e\" data-element_type=\"widget\" data-e-type=\"widget\" data-widget_type=\"text-editor.default\">\n\t\t\t\t<div class=\"elementor-widget-container\">\n\t\t\t\t\t\t\t\t\t<p data-start=\"194\" data-end=\"412\">It's a privilege to have you join us for this live broadcast. We gather to glorify God through worship and the faithful preaching of His Word. May this time be edifying and strengthen your faith.<\/p>\t\t\t\t\t\t\t\t<\/div>\n\t\t\t\t<\/div>\n\t\t\t\t\t<\/div>\n\t\t<\/div>\n\t\t\t\t\t<\/div>\n\t\t<\/section>\n\t\t<div class=\"elementor-element elementor-element-bde86d6 e-con-full e-flex wpr-particle-no wpr-jarallax-no wpr-parallax-no wpr-sticky-section-no wpr-equal-height-no e-con e-parent\" data-id=\"bde86d6\" data-element_type=\"container\" data-e-type=\"container\">\n\t\t\t\t<div class=\"elementor-element elementor-element-6b39e9e elementor-widget elementor-widget-html\" data-id=\"6b39e9e\" data-element_type=\"widget\" data-e-type=\"widget\" data-widget_type=\"html.default\">\n\t\t\t\t<div class=\"elementor-widget-container\">\n\t\t\t\t\t<div id=\"youtube-container\">\r\n  <!-- Video en vivo -->\r\n  <div id=\"youtube-player\" style=\"display: none;\">\r\n    <iframe\r\n      width=\"100%\"\r\n      height=\"500\"\r\n      src=\"https:\/\/www.youtube.com\/embed\/live_stream?channel=UCkTMNfpPMUDoO6rebJAl3hQ&autoplay=1\"\r\n      frameborder=\"0\"\r\n      allowfullscreen>\r\n    <\/iframe>\r\n  <\/div>\r\n\r\n  <!-- Imagen alternativa si no hay transmisi\u00f3n -->\r\n  <div id=\"fallback\" style=\"display: none; text-align: center;\">\r\n    <img decoding=\"async\" src=\"https:\/\/ibrnb.org\/wp-content\/uploads\/2025\/04\/logoIBNB2-e1744688542362.png\"\r\n         alt=\"No hay transmisi\u00f3n en vivo en este momento\"\r\n         style=\"max-width:100%; height:auto; margin: 20px auto;\">\r\n    <p style=\"font-size: 1.2rem; color: #444;\">\r\n      We are not broadcasting live at this time. Come back soon.\r\n    <\/p>\r\n  <\/div>\r\n<\/div>\r\n\r\n<script>\r\n  async function checkLiveStatus() {\r\n    const apiKey = \"AIzaSyDpaSyfTgCtjq1CpazfJTdFHikoS77o0VU\";\r\n    const channelId = \"UCkTMNfpPMUDoO6rebJAl3hQ\";\r\n    const apiURL = `https:\/\/www.googleapis.com\/youtube\/v3\/search?part=snippet&channelId=${channelId}&eventType=live&type=video&key=${apiKey}`;\r\n\r\n    try {\r\n      const response = await fetch(apiURL);\r\n      const data = await response.json();\r\n\r\n      if (data.items && data.items.length > 0) {\r\n        \/\/ Hay transmisi\u00f3n en vivo\r\n        document.getElementById(\"youtube-player\").style.display = \"block\";\r\n      } else {\r\n        \/\/ No hay transmisi\u00f3n en vivo\r\n        document.getElementById(\"fallback\").style.display = \"block\";\r\n      }\r\n    } catch (error) {\r\n      console.error(\"Error al consultar la API de YouTube:\", error);\r\n      document.getElementById(\"fallback\").style.display = \"block\";\r\n    }\r\n  }\r\n\r\n  window.addEventListener(\"load\", checkLiveStatus);\r\n<\/script>\r\n\t\t\t\t<\/div>\n\t\t\t\t<\/div>\n\t\t\t\t<div class=\"elementor-element elementor-element-9d88470 elementor-widget elementor-widget-text-editor\" data-id=\"9d88470\" data-element_type=\"widget\" data-e-type=\"widget\" data-widget_type=\"text-editor.default\">\n\t\t\t\t<div class=\"elementor-widget-container\">\n\t\t\t\t\t\t\t\t\t<p style=\"text-align: center;\"><em data-start=\"414\" data-end=\"506\">\u00abPorque donde est\u00e1n dos o tres congregados en mi nombre, all\u00ed estoy yo en medio de ellos.\u00bb<\/em><br data-start=\"506\" data-end=\"509\" \/>\u2014 Mateo 18:20<\/p>\t\t\t\t\t\t\t\t<\/div>\n\t\t\t\t<\/div>\n\t\t\t\t<\/div>\n\t\t\t\t<\/div>","protected":false},"excerpt":{"rendered":"<p>Bienvenidos al Live Stream de la Iglesia Bautista Reformada de North Bergen Es un privilegio contar con su presencia en esta transmisi\u00f3n en vivo. Nos congregamos para glorificar a Dios mediante la adoraci\u00f3n y la predicaci\u00f3n fiel de su Palabra. Que este tiempo sea edificante y fortalezca su fe. No estamos transmitiendo en vivo en este momento. Vuelve pronto. \u00abPorque donde est\u00e1n dos o tres congregados en mi nombre, all\u00ed estoy yo en medio de ellos.\u00bb\u2014 Mateo 18:20<\/p>","protected":false},"author":1,"featured_media":0,"parent":0,"menu_order":0,"comment_status":"closed","ping_status":"closed","template":"elementor_canvas","meta":{"footnotes":""},"class_list":["post-30796","page","type-page","status-publish","hentry"],"yoast_head":"<!-- This site is optimized with the Yoast SEO plugin v27.4 - https:\/\/yoast.com\/product\/yoast-seo-wordpress\/ -->\n<title>LiveStream - Iglesia Bautista Reformada de North Bergen<\/title>\n<meta name=\"robots\" content=\"index, follow, max-snippet:-1, max-image-preview:large, max-video-preview:-1\" \/>\n<link rel=\"canonical\" href=\"https:\/\/ibrnb.org\/en\/livestream\/\" \/>\n<meta property=\"og:locale\" content=\"en_US\" \/>\n<meta property=\"og:type\" content=\"article\" \/>\n<meta property=\"og:title\" content=\"LiveStream - Iglesia Bautista Reformada de North Bergen\" \/>\n<meta property=\"og:description\" content=\"Bienvenidos al Live Stream de la Iglesia Bautista Reformada de North Bergen Es un privilegio contar con su presencia en esta transmisi\u00f3n en vivo. Nos congregamos para glorificar a Dios mediante la adoraci\u00f3n y la predicaci\u00f3n fiel de su Palabra. Que este tiempo sea edificante y fortalezca su fe. No estamos transmitiendo en vivo en este momento. Vuelve pronto. \u00abPorque donde est\u00e1n dos o tres congregados en mi nombre, all\u00ed estoy yo en medio de ellos.\u00bb\u2014 Mateo 18:20\" \/>\n<meta property=\"og:url\" content=\"https:\/\/ibrnb.org\/en\/livestream\/\" \/>\n<meta property=\"og:site_name\" content=\"Iglesia Bautista Reformada de North Bergen\" \/>\n<meta property=\"article:publisher\" content=\"https:\/\/www.facebook.com\/profile.php?id=100064443055881\" \/>\n<meta property=\"article:modified_time\" content=\"2025-07-16T19:52:58+00:00\" \/>\n<meta property=\"og:image\" content=\"https:\/\/ibrnb.org\/wp-content\/uploads\/2025\/04\/logoIBNB2-e1744688542362.png\" \/>\n<meta name=\"twitter:card\" content=\"summary_large_image\" \/>\n<meta name=\"twitter:label1\" content=\"Est. reading time\" \/>\n\t<meta name=\"twitter:data1\" content=\"1 minute\" \/>\n<script type=\"application\/ld+json\" class=\"yoast-schema-graph\">{\"@context\":\"https:\\\/\\\/schema.org\",\"@graph\":[{\"@type\":\"WebPage\",\"@id\":\"https:\\\/\\\/ibrnb.org\\\/livestream\\\/\",\"url\":\"https:\\\/\\\/ibrnb.org\\\/livestream\\\/\",\"name\":\"LiveStream - Iglesia Bautista Reformada de North Bergen\",\"isPartOf\":{\"@id\":\"https:\\\/\\\/ibrnb.org\\\/es\\\/#website\"},\"primaryImageOfPage\":{\"@id\":\"https:\\\/\\\/ibrnb.org\\\/livestream\\\/#primaryimage\"},\"image\":{\"@id\":\"https:\\\/\\\/ibrnb.org\\\/livestream\\\/#primaryimage\"},\"thumbnailUrl\":\"https:\\\/\\\/ibrnb.org\\\/wp-content\\\/uploads\\\/2025\\\/04\\\/logoIBNB2-e1744688542362.png\",\"datePublished\":\"2025-06-08T02:45:33+00:00\",\"dateModified\":\"2025-07-16T19:52:58+00:00\",\"breadcrumb\":{\"@id\":\"https:\\\/\\\/ibrnb.org\\\/livestream\\\/#breadcrumb\"},\"inLanguage\":\"en-US\",\"potentialAction\":[{\"@type\":\"ReadAction\",\"target\":[\"https:\\\/\\\/ibrnb.org\\\/livestream\\\/\"]}]},{\"@type\":\"ImageObject\",\"inLanguage\":\"en-US\",\"@id\":\"https:\\\/\\\/ibrnb.org\\\/livestream\\\/#primaryimage\",\"url\":\"https:\\\/\\\/ibrnb.org\\\/wp-content\\\/uploads\\\/2025\\\/04\\\/logoIBNB2-e1744688542362.png\",\"contentUrl\":\"https:\\\/\\\/ibrnb.org\\\/wp-content\\\/uploads\\\/2025\\\/04\\\/logoIBNB2-e1744688542362.png\"},{\"@type\":\"BreadcrumbList\",\"@id\":\"https:\\\/\\\/ibrnb.org\\\/livestream\\\/#breadcrumb\",\"itemListElement\":[{\"@type\":\"ListItem\",\"position\":1,\"name\":\"Portada\",\"item\":\"https:\\\/\\\/ibrnb.org\\\/\"},{\"@type\":\"ListItem\",\"position\":2,\"name\":\"LiveStream\"}]},{\"@type\":\"WebSite\",\"@id\":\"https:\\\/\\\/ibrnb.org\\\/es\\\/#website\",\"url\":\"https:\\\/\\\/ibrnb.org\\\/es\\\/\",\"name\":\"Iglesia Bautista Reformada de North Bergen\",\"description\":\"Iglesia del Se\u00f1or Jesucristo.\",\"publisher\":{\"@id\":\"https:\\\/\\\/ibrnb.org\\\/es\\\/#organization\"},\"potentialAction\":[{\"@type\":\"SearchAction\",\"target\":{\"@type\":\"EntryPoint\",\"urlTemplate\":\"https:\\\/\\\/ibrnb.org\\\/es\\\/?s={search_term_string}\"},\"query-input\":{\"@type\":\"PropertyValueSpecification\",\"valueRequired\":true,\"valueName\":\"search_term_string\"}}],\"inLanguage\":\"en-US\"},{\"@type\":\"Organization\",\"@id\":\"https:\\\/\\\/ibrnb.org\\\/es\\\/#organization\",\"name\":\"Iglesia Bautista Reformada de North Bergen\",\"url\":\"https:\\\/\\\/ibrnb.org\\\/es\\\/\",\"logo\":{\"@type\":\"ImageObject\",\"inLanguage\":\"en-US\",\"@id\":\"https:\\\/\\\/ibrnb.org\\\/es\\\/#\\\/schema\\\/logo\\\/image\\\/\",\"url\":\"https:\\\/\\\/i0.wp.com\\\/ibrnb.org\\\/wp-content\\\/uploads\\\/2025\\\/03\\\/Iglesia_Logo_Calado-e1744687663107.png?fit=925%2C510&ssl=1\",\"contentUrl\":\"https:\\\/\\\/i0.wp.com\\\/ibrnb.org\\\/wp-content\\\/uploads\\\/2025\\\/03\\\/Iglesia_Logo_Calado-e1744687663107.png?fit=925%2C510&ssl=1\",\"width\":925,\"height\":510,\"caption\":\"Iglesia Bautista Reformada de North Bergen\"},\"image\":{\"@id\":\"https:\\\/\\\/ibrnb.org\\\/es\\\/#\\\/schema\\\/logo\\\/image\\\/\"},\"sameAs\":[\"https:\\\/\\\/www.facebook.com\\\/profile.php?id=100064443055881\"]}]}<\/script>\n<!-- \/ Yoast SEO plugin. -->","yoast_head_json":{"title":"LiveStream - Iglesia Bautista Reformada de North Bergen","robots":{"index":"index","follow":"follow","max-snippet":"max-snippet:-1","max-image-preview":"max-image-preview:large","max-video-preview":"max-video-preview:-1"},"canonical":"https:\/\/ibrnb.org\/en\/livestream\/","og_locale":"en_US","og_type":"article","og_title":"LiveStream - Iglesia Bautista Reformada de North Bergen","og_description":"Bienvenidos al Live Stream de la Iglesia Bautista Reformada de North Bergen Es un privilegio contar con su presencia en esta transmisi\u00f3n en vivo. Nos congregamos para glorificar a Dios mediante la adoraci\u00f3n y la predicaci\u00f3n fiel de su Palabra. Que este tiempo sea edificante y fortalezca su fe. No estamos transmitiendo en vivo en este momento. Vuelve pronto. \u00abPorque donde est\u00e1n dos o tres congregados en mi nombre, all\u00ed estoy yo en medio de ellos.\u00bb\u2014 Mateo 18:20","og_url":"https:\/\/ibrnb.org\/en\/livestream\/","og_site_name":"Iglesia Bautista Reformada de North Bergen","article_publisher":"https:\/\/www.facebook.com\/profile.php?id=100064443055881","article_modified_time":"2025-07-16T19:52:58+00:00","og_image":[{"url":"https:\/\/ibrnb.org\/wp-content\/uploads\/2025\/04\/logoIBNB2-e1744688542362.png","type":"","width":"","height":""}],"twitter_card":"summary_large_image","twitter_misc":{"Est. reading time":"1 minute"},"schema":{"@context":"https:\/\/schema.org","@graph":[{"@type":"WebPage","@id":"https:\/\/ibrnb.org\/livestream\/","url":"https:\/\/ibrnb.org\/livestream\/","name":"LiveStream - Iglesia Bautista Reformada de North Bergen","isPartOf":{"@id":"https:\/\/ibrnb.org\/es\/#website"},"primaryImageOfPage":{"@id":"https:\/\/ibrnb.org\/livestream\/#primaryimage"},"image":{"@id":"https:\/\/ibrnb.org\/livestream\/#primaryimage"},"thumbnailUrl":"https:\/\/ibrnb.org\/wp-content\/uploads\/2025\/04\/logoIBNB2-e1744688542362.png","datePublished":"2025-06-08T02:45:33+00:00","dateModified":"2025-07-16T19:52:58+00:00","breadcrumb":{"@id":"https:\/\/ibrnb.org\/livestream\/#breadcrumb"},"inLanguage":"en-US","potentialAction":[{"@type":"ReadAction","target":["https:\/\/ibrnb.org\/livestream\/"]}]},{"@type":"ImageObject","inLanguage":"en-US","@id":"https:\/\/ibrnb.org\/livestream\/#primaryimage","url":"https:\/\/ibrnb.org\/wp-content\/uploads\/2025\/04\/logoIBNB2-e1744688542362.png","contentUrl":"https:\/\/ibrnb.org\/wp-content\/uploads\/2025\/04\/logoIBNB2-e1744688542362.png"},{"@type":"BreadcrumbList","@id":"https:\/\/ibrnb.org\/livestream\/#breadcrumb","itemListElement":[{"@type":"ListItem","position":1,"name":"Portada","item":"https:\/\/ibrnb.org\/"},{"@type":"ListItem","position":2,"name":"LiveStream"}]},{"@type":"WebSite","@id":"https:\/\/ibrnb.org\/es\/#website","url":"https:\/\/ibrnb.org\/es\/","name":"North Bergen Reformed Baptist Church","description":"Iglesia del Se\u00f1or Jesucristo.","publisher":{"@id":"https:\/\/ibrnb.org\/es\/#organization"},"potentialAction":[{"@type":"SearchAction","target":{"@type":"EntryPoint","urlTemplate":"https:\/\/ibrnb.org\/es\/?s={search_term_string}"},"query-input":{"@type":"PropertyValueSpecification","valueRequired":true,"valueName":"search_term_string"}}],"inLanguage":"en-US"},{"@type":"Organization","@id":"https:\/\/ibrnb.org\/es\/#organization","name":"North Bergen Reformed Baptist Church","url":"https:\/\/ibrnb.org\/es\/","logo":{"@type":"ImageObject","inLanguage":"en-US","@id":"https:\/\/ibrnb.org\/es\/#\/schema\/logo\/image\/","url":"https:\/\/i0.wp.com\/ibrnb.org\/wp-content\/uploads\/2025\/03\/Iglesia_Logo_Calado-e1744687663107.png?fit=925%2C510&ssl=1","contentUrl":"https:\/\/i0.wp.com\/ibrnb.org\/wp-content\/uploads\/2025\/03\/Iglesia_Logo_Calado-e1744687663107.png?fit=925%2C510&ssl=1","width":925,"height":510,"caption":"Iglesia Bautista Reformada de North Bergen"},"image":{"@id":"https:\/\/ibrnb.org\/es\/#\/schema\/logo\/image\/"},"sameAs":["https:\/\/www.facebook.com\/profile.php?id=100064443055881"]}]}},"_links":{"self":[{"href":"https:\/\/ibrnb.org\/en\/wp-json\/wp\/v2\/pages\/30796","targetHints":{"allow":["GET"]}}],"collection":[{"href":"https:\/\/ibrnb.org\/en\/wp-json\/wp\/v2\/pages"}],"about":[{"href":"https:\/\/ibrnb.org\/en\/wp-json\/wp\/v2\/types\/page"}],"author":[{"embeddable":true,"href":"https:\/\/ibrnb.org\/en\/wp-json\/wp\/v2\/users\/1"}],"replies":[{"embeddable":true,"href":"https:\/\/ibrnb.org\/en\/wp-json\/wp\/v2\/comments?post=30796"}],"version-history":[{"count":26,"href":"https:\/\/ibrnb.org\/en\/wp-json\/wp\/v2\/pages\/30796\/revisions"}],"predecessor-version":[{"id":31818,"href":"https:\/\/ibrnb.org\/en\/wp-json\/wp\/v2\/pages\/30796\/revisions\/31818"}],"wp:attachment":[{"href":"https:\/\/ibrnb.org\/en\/wp-json\/wp\/v2\/media?parent=30796"}],"curies":[{"name":"wp","href":"https:\/\/api.w.org\/{rel}","templated":true}]}}