{"id":28592,"date":"2025-04-23T03:42:40","date_gmt":"2025-04-23T03:42:40","guid":{"rendered":"https:\/\/ibrnb.org\/?page_id=28592"},"modified":"2026-01-09T02:21:02","modified_gmt":"2026-01-09T02:21:02","slug":"ariel-rodriguez","status":"publish","type":"page","link":"https:\/\/ibrnb.org\/en\/ariel-rodriguez\/","title":{"rendered":"Ariel Rodr\u00edguez"},"content":{"rendered":"<div data-elementor-type=\"wp-page\" data-elementor-id=\"28592\" class=\"elementor elementor-28592\">\n\t\t\t\t\t\t<section class=\"elementor-section elementor-top-section elementor-element elementor-element-e30f4c8 elementor-section-boxed elementor-section-height-default elementor-section-height-default wpr-particle-no wpr-jarallax-no wpr-parallax-no wpr-sticky-section-no wpr-equal-height-no\" data-id=\"e30f4c8\" data-element_type=\"section\" data-e-type=\"section\">\n\t\t\t\t\t\t<div class=\"elementor-container elementor-column-gap-default\">\n\t\t\t\t\t<div class=\"elementor-column elementor-col-100 elementor-top-column elementor-element elementor-element-cfeb267\" data-id=\"cfeb267\" data-element_type=\"column\" data-e-type=\"column\">\n\t\t\t<div class=\"elementor-widget-wrap elementor-element-populated\">\n\t\t\t\t\t\t<div class=\"elementor-element elementor-element-600b2a9 elementor-widget elementor-widget-heading\" data-id=\"600b2a9\" data-element_type=\"widget\" data-e-type=\"widget\" data-widget_type=\"heading.default\">\n\t\t\t\t<div class=\"elementor-widget-container\">\n\t\t\t\t\t<h1 class=\"elementor-heading-title elementor-size-default\">Leadership<\/h1>\t\t\t\t<\/div>\n\t\t\t\t<\/div>\n\t\t\t\t<div class=\"elementor-element elementor-element-3e11ed2 elementor-widget elementor-widget-text-editor\" data-id=\"3e11ed2\" data-element_type=\"widget\" data-e-type=\"widget\" data-widget_type=\"text-editor.default\">\n\t\t\t\t<div class=\"elementor-widget-container\">\n\t\t\t\t\t\t\t\t\t<p><sup class=\"versenum\">15\u00a0<\/sup>And I will give you pastors according to Mine heart, who shall feed you with knowledge and understanding.\u2019<\/p><p>\u00a0Jeremiah 3:15<\/p>\t\t\t\t\t\t\t\t<\/div>\n\t\t\t\t<\/div>\n\t\t\t\t\t<\/div>\n\t\t<\/div>\n\t\t\t\t\t<\/div>\n\t\t<\/section>\n\t\t<div class=\"elementor-element elementor-element-31192f8 e-flex e-con-boxed wpr-particle-no wpr-jarallax-no wpr-parallax-no wpr-sticky-section-no wpr-equal-height-no e-con e-parent\" data-id=\"31192f8\" data-element_type=\"container\" data-e-type=\"container\">\n\t\t\t\t\t<div class=\"e-con-inner\">\n\t\t<div class=\"elementor-element elementor-element-4fbafd6 e-con-full e-flex wpr-particle-no wpr-jarallax-no wpr-parallax-no wpr-sticky-section-no wpr-equal-height-no e-con e-child\" data-id=\"4fbafd6\" data-element_type=\"container\" data-e-type=\"container\">\n\t\t\t\t<div class=\"elementor-element elementor-element-3cf661d elementor-widget elementor-widget-image\" data-id=\"3cf661d\" data-element_type=\"widget\" data-e-type=\"widget\" data-widget_type=\"image.default\">\n\t\t\t\t<div class=\"elementor-widget-container\">\n\t\t\t\t\t\t\t\t\t\t\t\t<figure class=\"wp-caption\">\n\t\t\t\t\t\t\t\t\t\t<img fetchpriority=\"high\" decoding=\"async\" width=\"1024\" height=\"1536\" src=\"https:\/\/ibrnb.org\/wp-content\/uploads\/2026\/01\/arodriguez-1.png\" class=\"attachment-full size-full wp-image-33181\" alt=\"\" srcset=\"https:\/\/ibrnb.org\/wp-content\/uploads\/2026\/01\/arodriguez-1.png 1024w, https:\/\/ibrnb.org\/wp-content\/uploads\/2026\/01\/arodriguez-1-768x1152.png 768w, https:\/\/ibrnb.org\/wp-content\/uploads\/2026\/01\/arodriguez-1-8x12.png 8w\" sizes=\"(max-width: 1024px) 100vw, 1024px\" \/>\t\t\t\t\t\t\t\t\t\t\t<figcaption class=\"widget-image-caption wp-caption-text\">Pr. Ariel Rodr\u00edguez<\/figcaption>\n\t\t\t\t\t\t\t\t\t\t<\/figure>\n\t\t\t\t\t\t\t\t\t<\/div>\n\t\t\t\t<\/div>\n\t\t\t\t<\/div>\n\t\t<div class=\"elementor-element elementor-element-e8ab401 e-con-full e-flex wpr-particle-no wpr-jarallax-no wpr-parallax-no wpr-sticky-section-no wpr-equal-height-no e-con e-child\" data-id=\"e8ab401\" data-element_type=\"container\" data-e-type=\"container\">\n\t\t\t\t<div class=\"elementor-element elementor-element-335c2ee elementor-widget elementor-widget-text-editor\" data-id=\"335c2ee\" data-element_type=\"widget\" data-e-type=\"widget\" data-widget_type=\"text-editor.default\">\n\t\t\t\t<div class=\"elementor-widget-container\">\n\t\t\t\t\t\t\t\t\t<p>Ariel Rodriguez Diaz was born in Santo Domingo, Dominican Republic, into a Christian home. He came to know the saving grace of the Lord Jesus Christ at an early age, something that protected him from many of the dangers of the world and marked the course of his life.<\/p><p>He earned a Bachelor of Architecture degree from the Polytechnic University of Puerto Rico and later completed a Master's degree in Sustainability at New England College in New Hampshire, USA.<\/p><p>He currently practices as an architect in the state of New Jersey and, since 2023, has been called to pastoral ministry, serving as an ordained pastor at North Bergen Reformed Baptist Church. He is currently attending Trinity Ministerial Academy, a ministry of Trinity Baptist Church, in Montville, New Jersey.<\/p><p>In 2021, he founded Palabras Sabias Foundation, a non-profit organization whose mission is to provide theological resources, especially books, to pastors throughout Latin America. These materials contribute to a greater understanding of the Word of God, to the formation of ministerial leaders and to the strengthening of local churches.<\/p><p>He is married to Yassiris Reyes, with whom he has two children: Lucille Delanie and Sebastian Ariel. He thanks God for his family, whom he considers an invaluable blessing in his life and ministry.<\/p>\t\t\t\t\t\t\t\t<\/div>\n\t\t\t\t<\/div>\n\t\t\t\t<\/div>\n\t\t\t\t\t<\/div>\n\t\t\t\t<\/div>\n\t\t\t\t<\/div>","protected":false},"excerpt":{"rendered":"<p>Liderazgo 15\u00a0y os dar\u00e9 pastores seg\u00fan mi coraz\u00f3n, que os apacienten con ciencia y con inteligencia. \u00a0Jerem\u00edas 3:15 Pr. Ariel Rodr\u00edguez D\u00edaz Ariel Rodr\u00edguez D\u00edaz naci\u00f3 en Santo Domingo, Rep\u00fablica Dominicana, en el seno de un hogar cristiano. Conoci\u00f3 la gracia salvadora del Se\u00f1or Jesucristo a una edad temprana algo que lo protegi\u00f3 de muchos de los peligros del mundo y marc\u00f3 el rumbo de su vida. Obtuvo el t\u00edtulo de Licenciado en Arquitectura en la Universidad Polit\u00e9cnica de Puerto Rico y, posteriormente, complet\u00f3 una Maestr\u00eda en Sustentabilidad en el New England College, en New Hampshire, Estados Unidos. Actualmente, ejerce como arquitecto en el estado de Nueva Jersey y, desde el a\u00f1o 2023, fue llamado al ministerio pastoral, sirviendo como pastor ordenado en la Iglesia Bautista Reformada de North Bergen. Actualmente, cursa estudios en la Trinity Ministerial Academy, un ministerio de la Trinity Baptist Church, en Montville, Nueva Jersey. En el a\u00f1o 2021, fund\u00f3 la Fundaci\u00f3n Palabras Sabias, una organizaci\u00f3n sin fines de lucro cuya misi\u00f3n es proveer recursos teol\u00f3gicos, especialmente libros, a pastores en toda Am\u00e9rica Latina. Estos materiales contribuyen a una mayor comprensi\u00f3n de la Palabra de Dios, a la formaci\u00f3n de l\u00edderes ministeriales y al fortalecimiento de las iglesias locales. Est\u00e1 casado con Yassiris Reyes, con quien tiene dos hijos: Lucille Delanie y Sebasti\u00e1n Ariel. Da gracias a Dios por su familia, a quienes considera una bendici\u00f3n invaluable en su vida y ministerio.<\/p>","protected":false},"author":1,"featured_media":0,"parent":0,"menu_order":0,"comment_status":"closed","ping_status":"closed","template":"","meta":{"footnotes":""},"class_list":["post-28592","page","type-page","status-publish","hentry"],"yoast_head":"<!-- This site is optimized with the Yoast SEO plugin v27.4 - https:\/\/yoast.com\/product\/yoast-seo-wordpress\/ -->\n<title>Ariel Rodr\u00edguez - Iglesia Bautista Reformada de North Bergen<\/title>\n<meta name=\"robots\" content=\"index, follow, max-snippet:-1, max-image-preview:large, max-video-preview:-1\" \/>\n<link rel=\"canonical\" href=\"https:\/\/ibrnb.org\/en\/ariel-rodriguez\/\" \/>\n<meta property=\"og:locale\" content=\"en_US\" \/>\n<meta property=\"og:type\" content=\"article\" \/>\n<meta property=\"og:title\" content=\"Ariel Rodr\u00edguez - Iglesia Bautista Reformada de North Bergen\" \/>\n<meta property=\"og:description\" content=\"Liderazgo 15\u00a0y os dar\u00e9 pastores seg\u00fan mi coraz\u00f3n, que os apacienten con ciencia y con inteligencia. \u00a0Jerem\u00edas 3:15 Pr. Ariel Rodr\u00edguez D\u00edaz Ariel Rodr\u00edguez D\u00edaz naci\u00f3 en Santo Domingo, Rep\u00fablica Dominicana, en el seno de un hogar cristiano. Conoci\u00f3 la gracia salvadora del Se\u00f1or Jesucristo a una edad temprana algo que lo protegi\u00f3 de muchos de los peligros del mundo y marc\u00f3 el rumbo de su vida. Obtuvo el t\u00edtulo de Licenciado en Arquitectura en la Universidad Polit\u00e9cnica de Puerto Rico y, posteriormente, complet\u00f3 una Maestr\u00eda en Sustentabilidad en el New England College, en New Hampshire, Estados Unidos. Actualmente, ejerce como arquitecto en el estado de Nueva Jersey y, desde el a\u00f1o 2023, fue llamado al ministerio pastoral, sirviendo como pastor ordenado en la Iglesia Bautista Reformada de North Bergen. Actualmente, cursa estudios en la Trinity Ministerial Academy, un ministerio de la Trinity Baptist Church, en Montville, Nueva Jersey. En el a\u00f1o 2021, fund\u00f3 la Fundaci\u00f3n Palabras Sabias, una organizaci\u00f3n sin fines de lucro cuya misi\u00f3n es proveer recursos teol\u00f3gicos, especialmente libros, a pastores en toda Am\u00e9rica Latina. Estos materiales contribuyen a una mayor comprensi\u00f3n de la Palabra de Dios, a la formaci\u00f3n de l\u00edderes ministeriales y al fortalecimiento de las iglesias locales. Est\u00e1 casado con Yassiris Reyes, con quien tiene dos hijos: Lucille Delanie y Sebasti\u00e1n Ariel. Da gracias a Dios por su familia, a quienes considera una bendici\u00f3n invaluable en su vida y ministerio.\" \/>\n<meta property=\"og:url\" content=\"https:\/\/ibrnb.org\/en\/ariel-rodriguez\/\" \/>\n<meta property=\"og:site_name\" content=\"Iglesia Bautista Reformada de North Bergen\" \/>\n<meta property=\"article:publisher\" content=\"https:\/\/www.facebook.com\/profile.php?id=100064443055881\" \/>\n<meta property=\"article:modified_time\" content=\"2026-01-09T02:21:02+00:00\" \/>\n<meta property=\"og:image\" content=\"https:\/\/ibrnb.org\/wp-content\/uploads\/2026\/01\/arodriguez-1.png\" \/>\n\t<meta property=\"og:image:width\" content=\"1024\" \/>\n\t<meta property=\"og:image:height\" content=\"1536\" \/>\n\t<meta property=\"og:image:type\" content=\"image\/png\" \/>\n<meta name=\"twitter:card\" content=\"summary_large_image\" \/>\n<meta name=\"twitter:label1\" content=\"Est. reading time\" \/>\n\t<meta name=\"twitter:data1\" content=\"2 minutes\" \/>\n<script type=\"application\/ld+json\" class=\"yoast-schema-graph\">{\"@context\":\"https:\\\/\\\/schema.org\",\"@graph\":[{\"@type\":\"WebPage\",\"@id\":\"https:\\\/\\\/ibrnb.org\\\/ariel-rodriguez\\\/\",\"url\":\"https:\\\/\\\/ibrnb.org\\\/ariel-rodriguez\\\/\",\"name\":\"Ariel Rodr\u00edguez - Iglesia Bautista Reformada de North Bergen\",\"isPartOf\":{\"@id\":\"https:\\\/\\\/ibrnb.org\\\/es\\\/#website\"},\"primaryImageOfPage\":{\"@id\":\"https:\\\/\\\/ibrnb.org\\\/ariel-rodriguez\\\/#primaryimage\"},\"image\":{\"@id\":\"https:\\\/\\\/ibrnb.org\\\/ariel-rodriguez\\\/#primaryimage\"},\"thumbnailUrl\":\"https:\\\/\\\/ibrnb.org\\\/wp-content\\\/uploads\\\/2026\\\/01\\\/arodriguez-1.png\",\"datePublished\":\"2025-04-23T03:42:40+00:00\",\"dateModified\":\"2026-01-09T02:21:02+00:00\",\"breadcrumb\":{\"@id\":\"https:\\\/\\\/ibrnb.org\\\/ariel-rodriguez\\\/#breadcrumb\"},\"inLanguage\":\"en-US\",\"potentialAction\":[{\"@type\":\"ReadAction\",\"target\":[\"https:\\\/\\\/ibrnb.org\\\/ariel-rodriguez\\\/\"]}]},{\"@type\":\"ImageObject\",\"inLanguage\":\"en-US\",\"@id\":\"https:\\\/\\\/ibrnb.org\\\/ariel-rodriguez\\\/#primaryimage\",\"url\":\"https:\\\/\\\/ibrnb.org\\\/wp-content\\\/uploads\\\/2026\\\/01\\\/arodriguez-1.png\",\"contentUrl\":\"https:\\\/\\\/ibrnb.org\\\/wp-content\\\/uploads\\\/2026\\\/01\\\/arodriguez-1.png\"},{\"@type\":\"BreadcrumbList\",\"@id\":\"https:\\\/\\\/ibrnb.org\\\/ariel-rodriguez\\\/#breadcrumb\",\"itemListElement\":[{\"@type\":\"ListItem\",\"position\":1,\"name\":\"Portada\",\"item\":\"https:\\\/\\\/ibrnb.org\\\/\"},{\"@type\":\"ListItem\",\"position\":2,\"name\":\"Ariel Rodr\u00edguez\"}]},{\"@type\":\"WebSite\",\"@id\":\"https:\\\/\\\/ibrnb.org\\\/es\\\/#website\",\"url\":\"https:\\\/\\\/ibrnb.org\\\/es\\\/\",\"name\":\"Iglesia Bautista Reformada de North Bergen\",\"description\":\"Iglesia del Se\u00f1or Jesucristo.\",\"publisher\":{\"@id\":\"https:\\\/\\\/ibrnb.org\\\/es\\\/#organization\"},\"potentialAction\":[{\"@type\":\"SearchAction\",\"target\":{\"@type\":\"EntryPoint\",\"urlTemplate\":\"https:\\\/\\\/ibrnb.org\\\/es\\\/?s={search_term_string}\"},\"query-input\":{\"@type\":\"PropertyValueSpecification\",\"valueRequired\":true,\"valueName\":\"search_term_string\"}}],\"inLanguage\":\"en-US\"},{\"@type\":\"Organization\",\"@id\":\"https:\\\/\\\/ibrnb.org\\\/es\\\/#organization\",\"name\":\"Iglesia Bautista Reformada de North Bergen\",\"url\":\"https:\\\/\\\/ibrnb.org\\\/es\\\/\",\"logo\":{\"@type\":\"ImageObject\",\"inLanguage\":\"en-US\",\"@id\":\"https:\\\/\\\/ibrnb.org\\\/es\\\/#\\\/schema\\\/logo\\\/image\\\/\",\"url\":\"https:\\\/\\\/i0.wp.com\\\/ibrnb.org\\\/wp-content\\\/uploads\\\/2025\\\/03\\\/Iglesia_Logo_Calado-e1744687663107.png?fit=925%2C510&ssl=1\",\"contentUrl\":\"https:\\\/\\\/i0.wp.com\\\/ibrnb.org\\\/wp-content\\\/uploads\\\/2025\\\/03\\\/Iglesia_Logo_Calado-e1744687663107.png?fit=925%2C510&ssl=1\",\"width\":925,\"height\":510,\"caption\":\"Iglesia Bautista Reformada de North Bergen\"},\"image\":{\"@id\":\"https:\\\/\\\/ibrnb.org\\\/es\\\/#\\\/schema\\\/logo\\\/image\\\/\"},\"sameAs\":[\"https:\\\/\\\/www.facebook.com\\\/profile.php?id=100064443055881\"]}]}<\/script>\n<!-- \/ Yoast SEO plugin. -->","yoast_head_json":{"title":"Ariel Rodr\u00edguez - Iglesia Bautista Reformada de North Bergen","robots":{"index":"index","follow":"follow","max-snippet":"max-snippet:-1","max-image-preview":"max-image-preview:large","max-video-preview":"max-video-preview:-1"},"canonical":"https:\/\/ibrnb.org\/en\/ariel-rodriguez\/","og_locale":"en_US","og_type":"article","og_title":"Ariel Rodr\u00edguez - Iglesia Bautista Reformada de North Bergen","og_description":"Liderazgo 15\u00a0y os dar\u00e9 pastores seg\u00fan mi coraz\u00f3n, que os apacienten con ciencia y con inteligencia. \u00a0Jerem\u00edas 3:15 Pr. Ariel Rodr\u00edguez D\u00edaz Ariel Rodr\u00edguez D\u00edaz naci\u00f3 en Santo Domingo, Rep\u00fablica Dominicana, en el seno de un hogar cristiano. Conoci\u00f3 la gracia salvadora del Se\u00f1or Jesucristo a una edad temprana algo que lo protegi\u00f3 de muchos de los peligros del mundo y marc\u00f3 el rumbo de su vida. Obtuvo el t\u00edtulo de Licenciado en Arquitectura en la Universidad Polit\u00e9cnica de Puerto Rico y, posteriormente, complet\u00f3 una Maestr\u00eda en Sustentabilidad en el New England College, en New Hampshire, Estados Unidos. Actualmente, ejerce como arquitecto en el estado de Nueva Jersey y, desde el a\u00f1o 2023, fue llamado al ministerio pastoral, sirviendo como pastor ordenado en la Iglesia Bautista Reformada de North Bergen. Actualmente, cursa estudios en la Trinity Ministerial Academy, un ministerio de la Trinity Baptist Church, en Montville, Nueva Jersey. En el a\u00f1o 2021, fund\u00f3 la Fundaci\u00f3n Palabras Sabias, una organizaci\u00f3n sin fines de lucro cuya misi\u00f3n es proveer recursos teol\u00f3gicos, especialmente libros, a pastores en toda Am\u00e9rica Latina. Estos materiales contribuyen a una mayor comprensi\u00f3n de la Palabra de Dios, a la formaci\u00f3n de l\u00edderes ministeriales y al fortalecimiento de las iglesias locales. Est\u00e1 casado con Yassiris Reyes, con quien tiene dos hijos: Lucille Delanie y Sebasti\u00e1n Ariel. Da gracias a Dios por su familia, a quienes considera una bendici\u00f3n invaluable en su vida y ministerio.","og_url":"https:\/\/ibrnb.org\/en\/ariel-rodriguez\/","og_site_name":"Iglesia Bautista Reformada de North Bergen","article_publisher":"https:\/\/www.facebook.com\/profile.php?id=100064443055881","article_modified_time":"2026-01-09T02:21:02+00:00","og_image":[{"width":1024,"height":1536,"url":"https:\/\/ibrnb.org\/wp-content\/uploads\/2026\/01\/arodriguez-1.png","type":"image\/png"}],"twitter_card":"summary_large_image","twitter_misc":{"Est. reading time":"2 minutes"},"schema":{"@context":"https:\/\/schema.org","@graph":[{"@type":"WebPage","@id":"https:\/\/ibrnb.org\/ariel-rodriguez\/","url":"https:\/\/ibrnb.org\/ariel-rodriguez\/","name":"Ariel Rodr\u00edguez - Iglesia Bautista Reformada de North Bergen","isPartOf":{"@id":"https:\/\/ibrnb.org\/es\/#website"},"primaryImageOfPage":{"@id":"https:\/\/ibrnb.org\/ariel-rodriguez\/#primaryimage"},"image":{"@id":"https:\/\/ibrnb.org\/ariel-rodriguez\/#primaryimage"},"thumbnailUrl":"https:\/\/ibrnb.org\/wp-content\/uploads\/2026\/01\/arodriguez-1.png","datePublished":"2025-04-23T03:42:40+00:00","dateModified":"2026-01-09T02:21:02+00:00","breadcrumb":{"@id":"https:\/\/ibrnb.org\/ariel-rodriguez\/#breadcrumb"},"inLanguage":"en-US","potentialAction":[{"@type":"ReadAction","target":["https:\/\/ibrnb.org\/ariel-rodriguez\/"]}]},{"@type":"ImageObject","inLanguage":"en-US","@id":"https:\/\/ibrnb.org\/ariel-rodriguez\/#primaryimage","url":"https:\/\/ibrnb.org\/wp-content\/uploads\/2026\/01\/arodriguez-1.png","contentUrl":"https:\/\/ibrnb.org\/wp-content\/uploads\/2026\/01\/arodriguez-1.png"},{"@type":"BreadcrumbList","@id":"https:\/\/ibrnb.org\/ariel-rodriguez\/#breadcrumb","itemListElement":[{"@type":"ListItem","position":1,"name":"Portada","item":"https:\/\/ibrnb.org\/"},{"@type":"ListItem","position":2,"name":"Ariel Rodr\u00edguez"}]},{"@type":"WebSite","@id":"https:\/\/ibrnb.org\/es\/#website","url":"https:\/\/ibrnb.org\/es\/","name":"North Bergen Reformed Baptist Church","description":"Iglesia del Se\u00f1or Jesucristo.","publisher":{"@id":"https:\/\/ibrnb.org\/es\/#organization"},"potentialAction":[{"@type":"SearchAction","target":{"@type":"EntryPoint","urlTemplate":"https:\/\/ibrnb.org\/es\/?s={search_term_string}"},"query-input":{"@type":"PropertyValueSpecification","valueRequired":true,"valueName":"search_term_string"}}],"inLanguage":"en-US"},{"@type":"Organization","@id":"https:\/\/ibrnb.org\/es\/#organization","name":"North Bergen Reformed Baptist Church","url":"https:\/\/ibrnb.org\/es\/","logo":{"@type":"ImageObject","inLanguage":"en-US","@id":"https:\/\/ibrnb.org\/es\/#\/schema\/logo\/image\/","url":"https:\/\/i0.wp.com\/ibrnb.org\/wp-content\/uploads\/2025\/03\/Iglesia_Logo_Calado-e1744687663107.png?fit=925%2C510&ssl=1","contentUrl":"https:\/\/i0.wp.com\/ibrnb.org\/wp-content\/uploads\/2025\/03\/Iglesia_Logo_Calado-e1744687663107.png?fit=925%2C510&ssl=1","width":925,"height":510,"caption":"Iglesia Bautista Reformada de North Bergen"},"image":{"@id":"https:\/\/ibrnb.org\/es\/#\/schema\/logo\/image\/"},"sameAs":["https:\/\/www.facebook.com\/profile.php?id=100064443055881"]}]}},"_links":{"self":[{"href":"https:\/\/ibrnb.org\/en\/wp-json\/wp\/v2\/pages\/28592","targetHints":{"allow":["GET"]}}],"collection":[{"href":"https:\/\/ibrnb.org\/en\/wp-json\/wp\/v2\/pages"}],"about":[{"href":"https:\/\/ibrnb.org\/en\/wp-json\/wp\/v2\/types\/page"}],"author":[{"embeddable":true,"href":"https:\/\/ibrnb.org\/en\/wp-json\/wp\/v2\/users\/1"}],"replies":[{"embeddable":true,"href":"https:\/\/ibrnb.org\/en\/wp-json\/wp\/v2\/comments?post=28592"}],"version-history":[{"count":23,"href":"https:\/\/ibrnb.org\/en\/wp-json\/wp\/v2\/pages\/28592\/revisions"}],"predecessor-version":[{"id":33193,"href":"https:\/\/ibrnb.org\/en\/wp-json\/wp\/v2\/pages\/28592\/revisions\/33193"}],"wp:attachment":[{"href":"https:\/\/ibrnb.org\/en\/wp-json\/wp\/v2\/media?parent=28592"}],"curies":[{"name":"wp","href":"https:\/\/api.w.org\/{rel}","templated":true}]}}