{"id":23812,"date":"2025-03-25T23:12:25","date_gmt":"2025-03-25T23:12:25","guid":{"rendered":"https:\/\/ibrnb.org\/?page_id=23812"},"modified":"2025-03-26T20:55:21","modified_gmt":"2025-03-26T20:55:21","slug":"cap-27-de-la-comunion-de-los-santos","status":"publish","type":"page","link":"https:\/\/ibrnb.org\/en\/cap-27-de-la-comunion-de-los-santos\/","title":{"rendered":"Cap. 27: De la comuni\u00f3n de los santos"},"content":{"rendered":"<div data-elementor-type=\"wp-page\" data-elementor-id=\"23812\" class=\"elementor elementor-23812\">\n\t\t\t\t<div class=\"elementor-element elementor-element-6f80fa50 e-flex e-con-boxed wpr-particle-no wpr-jarallax-no wpr-parallax-no wpr-sticky-section-no wpr-column-slider-no wpr-equal-height-no e-con e-parent\" data-id=\"6f80fa50\" data-element_type=\"container\" data-e-type=\"container\">\n\t\t\t\t\t<div class=\"e-con-inner\">\n\t\t\t\t<div class=\"elementor-element elementor-element-11f347d1 elementor-widget elementor-widget-text-editor\" data-id=\"11f347d1\" data-element_type=\"widget\" data-e-type=\"widget\" data-widget_type=\"text-editor.default\">\n\t\t\t\t<div class=\"elementor-widget-container\">\n\t\t\t\t\t\t\t\t\t<p><a href=\"https:\/\/ibrnb.org\/en\/historia\/\">History<\/a> | <a href=\"https:\/\/ibrnb.org\/en\/creencias\/\">Beliefs<\/a> | <a href=\"https:\/\/ibrnb.org\/en\/evangelio\/\">Evangelio<\/a>\u00a0| <strong><a href=\"https:\/\/ibrnb.org\/en\/confesion-de-fe-2\/\">Confession of faith<\/a><\/strong> | <a href=\"https:\/\/ibrnb.org\/en\/liderazgo\/\">Leadership<\/a> | <a href=\"https:\/\/ibrnb.org\/en\/contacto-2\/\">Contact<\/a><\/p>\t\t\t\t\t\t\t\t<\/div>\n\t\t\t\t<\/div>\n\t\t\t\t\t<\/div>\n\t\t\t\t<\/div>\n\t\t<div class=\"elementor-element elementor-element-36814966 e-flex e-con-boxed wpr-particle-no wpr-jarallax-no wpr-parallax-no wpr-sticky-section-no wpr-column-slider-no wpr-equal-height-no e-con e-parent\" data-id=\"36814966\" data-element_type=\"container\" data-e-type=\"container\">\n\t\t\t\t\t<div class=\"e-con-inner\">\n\t\t<div class=\"elementor-element elementor-element-6c815a87 e-con-full e-flex wpr-particle-no wpr-jarallax-no wpr-parallax-no wpr-sticky-section-no wpr-column-slider-no wpr-equal-height-no e-con e-child\" data-id=\"6c815a87\" data-element_type=\"container\" data-e-type=\"container\">\n\t\t\t\t<div class=\"elementor-element elementor-element-0f568cb elementor-widget__width-initial elementor-widget elementor-widget-text-editor\" data-id=\"0f568cb\" data-element_type=\"widget\" data-e-type=\"widget\" data-widget_type=\"text-editor.default\">\n\t\t\t\t<div class=\"elementor-widget-container\">\n\t\t\t\t\t\t\t\t\t<p><a href=\"https:\/\/ibrnb.org\/en\/introduccion-la-legitimidad-y-el-uso-de-las-confesiones\/\">Introduction: The Legitimacy and Use of Confessions<\/a><br \/><a href=\"https:\/\/ibrnb.org\/en\/cap-1-las-santas-escrituras\/\">Cap. 1: Las Santas Escrituras<\/a><br \/><a href=\"https:\/\/ibrnb.org\/en\/cap-2-de-dios-y-de-la-santa-trinidad\/\">Cap. 2: De Dios y de la Santa Trinidad<\/a><br \/><a href=\"https:\/\/ibrnb.org\/en\/cap-3-del-decreto-de-dios\/\">Cap. 3: Del decreto de Dios<\/a><br \/><a href=\"https:\/\/ibrnb.org\/en\/cap-4-de-la-creacion\/\">Cap. 4: De la creaci\u00f3n<\/a><br \/><a href=\"https:\/\/ibrnb.org\/en\/cap-5-de-la-divina-providencia\/\">Cap. 5: De la divina providencia<\/a><br \/><a href=\"https:\/\/ibrnb.org\/en\/cap-6-de-la-caida-del-hombre-del-pecado-y-su-castigo\/\">Cap. 6: De la Ca\u00edda del hombre, del pecado y su castigo<\/a><br \/><a href=\"https:\/\/ibrnb.org\/en\/cap-7-del-pacto-de-dios\/\">Cap. 7: Del pacto de Dios<\/a><br \/><a href=\"https:\/\/ibrnb.org\/en\/cap-8-de-cristo-el-mediador\/\">Cap. 8: De Cristo el Mediador<\/a><br \/><a href=\"https:\/\/ibrnb.org\/en\/cap-9-del-libre-albedrio\/\">Cap. 9: Del libre albedr\u00edo<\/a><br \/><a href=\"https:\/\/ibrnb.org\/en\/cap-10-del-llamamiento-eficaz\/\">Cap. 10: Del llamamiento eficaz<\/a><br \/><a href=\"https:\/\/ibrnb.org\/en\/cap-11-de-la-justificacion\/\">Cap. 11: De la justificaci\u00f3n<\/a><br \/><a href=\"https:\/\/ibrnb.org\/en\/cap-12-de-la-adopcion\/\">Cap. 12: De la adopci\u00f3n<\/a><br \/><a href=\"https:\/\/ibrnb.org\/en\/cap-13-de-la-santificacion\/\">Cap. 13: De la santificaci\u00f3n<\/a><br \/><a href=\"https:\/\/ibrnb.org\/en\/cap-14-de-la-fe-salvadora\/\">Cap. 14: De la fe salvadora<\/a><br \/><a href=\"https:\/\/ibrnb.org\/en\/cap-15-del-arrepentimiento-para-vida-y-salvacion\/\">Cap. 15: Del arrepentimiento para vida y salvaci\u00f3n<\/a><br \/><a href=\"https:\/\/ibrnb.org\/en\/cap-16-de-las-buenas-obras\/\">Cap. 16: De las buenas obras<\/a><br \/><a href=\"https:\/\/ibrnb.org\/en\/cap-17-de-la-perseverancia-de-los-santos\/\">Cap. 17: De la perseverancia de los santos<\/a><br \/><a href=\"https:\/\/ibrnb.org\/en\/cap-18-de-la-seguridad-de-la-gracia-y-de-la-salvacion\/\">Cap. 18: De la seguridad de la gracia y de la salvaci\u00f3n<\/a><br \/><a href=\"https:\/\/ibrnb.org\/en\/cap-19-de-la-ley-de-dios\/\">Cap. 19: De la ley de Dios<\/a><br \/><a href=\"https:\/\/ibrnb.org\/en\/cap-20-del-evangelio-y-del-alcance-de-su-gracia\/\">Cap. 20: Del evangelio y del alcance de su gracia<\/a><br \/><a href=\"https:\/\/ibrnb.org\/en\/cap-21-de-la-libertad-cristiana-y-de-la-libertad-de-conciencia\/\">Cap. 21: De la libertad cristiana y de la libertad de conciencia<\/a><br \/><a href=\"https:\/\/ibrnb.org\/en\/cap-22-de-la-adoracion-religiosa-y-del-dia-de-reposo\/\">Cap. 22: De la adoraci\u00f3n religiosa y del d\u00eda de reposo<\/a><br \/><a href=\"https:\/\/ibrnb.org\/en\/cap-23-de-los-juramentos-y-votos-licitos\/\">Cap. 23: De los juramentos y votos l\u00edcitos<\/a><br \/><a href=\"https:\/\/ibrnb.org\/en\/cap-24-de-las-autoridades-civiles\/\">Cap. 24: De las autoridades civiles<\/a><br \/><a href=\"https:\/\/ibrnb.org\/en\/cap-25-del-matrimonio\/\">Cap. 25: Del matrimonio<\/a><br \/><a href=\"https:\/\/ibrnb.org\/en\/cap-26-de-la-iglesia\/\">Cap. 26: De la Iglesia<\/a><br \/><a href=\"https:\/\/ibrnb.org\/en\/cap-27-de-la-comunion-de-los-santos\/\">Cap. 27: De la comuni\u00f3n de los santos<\/a><br \/><a href=\"https:\/\/ibrnb.org\/en\/cap-28-del-bautismo-y-la-cena-del-senor\/\">Cap. 28: Del bautismo y la Cena del Se\u00f1or<\/a><br \/><a href=\"https:\/\/ibrnb.org\/en\/cap-29-del-bautismo\/\">Cap. 29: Del bautismo<\/a><br \/><a href=\"https:\/\/ibrnb.org\/en\/cap-30-de-la-cena-del-senor\/\">Cap. 30: De la Cena del Se\u00f1or<\/a><br \/><a href=\"https:\/\/ibrnb.org\/en\/cap-31-del-estado-del-hombre-despues-de-lamuerte-y-de-la-resurreccion-de-los-muertos\/\">Cap. 31: Del estado del hombre despu\u00e9s de la muerte y de la resurrecci\u00f3n de los muertos<\/a><br \/><a href=\"https:\/\/ibrnb.org\/en\/cap-32-del-juicio-final\/\">Cap. 32: Del juicio final<\/a><\/p>\t\t\t\t\t\t\t\t<\/div>\n\t\t\t\t<\/div>\n\t\t\t\t<\/div>\n\t\t<div class=\"elementor-element elementor-element-20b9f1df e-con-full e-flex wpr-particle-no wpr-jarallax-no wpr-parallax-no wpr-sticky-section-no wpr-column-slider-no wpr-equal-height-no e-con e-child\" data-id=\"20b9f1df\" data-element_type=\"container\" data-e-type=\"container\">\n\t\t\t\t<div class=\"elementor-element elementor-element-41084a50 elementor-widget elementor-widget-text-editor\" data-id=\"41084a50\" data-element_type=\"widget\" data-e-type=\"widget\" data-widget_type=\"text-editor.default\">\n\t\t\t\t<div class=\"elementor-widget-container\">\n\t\t\t\t\t\t\t\t\t<div align=\"left\"><p class=\"has-medium-font-size\"><strong>CAP\u00cdTULO 27<\/strong><br \/><em><sup>De la comuni\u00f3n de los santos<\/sup><\/em><\/p><p>1. Todos los santos que est\u00e1n unidos a Jesucristo, su cabeza, por Su Esp\u00edritu y por la fe, aunque por esto no vienen a ser una persona con \u00c9l, tienen comuni\u00f3n en Sus gracias, sufrimientos, muerte, resurrecci\u00f3n y gloria; y estando unidos unos a otros en amor, tienen comuni\u00f3n en los dones y gracias de los dem\u00e1s, y est\u00e1n comprometidos a cumplir estos deberes, tanto p\u00fablicos como privados, de manera ordenada, para promover el bien mutuo, tanto en los aspectos internos de sus vidas como en los externos.<\/p><p>2. Por su profesi\u00f3n, los santos est\u00e1n bajo la obligaci\u00f3n de mantener una comuni\u00f3n santa en la adoraci\u00f3n a Dios y en el desempe\u00f1o de otros servicios espirituales que promuevan su mutua edificaci\u00f3n. Tambi\u00e9n deben ayudarse los unos a los otros en asuntos materiales seg\u00fan sus capacidades y necesidades. En especial deben practicar la comuni\u00f3n en las relaciones que ya tienen en sus familias e iglesias. Sin embargo, la regla del evangelio tambi\u00e9n les dirige, en la medida en que Dios provea la oportunidad, a extender esa comuni\u00f3n a toda la familia de la fe, incluyendo todos aquellos que en todo lugar invocan el nombre del Se\u00f1or Jes\u00fas. No obstante, la comuni\u00f3n que tienen los unos con los otros como santos, no elimina ni infringe el derecho o propiedad que cada quien tiene de sus bienes y posesiones.<\/p><\/div>\t\t\t\t\t\t\t\t<\/div>\n\t\t\t\t<\/div>\n\t\t\t\t<\/div>\n\t\t\t\t\t<\/div>\n\t\t\t\t<\/div>\n\t\t\t\t<\/div>","protected":false},"excerpt":{"rendered":"<p>Historia | Creencias | Evangelio\u00a0| Confesi\u00f3n de fe | Liderazgo | Contacto Introducci\u00f3n: La legitimidad y el uso de las confesionesCap. 1: Las Santas EscriturasCap. 2: De Dios y de la Santa TrinidadCap. 3: Del decreto de DiosCap. 4: De la creaci\u00f3nCap. 5: De la divina providenciaCap. 6: De la Ca\u00edda del hombre, del pecado y su castigoCap. 7: Del pacto de DiosCap. 8: De Cristo el MediadorCap. 9: Del libre albedr\u00edoCap. 10: Del llamamiento eficazCap. 11: De la justificaci\u00f3nCap. 12: De la adopci\u00f3nCap. 13: De la santificaci\u00f3nCap. 14: De la fe salvadoraCap. 15: Del arrepentimiento para vida y salvaci\u00f3nCap. 16: De las buenas obrasCap. 17: De la perseverancia de los santosCap. 18: De la seguridad de la gracia y de la salvaci\u00f3nCap. 19: De la ley de DiosCap. 20: Del evangelio y del alcance de su graciaCap. 21: De la libertad cristiana y de la libertad de concienciaCap. 22: De la adoraci\u00f3n religiosa y del d\u00eda de reposoCap. 23: De los juramentos y votos l\u00edcitosCap. 24: De las autoridades civilesCap. 25: Del matrimonioCap. 26: De la IglesiaCap. 27: De la comuni\u00f3n de los santosCap. 28: Del bautismo y la Cena del Se\u00f1orCap. 29: Del bautismoCap. 30: De la Cena del Se\u00f1orCap. 31: Del estado del hombre despu\u00e9s de la muerte y de la resurrecci\u00f3n de los muertosCap. 32: Del juicio final CAP\u00cdTULO 27De la comuni\u00f3n de los santos 1. Todos los santos que est\u00e1n unidos a Jesucristo, su cabeza, por Su Esp\u00edritu y por la fe, aunque por esto no vienen a ser una persona con \u00c9l, tienen comuni\u00f3n en Sus gracias, sufrimientos, muerte, resurrecci\u00f3n y gloria; y estando unidos unos a otros en amor, tienen comuni\u00f3n en los dones y gracias de los dem\u00e1s, y est\u00e1n comprometidos a cumplir estos deberes, tanto p\u00fablicos como privados, de manera ordenada, para promover el bien mutuo, tanto en los aspectos internos de sus vidas como en los externos. 2. Por su profesi\u00f3n, los santos est\u00e1n bajo la obligaci\u00f3n de mantener una comuni\u00f3n santa en la adoraci\u00f3n a Dios y en el desempe\u00f1o de otros servicios espirituales que promuevan su mutua edificaci\u00f3n. Tambi\u00e9n deben ayudarse los unos a los otros en asuntos materiales seg\u00fan sus capacidades y necesidades. En especial deben practicar la comuni\u00f3n en las relaciones que ya tienen en sus familias e iglesias. Sin embargo, la regla del evangelio tambi\u00e9n les dirige, en la medida en que Dios provea la oportunidad, a extender esa comuni\u00f3n a toda la familia de la fe, incluyendo todos aquellos que en todo lugar invocan el nombre del Se\u00f1or Jes\u00fas. No obstante, la comuni\u00f3n que tienen los unos con los otros como santos, no elimina ni infringe el derecho o propiedad que cada quien tiene de sus bienes y posesiones.<\/p>","protected":false},"author":1,"featured_media":0,"parent":0,"menu_order":0,"comment_status":"closed","ping_status":"closed","template":"","meta":{"footnotes":""},"class_list":["post-23812","page","type-page","status-publish","hentry"],"yoast_head":"<!-- This site is optimized with the Yoast SEO plugin v27.5 - https:\/\/yoast.com\/product\/yoast-seo-wordpress\/ -->\n<title>Cap. 27: De la comuni\u00f3n de los santos - Iglesia Bautista Reformada de North Bergen<\/title>\n<meta name=\"robots\" content=\"index, follow, max-snippet:-1, max-image-preview:large, max-video-preview:-1\" \/>\n<link rel=\"canonical\" href=\"https:\/\/ibrnb.org\/en\/cap-27-de-la-comunion-de-los-santos\/\" \/>\n<meta property=\"og:locale\" content=\"en_US\" \/>\n<meta property=\"og:type\" content=\"article\" \/>\n<meta property=\"og:title\" content=\"Cap. 27: De la comuni\u00f3n de los santos - Iglesia Bautista Reformada de North Bergen\" \/>\n<meta property=\"og:description\" content=\"Historia | Creencias | Evangelio\u00a0| Confesi\u00f3n de fe | Liderazgo | Contacto Introducci\u00f3n: La legitimidad y el uso de las confesionesCap. 1: Las Santas EscriturasCap. 2: De Dios y de la Santa TrinidadCap. 3: Del decreto de DiosCap. 4: De la creaci\u00f3nCap. 5: De la divina providenciaCap. 6: De la Ca\u00edda del hombre, del pecado y su castigoCap. 7: Del pacto de DiosCap. 8: De Cristo el MediadorCap. 9: Del libre albedr\u00edoCap. 10: Del llamamiento eficazCap. 11: De la justificaci\u00f3nCap. 12: De la adopci\u00f3nCap. 13: De la santificaci\u00f3nCap. 14: De la fe salvadoraCap. 15: Del arrepentimiento para vida y salvaci\u00f3nCap. 16: De las buenas obrasCap. 17: De la perseverancia de los santosCap. 18: De la seguridad de la gracia y de la salvaci\u00f3nCap. 19: De la ley de DiosCap. 20: Del evangelio y del alcance de su graciaCap. 21: De la libertad cristiana y de la libertad de concienciaCap. 22: De la adoraci\u00f3n religiosa y del d\u00eda de reposoCap. 23: De los juramentos y votos l\u00edcitosCap. 24: De las autoridades civilesCap. 25: Del matrimonioCap. 26: De la IglesiaCap. 27: De la comuni\u00f3n de los santosCap. 28: Del bautismo y la Cena del Se\u00f1orCap. 29: Del bautismoCap. 30: De la Cena del Se\u00f1orCap. 31: Del estado del hombre despu\u00e9s de la muerte y de la resurrecci\u00f3n de los muertosCap. 32: Del juicio final CAP\u00cdTULO 27De la comuni\u00f3n de los santos 1. Todos los santos que est\u00e1n unidos a Jesucristo, su cabeza, por Su Esp\u00edritu y por la fe, aunque por esto no vienen a ser una persona con \u00c9l, tienen comuni\u00f3n en Sus gracias, sufrimientos, muerte, resurrecci\u00f3n y gloria; y estando unidos unos a otros en amor, tienen comuni\u00f3n en los dones y gracias de los dem\u00e1s, y est\u00e1n comprometidos a cumplir estos deberes, tanto p\u00fablicos como privados, de manera ordenada, para promover el bien mutuo, tanto en los aspectos internos de sus vidas como en los externos. 2. Por su profesi\u00f3n, los santos est\u00e1n bajo la obligaci\u00f3n de mantener una comuni\u00f3n santa en la adoraci\u00f3n a Dios y en el desempe\u00f1o de otros servicios espirituales que promuevan su mutua edificaci\u00f3n. Tambi\u00e9n deben ayudarse los unos a los otros en asuntos materiales seg\u00fan sus capacidades y necesidades. En especial deben practicar la comuni\u00f3n en las relaciones que ya tienen en sus familias e iglesias. Sin embargo, la regla del evangelio tambi\u00e9n les dirige, en la medida en que Dios provea la oportunidad, a extender esa comuni\u00f3n a toda la familia de la fe, incluyendo todos aquellos que en todo lugar invocan el nombre del Se\u00f1or Jes\u00fas. No obstante, la comuni\u00f3n que tienen los unos con los otros como santos, no elimina ni infringe el derecho o propiedad que cada quien tiene de sus bienes y posesiones.\" \/>\n<meta property=\"og:url\" content=\"https:\/\/ibrnb.org\/en\/cap-27-de-la-comunion-de-los-santos\/\" \/>\n<meta property=\"og:site_name\" content=\"Iglesia Bautista Reformada de North Bergen\" \/>\n<meta property=\"article:publisher\" content=\"https:\/\/www.facebook.com\/profile.php?id=100064443055881\" \/>\n<meta property=\"article:modified_time\" content=\"2025-03-26T20:55:21+00:00\" \/>\n<meta name=\"twitter:card\" content=\"summary_large_image\" \/>\n<meta name=\"twitter:label1\" content=\"Est. reading time\" \/>\n\t<meta name=\"twitter:data1\" content=\"2 minutes\" \/>\n<script type=\"application\/ld+json\" class=\"yoast-schema-graph\">{\"@context\":\"https:\\\/\\\/schema.org\",\"@graph\":[{\"@type\":\"WebPage\",\"@id\":\"https:\\\/\\\/ibrnb.org\\\/cap-27-de-la-comunion-de-los-santos\\\/\",\"url\":\"https:\\\/\\\/ibrnb.org\\\/cap-27-de-la-comunion-de-los-santos\\\/\",\"name\":\"Cap. 27: De la comuni\u00f3n de los santos - Iglesia Bautista Reformada de North Bergen\",\"isPartOf\":{\"@id\":\"https:\\\/\\\/ibrnb.org\\\/es\\\/#website\"},\"datePublished\":\"2025-03-25T23:12:25+00:00\",\"dateModified\":\"2025-03-26T20:55:21+00:00\",\"breadcrumb\":{\"@id\":\"https:\\\/\\\/ibrnb.org\\\/cap-27-de-la-comunion-de-los-santos\\\/#breadcrumb\"},\"inLanguage\":\"en-US\",\"potentialAction\":[{\"@type\":\"ReadAction\",\"target\":[\"https:\\\/\\\/ibrnb.org\\\/cap-27-de-la-comunion-de-los-santos\\\/\"]}]},{\"@type\":\"BreadcrumbList\",\"@id\":\"https:\\\/\\\/ibrnb.org\\\/cap-27-de-la-comunion-de-los-santos\\\/#breadcrumb\",\"itemListElement\":[{\"@type\":\"ListItem\",\"position\":1,\"name\":\"Portada\",\"item\":\"https:\\\/\\\/ibrnb.org\\\/\"},{\"@type\":\"ListItem\",\"position\":2,\"name\":\"Cap. 27: De la comuni\u00f3n de los santos\"}]},{\"@type\":\"WebSite\",\"@id\":\"https:\\\/\\\/ibrnb.org\\\/es\\\/#website\",\"url\":\"https:\\\/\\\/ibrnb.org\\\/es\\\/\",\"name\":\"Iglesia Bautista Reformada de North Bergen\",\"description\":\"Iglesia del Se\u00f1or Jesucristo.\",\"publisher\":{\"@id\":\"https:\\\/\\\/ibrnb.org\\\/es\\\/#organization\"},\"potentialAction\":[{\"@type\":\"SearchAction\",\"target\":{\"@type\":\"EntryPoint\",\"urlTemplate\":\"https:\\\/\\\/ibrnb.org\\\/es\\\/?s={search_term_string}\"},\"query-input\":{\"@type\":\"PropertyValueSpecification\",\"valueRequired\":true,\"valueName\":\"search_term_string\"}}],\"inLanguage\":\"en-US\"},{\"@type\":\"Organization\",\"@id\":\"https:\\\/\\\/ibrnb.org\\\/es\\\/#organization\",\"name\":\"Iglesia Bautista Reformada de North Bergen\",\"url\":\"https:\\\/\\\/ibrnb.org\\\/es\\\/\",\"logo\":{\"@type\":\"ImageObject\",\"inLanguage\":\"en-US\",\"@id\":\"https:\\\/\\\/ibrnb.org\\\/es\\\/#\\\/schema\\\/logo\\\/image\\\/\",\"url\":\"https:\\\/\\\/i0.wp.com\\\/ibrnb.org\\\/wp-content\\\/uploads\\\/2025\\\/03\\\/Iglesia_Logo_Calado-e1744687663107.png?fit=925%2C510&ssl=1\",\"contentUrl\":\"https:\\\/\\\/i0.wp.com\\\/ibrnb.org\\\/wp-content\\\/uploads\\\/2025\\\/03\\\/Iglesia_Logo_Calado-e1744687663107.png?fit=925%2C510&ssl=1\",\"width\":925,\"height\":510,\"caption\":\"Iglesia Bautista Reformada de North Bergen\"},\"image\":{\"@id\":\"https:\\\/\\\/ibrnb.org\\\/es\\\/#\\\/schema\\\/logo\\\/image\\\/\"},\"sameAs\":[\"https:\\\/\\\/www.facebook.com\\\/profile.php?id=100064443055881\"]}]}<\/script>\n<!-- \/ Yoast SEO plugin. -->","yoast_head_json":{"title":"Cap. 27: De la comuni\u00f3n de los santos - Iglesia Bautista Reformada de North Bergen","robots":{"index":"index","follow":"follow","max-snippet":"max-snippet:-1","max-image-preview":"max-image-preview:large","max-video-preview":"max-video-preview:-1"},"canonical":"https:\/\/ibrnb.org\/en\/cap-27-de-la-comunion-de-los-santos\/","og_locale":"en_US","og_type":"article","og_title":"Cap. 27: De la comuni\u00f3n de los santos - Iglesia Bautista Reformada de North Bergen","og_description":"Historia | Creencias | Evangelio\u00a0| Confesi\u00f3n de fe | Liderazgo | Contacto Introducci\u00f3n: La legitimidad y el uso de las confesionesCap. 1: Las Santas EscriturasCap. 2: De Dios y de la Santa TrinidadCap. 3: Del decreto de DiosCap. 4: De la creaci\u00f3nCap. 5: De la divina providenciaCap. 6: De la Ca\u00edda del hombre, del pecado y su castigoCap. 7: Del pacto de DiosCap. 8: De Cristo el MediadorCap. 9: Del libre albedr\u00edoCap. 10: Del llamamiento eficazCap. 11: De la justificaci\u00f3nCap. 12: De la adopci\u00f3nCap. 13: De la santificaci\u00f3nCap. 14: De la fe salvadoraCap. 15: Del arrepentimiento para vida y salvaci\u00f3nCap. 16: De las buenas obrasCap. 17: De la perseverancia de los santosCap. 18: De la seguridad de la gracia y de la salvaci\u00f3nCap. 19: De la ley de DiosCap. 20: Del evangelio y del alcance de su graciaCap. 21: De la libertad cristiana y de la libertad de concienciaCap. 22: De la adoraci\u00f3n religiosa y del d\u00eda de reposoCap. 23: De los juramentos y votos l\u00edcitosCap. 24: De las autoridades civilesCap. 25: Del matrimonioCap. 26: De la IglesiaCap. 27: De la comuni\u00f3n de los santosCap. 28: Del bautismo y la Cena del Se\u00f1orCap. 29: Del bautismoCap. 30: De la Cena del Se\u00f1orCap. 31: Del estado del hombre despu\u00e9s de la muerte y de la resurrecci\u00f3n de los muertosCap. 32: Del juicio final CAP\u00cdTULO 27De la comuni\u00f3n de los santos 1. Todos los santos que est\u00e1n unidos a Jesucristo, su cabeza, por Su Esp\u00edritu y por la fe, aunque por esto no vienen a ser una persona con \u00c9l, tienen comuni\u00f3n en Sus gracias, sufrimientos, muerte, resurrecci\u00f3n y gloria; y estando unidos unos a otros en amor, tienen comuni\u00f3n en los dones y gracias de los dem\u00e1s, y est\u00e1n comprometidos a cumplir estos deberes, tanto p\u00fablicos como privados, de manera ordenada, para promover el bien mutuo, tanto en los aspectos internos de sus vidas como en los externos. 2. Por su profesi\u00f3n, los santos est\u00e1n bajo la obligaci\u00f3n de mantener una comuni\u00f3n santa en la adoraci\u00f3n a Dios y en el desempe\u00f1o de otros servicios espirituales que promuevan su mutua edificaci\u00f3n. Tambi\u00e9n deben ayudarse los unos a los otros en asuntos materiales seg\u00fan sus capacidades y necesidades. En especial deben practicar la comuni\u00f3n en las relaciones que ya tienen en sus familias e iglesias. Sin embargo, la regla del evangelio tambi\u00e9n les dirige, en la medida en que Dios provea la oportunidad, a extender esa comuni\u00f3n a toda la familia de la fe, incluyendo todos aquellos que en todo lugar invocan el nombre del Se\u00f1or Jes\u00fas. No obstante, la comuni\u00f3n que tienen los unos con los otros como santos, no elimina ni infringe el derecho o propiedad que cada quien tiene de sus bienes y posesiones.","og_url":"https:\/\/ibrnb.org\/en\/cap-27-de-la-comunion-de-los-santos\/","og_site_name":"Iglesia Bautista Reformada de North Bergen","article_publisher":"https:\/\/www.facebook.com\/profile.php?id=100064443055881","article_modified_time":"2025-03-26T20:55:21+00:00","twitter_card":"summary_large_image","twitter_misc":{"Est. reading time":"2 minutes"},"schema":{"@context":"https:\/\/schema.org","@graph":[{"@type":"WebPage","@id":"https:\/\/ibrnb.org\/cap-27-de-la-comunion-de-los-santos\/","url":"https:\/\/ibrnb.org\/cap-27-de-la-comunion-de-los-santos\/","name":"Cap. 27: De la comuni\u00f3n de los santos - Iglesia Bautista Reformada de North Bergen","isPartOf":{"@id":"https:\/\/ibrnb.org\/es\/#website"},"datePublished":"2025-03-25T23:12:25+00:00","dateModified":"2025-03-26T20:55:21+00:00","breadcrumb":{"@id":"https:\/\/ibrnb.org\/cap-27-de-la-comunion-de-los-santos\/#breadcrumb"},"inLanguage":"en-US","potentialAction":[{"@type":"ReadAction","target":["https:\/\/ibrnb.org\/cap-27-de-la-comunion-de-los-santos\/"]}]},{"@type":"BreadcrumbList","@id":"https:\/\/ibrnb.org\/cap-27-de-la-comunion-de-los-santos\/#breadcrumb","itemListElement":[{"@type":"ListItem","position":1,"name":"Portada","item":"https:\/\/ibrnb.org\/"},{"@type":"ListItem","position":2,"name":"Cap. 27: De la comuni\u00f3n de los santos"}]},{"@type":"WebSite","@id":"https:\/\/ibrnb.org\/es\/#website","url":"https:\/\/ibrnb.org\/es\/","name":"North Bergen Reformed Baptist Church","description":"Iglesia del Se\u00f1or Jesucristo.","publisher":{"@id":"https:\/\/ibrnb.org\/es\/#organization"},"potentialAction":[{"@type":"SearchAction","target":{"@type":"EntryPoint","urlTemplate":"https:\/\/ibrnb.org\/es\/?s={search_term_string}"},"query-input":{"@type":"PropertyValueSpecification","valueRequired":true,"valueName":"search_term_string"}}],"inLanguage":"en-US"},{"@type":"Organization","@id":"https:\/\/ibrnb.org\/es\/#organization","name":"North Bergen Reformed Baptist Church","url":"https:\/\/ibrnb.org\/es\/","logo":{"@type":"ImageObject","inLanguage":"en-US","@id":"https:\/\/ibrnb.org\/es\/#\/schema\/logo\/image\/","url":"https:\/\/i0.wp.com\/ibrnb.org\/wp-content\/uploads\/2025\/03\/Iglesia_Logo_Calado-e1744687663107.png?fit=925%2C510&ssl=1","contentUrl":"https:\/\/i0.wp.com\/ibrnb.org\/wp-content\/uploads\/2025\/03\/Iglesia_Logo_Calado-e1744687663107.png?fit=925%2C510&ssl=1","width":925,"height":510,"caption":"Iglesia Bautista Reformada de North Bergen"},"image":{"@id":"https:\/\/ibrnb.org\/es\/#\/schema\/logo\/image\/"},"sameAs":["https:\/\/www.facebook.com\/profile.php?id=100064443055881"]}]}},"_links":{"self":[{"href":"https:\/\/ibrnb.org\/en\/wp-json\/wp\/v2\/pages\/23812","targetHints":{"allow":["GET"]}}],"collection":[{"href":"https:\/\/ibrnb.org\/en\/wp-json\/wp\/v2\/pages"}],"about":[{"href":"https:\/\/ibrnb.org\/en\/wp-json\/wp\/v2\/types\/page"}],"author":[{"embeddable":true,"href":"https:\/\/ibrnb.org\/en\/wp-json\/wp\/v2\/users\/1"}],"replies":[{"embeddable":true,"href":"https:\/\/ibrnb.org\/en\/wp-json\/wp\/v2\/comments?post=23812"}],"version-history":[{"count":5,"href":"https:\/\/ibrnb.org\/en\/wp-json\/wp\/v2\/pages\/23812\/revisions"}],"predecessor-version":[{"id":23952,"href":"https:\/\/ibrnb.org\/en\/wp-json\/wp\/v2\/pages\/23812\/revisions\/23952"}],"wp:attachment":[{"href":"https:\/\/ibrnb.org\/en\/wp-json\/wp\/v2\/media?parent=23812"}],"curies":[{"name":"wp","href":"https:\/\/api.w.org\/{rel}","templated":true}]}}