{"id":23800,"date":"2025-03-25T23:09:20","date_gmt":"2025-03-25T23:09:20","guid":{"rendered":"https:\/\/ibrnb.org\/?page_id=23800"},"modified":"2025-03-26T20:52:06","modified_gmt":"2025-03-26T20:52:06","slug":"cap-25-del-matrimonio","status":"publish","type":"page","link":"https:\/\/ibrnb.org\/en\/cap-25-del-matrimonio\/","title":{"rendered":"Cap. 25: Del matrimonio"},"content":{"rendered":"<div data-elementor-type=\"wp-page\" data-elementor-id=\"23800\" class=\"elementor elementor-23800\">\n\t\t\t\t<div class=\"elementor-element elementor-element-613ebc00 e-flex e-con-boxed wpr-particle-no wpr-jarallax-no wpr-parallax-no wpr-sticky-section-no wpr-column-slider-no wpr-equal-height-no e-con e-parent\" data-id=\"613ebc00\" data-element_type=\"container\" data-e-type=\"container\">\n\t\t\t\t\t<div class=\"e-con-inner\">\n\t\t\t\t<div class=\"elementor-element elementor-element-5a1ec224 elementor-widget elementor-widget-text-editor\" data-id=\"5a1ec224\" data-element_type=\"widget\" data-e-type=\"widget\" data-widget_type=\"text-editor.default\">\n\t\t\t\t<div class=\"elementor-widget-container\">\n\t\t\t\t\t\t\t\t\t<p><a href=\"https:\/\/ibrnb.org\/en\/historia\/\">History<\/a> | <a href=\"https:\/\/ibrnb.org\/en\/creencias\/\">Beliefs<\/a> | <a href=\"https:\/\/ibrnb.org\/en\/evangelio\/\">Evangelio<\/a>\u00a0| <strong><a href=\"https:\/\/ibrnb.org\/en\/confesion-de-fe-2\/\">Confession of faith<\/a><\/strong> | <a href=\"https:\/\/ibrnb.org\/en\/liderazgo\/\">Leadership<\/a> | <a href=\"https:\/\/ibrnb.org\/en\/contacto-2\/\">Contact<\/a><\/p>\t\t\t\t\t\t\t\t<\/div>\n\t\t\t\t<\/div>\n\t\t\t\t\t<\/div>\n\t\t\t\t<\/div>\n\t\t<div class=\"elementor-element elementor-element-16566a16 e-flex e-con-boxed wpr-particle-no wpr-jarallax-no wpr-parallax-no wpr-sticky-section-no wpr-column-slider-no wpr-equal-height-no e-con e-parent\" data-id=\"16566a16\" data-element_type=\"container\" data-e-type=\"container\">\n\t\t\t\t\t<div class=\"e-con-inner\">\n\t\t<div class=\"elementor-element elementor-element-2ec116df e-con-full e-flex wpr-particle-no wpr-jarallax-no wpr-parallax-no wpr-sticky-section-no wpr-column-slider-no wpr-equal-height-no e-con e-child\" data-id=\"2ec116df\" data-element_type=\"container\" data-e-type=\"container\">\n\t\t\t\t<div class=\"elementor-element elementor-element-192496c elementor-widget__width-initial elementor-widget elementor-widget-text-editor\" data-id=\"192496c\" data-element_type=\"widget\" data-e-type=\"widget\" data-widget_type=\"text-editor.default\">\n\t\t\t\t<div class=\"elementor-widget-container\">\n\t\t\t\t\t\t\t\t\t<p><a href=\"https:\/\/ibrnb.org\/en\/introduccion-la-legitimidad-y-el-uso-de-las-confesiones\/\">Introduction: The Legitimacy and Use of Confessions<\/a><br \/><a href=\"https:\/\/ibrnb.org\/en\/cap-1-las-santas-escrituras\/\">Cap. 1: Las Santas Escrituras<\/a><br \/><a href=\"https:\/\/ibrnb.org\/en\/cap-2-de-dios-y-de-la-santa-trinidad\/\">Cap. 2: De Dios y de la Santa Trinidad<\/a><br \/><a href=\"https:\/\/ibrnb.org\/en\/cap-3-del-decreto-de-dios\/\">Cap. 3: Del decreto de Dios<\/a><br \/><a href=\"https:\/\/ibrnb.org\/en\/cap-4-de-la-creacion\/\">Cap. 4: De la creaci\u00f3n<\/a><br \/><a href=\"https:\/\/ibrnb.org\/en\/cap-5-de-la-divina-providencia\/\">Cap. 5: De la divina providencia<\/a><br \/><a href=\"https:\/\/ibrnb.org\/en\/cap-6-de-la-caida-del-hombre-del-pecado-y-su-castigo\/\">Cap. 6: De la Ca\u00edda del hombre, del pecado y su castigo<\/a><br \/><a href=\"https:\/\/ibrnb.org\/en\/cap-7-del-pacto-de-dios\/\">Cap. 7: Del pacto de Dios<\/a><br \/><a href=\"https:\/\/ibrnb.org\/en\/cap-8-de-cristo-el-mediador\/\">Cap. 8: De Cristo el Mediador<\/a><br \/><a href=\"https:\/\/ibrnb.org\/en\/cap-9-del-libre-albedrio\/\">Cap. 9: Del libre albedr\u00edo<\/a><br \/><a href=\"https:\/\/ibrnb.org\/en\/cap-10-del-llamamiento-eficaz\/\">Cap. 10: Del llamamiento eficaz<\/a><br \/><a href=\"https:\/\/ibrnb.org\/en\/cap-11-de-la-justificacion\/\">Cap. 11: De la justificaci\u00f3n<\/a><br \/><a href=\"https:\/\/ibrnb.org\/en\/cap-12-de-la-adopcion\/\">Cap. 12: De la adopci\u00f3n<\/a><br \/><a href=\"https:\/\/ibrnb.org\/en\/cap-13-de-la-santificacion\/\">Cap. 13: De la santificaci\u00f3n<\/a><br \/><a href=\"https:\/\/ibrnb.org\/en\/cap-14-de-la-fe-salvadora\/\">Cap. 14: De la fe salvadora<\/a><br \/><a href=\"https:\/\/ibrnb.org\/en\/cap-15-del-arrepentimiento-para-vida-y-salvacion\/\">Cap. 15: Del arrepentimiento para vida y salvaci\u00f3n<\/a><br \/><a href=\"https:\/\/ibrnb.org\/en\/cap-16-de-las-buenas-obras\/\">Cap. 16: De las buenas obras<\/a><br \/><a href=\"https:\/\/ibrnb.org\/en\/cap-17-de-la-perseverancia-de-los-santos\/\">Cap. 17: De la perseverancia de los santos<\/a><br \/><a href=\"https:\/\/ibrnb.org\/en\/cap-18-de-la-seguridad-de-la-gracia-y-de-la-salvacion\/\">Cap. 18: De la seguridad de la gracia y de la salvaci\u00f3n<\/a><br \/><a href=\"https:\/\/ibrnb.org\/en\/cap-19-de-la-ley-de-dios\/\">Cap. 19: De la ley de Dios<\/a><br \/><a href=\"https:\/\/ibrnb.org\/en\/cap-20-del-evangelio-y-del-alcance-de-su-gracia\/\">Cap. 20: Del evangelio y del alcance de su gracia<\/a><br \/><a href=\"https:\/\/ibrnb.org\/en\/cap-21-de-la-libertad-cristiana-y-de-la-libertad-de-conciencia\/\">Cap. 21: De la libertad cristiana y de la libertad de conciencia<\/a><br \/><a href=\"https:\/\/ibrnb.org\/en\/cap-22-de-la-adoracion-religiosa-y-del-dia-de-reposo\/\">Cap. 22: De la adoraci\u00f3n religiosa y del d\u00eda de reposo<\/a><br \/><a href=\"https:\/\/ibrnb.org\/en\/cap-23-de-los-juramentos-y-votos-licitos\/\">Cap. 23: De los juramentos y votos l\u00edcitos<\/a><br \/><a href=\"https:\/\/ibrnb.org\/en\/cap-24-de-las-autoridades-civiles\/\">Cap. 24: De las autoridades civiles<\/a><br \/><a href=\"https:\/\/ibrnb.org\/en\/cap-25-del-matrimonio\/\">Cap. 25: Del matrimonio<\/a><br \/><a href=\"https:\/\/ibrnb.org\/en\/cap-26-de-la-iglesia\/\">Cap. 26: De la Iglesia<\/a><br \/><a href=\"https:\/\/ibrnb.org\/en\/cap-27-de-la-comunion-de-los-santos\/\">Cap. 27: De la comuni\u00f3n de los santos<\/a><br \/><a href=\"https:\/\/ibrnb.org\/en\/cap-28-del-bautismo-y-la-cena-del-senor\/\">Cap. 28: Del bautismo y la Cena del Se\u00f1or<\/a><br \/><a href=\"https:\/\/ibrnb.org\/en\/cap-29-del-bautismo\/\">Cap. 29: Del bautismo<\/a><br \/><a href=\"https:\/\/ibrnb.org\/en\/cap-30-de-la-cena-del-senor\/\">Cap. 30: De la Cena del Se\u00f1or<\/a><br \/><a href=\"https:\/\/ibrnb.org\/en\/cap-31-del-estado-del-hombre-despues-de-lamuerte-y-de-la-resurreccion-de-los-muertos\/\">Cap. 31: Del estado del hombre despu\u00e9s de la muerte y de la resurrecci\u00f3n de los muertos<\/a><br \/><a href=\"https:\/\/ibrnb.org\/en\/cap-32-del-juicio-final\/\">Cap. 32: Del juicio final<\/a><\/p>\t\t\t\t\t\t\t\t<\/div>\n\t\t\t\t<\/div>\n\t\t\t\t<\/div>\n\t\t<div class=\"elementor-element elementor-element-73290b44 e-con-full e-flex wpr-particle-no wpr-jarallax-no wpr-parallax-no wpr-sticky-section-no wpr-column-slider-no wpr-equal-height-no e-con e-child\" data-id=\"73290b44\" data-element_type=\"container\" data-e-type=\"container\">\n\t\t\t\t<div class=\"elementor-element elementor-element-6c49ae9f elementor-widget elementor-widget-text-editor\" data-id=\"6c49ae9f\" data-element_type=\"widget\" data-e-type=\"widget\" data-widget_type=\"text-editor.default\">\n\t\t\t\t<div class=\"elementor-widget-container\">\n\t\t\t\t\t\t\t\t\t<div align=\"left\"><p class=\"has-medium-font-size\"><strong>CAP\u00cdTULO 25<\/strong><br \/><em><sup>Del matrimonio<\/sup><\/em><\/p><p>1. El matrimonio debe ser entre un hombre y una mujer; no es l\u00edcito para ning\u00fan hombre tener m\u00e1s de una esposa, ni para una mujer tener m\u00e1s de un esposo a la vez.<\/p><p>2. El matrimonio fue ordenado para la ayuda mutua entre el esposo y la esposa, para el aumento de la humanidad con descendientes leg\u00edtimos, y para la prevenci\u00f3n de la impureza.<\/p><p>3. Es leg\u00edtimo que todo tipo de personas se casen, si son capaces de dar su consentimiento con sano juicio; sin embargo, es el deber de los cristianos casarse en el Se\u00f1or y, por tanto, aquellos que profesan la religi\u00f3n verdadera no deben casarse con incr\u00e9dulos ni con id\u00f3latras; ni deben los piadosos unirse en yugo desigual, cas\u00e1ndose con aquellos que son imp\u00edos en sus vidas, o que sostienen herej\u00edas destructoras.<\/p><p>4. El matrimonio no debe ocurrir dentro de los niveles de consanguinidad o afinidad prohibidos en la Palabra; ni tampoco deben ser legitimados los matrimonios incestuosos, por ninguna ley humana ni por el consentimiento de las partes, de modo que esas personas puedan vivir juntas como marido y mujer.<\/p><\/div>\t\t\t\t\t\t\t\t<\/div>\n\t\t\t\t<\/div>\n\t\t\t\t<\/div>\n\t\t\t\t\t<\/div>\n\t\t\t\t<\/div>\n\t\t\t\t<\/div>","protected":false},"excerpt":{"rendered":"<p>Historia | Creencias | Evangelio\u00a0| Confesi\u00f3n de fe | Liderazgo | Contacto Introducci\u00f3n: La legitimidad y el uso de las confesionesCap. 1: Las Santas EscriturasCap. 2: De Dios y de la Santa TrinidadCap. 3: Del decreto de DiosCap. 4: De la creaci\u00f3nCap. 5: De la divina providenciaCap. 6: De la Ca\u00edda del hombre, del pecado y su castigoCap. 7: Del pacto de DiosCap. 8: De Cristo el MediadorCap. 9: Del libre albedr\u00edoCap. 10: Del llamamiento eficazCap. 11: De la justificaci\u00f3nCap. 12: De la adopci\u00f3nCap. 13: De la santificaci\u00f3nCap. 14: De la fe salvadoraCap. 15: Del arrepentimiento para vida y salvaci\u00f3nCap. 16: De las buenas obrasCap. 17: De la perseverancia de los santosCap. 18: De la seguridad de la gracia y de la salvaci\u00f3nCap. 19: De la ley de DiosCap. 20: Del evangelio y del alcance de su graciaCap. 21: De la libertad cristiana y de la libertad de concienciaCap. 22: De la adoraci\u00f3n religiosa y del d\u00eda de reposoCap. 23: De los juramentos y votos l\u00edcitosCap. 24: De las autoridades civilesCap. 25: Del matrimonioCap. 26: De la IglesiaCap. 27: De la comuni\u00f3n de los santosCap. 28: Del bautismo y la Cena del Se\u00f1orCap. 29: Del bautismoCap. 30: De la Cena del Se\u00f1orCap. 31: Del estado del hombre despu\u00e9s de la muerte y de la resurrecci\u00f3n de los muertosCap. 32: Del juicio final CAP\u00cdTULO 25Del matrimonio 1. El matrimonio debe ser entre un hombre y una mujer; no es l\u00edcito para ning\u00fan hombre tener m\u00e1s de una esposa, ni para una mujer tener m\u00e1s de un esposo a la vez. 2. El matrimonio fue ordenado para la ayuda mutua entre el esposo y la esposa, para el aumento de la humanidad con descendientes leg\u00edtimos, y para la prevenci\u00f3n de la impureza. 3. Es leg\u00edtimo que todo tipo de personas se casen, si son capaces de dar su consentimiento con sano juicio; sin embargo, es el deber de los cristianos casarse en el Se\u00f1or y, por tanto, aquellos que profesan la religi\u00f3n verdadera no deben casarse con incr\u00e9dulos ni con id\u00f3latras; ni deben los piadosos unirse en yugo desigual, cas\u00e1ndose con aquellos que son imp\u00edos en sus vidas, o que sostienen herej\u00edas destructoras. 4. El matrimonio no debe ocurrir dentro de los niveles de consanguinidad o afinidad prohibidos en la Palabra; ni tampoco deben ser legitimados los matrimonios incestuosos, por ninguna ley humana ni por el consentimiento de las partes, de modo que esas personas puedan vivir juntas como marido y mujer.<\/p>","protected":false},"author":1,"featured_media":0,"parent":0,"menu_order":0,"comment_status":"closed","ping_status":"closed","template":"","meta":{"footnotes":""},"class_list":["post-23800","page","type-page","status-publish","hentry"],"yoast_head":"<!-- This site is optimized with the Yoast SEO plugin v27.5 - https:\/\/yoast.com\/product\/yoast-seo-wordpress\/ -->\n<title>Cap. 25: Del matrimonio - Iglesia Bautista Reformada de North Bergen<\/title>\n<meta name=\"robots\" content=\"index, follow, max-snippet:-1, max-image-preview:large, max-video-preview:-1\" \/>\n<link rel=\"canonical\" href=\"https:\/\/ibrnb.org\/en\/cap-25-del-matrimonio\/\" \/>\n<meta property=\"og:locale\" content=\"en_US\" \/>\n<meta property=\"og:type\" content=\"article\" \/>\n<meta property=\"og:title\" content=\"Cap. 25: Del matrimonio - Iglesia Bautista Reformada de North Bergen\" \/>\n<meta property=\"og:description\" content=\"Historia | Creencias | Evangelio\u00a0| Confesi\u00f3n de fe | Liderazgo | Contacto Introducci\u00f3n: La legitimidad y el uso de las confesionesCap. 1: Las Santas EscriturasCap. 2: De Dios y de la Santa TrinidadCap. 3: Del decreto de DiosCap. 4: De la creaci\u00f3nCap. 5: De la divina providenciaCap. 6: De la Ca\u00edda del hombre, del pecado y su castigoCap. 7: Del pacto de DiosCap. 8: De Cristo el MediadorCap. 9: Del libre albedr\u00edoCap. 10: Del llamamiento eficazCap. 11: De la justificaci\u00f3nCap. 12: De la adopci\u00f3nCap. 13: De la santificaci\u00f3nCap. 14: De la fe salvadoraCap. 15: Del arrepentimiento para vida y salvaci\u00f3nCap. 16: De las buenas obrasCap. 17: De la perseverancia de los santosCap. 18: De la seguridad de la gracia y de la salvaci\u00f3nCap. 19: De la ley de DiosCap. 20: Del evangelio y del alcance de su graciaCap. 21: De la libertad cristiana y de la libertad de concienciaCap. 22: De la adoraci\u00f3n religiosa y del d\u00eda de reposoCap. 23: De los juramentos y votos l\u00edcitosCap. 24: De las autoridades civilesCap. 25: Del matrimonioCap. 26: De la IglesiaCap. 27: De la comuni\u00f3n de los santosCap. 28: Del bautismo y la Cena del Se\u00f1orCap. 29: Del bautismoCap. 30: De la Cena del Se\u00f1orCap. 31: Del estado del hombre despu\u00e9s de la muerte y de la resurrecci\u00f3n de los muertosCap. 32: Del juicio final CAP\u00cdTULO 25Del matrimonio 1. El matrimonio debe ser entre un hombre y una mujer; no es l\u00edcito para ning\u00fan hombre tener m\u00e1s de una esposa, ni para una mujer tener m\u00e1s de un esposo a la vez. 2. El matrimonio fue ordenado para la ayuda mutua entre el esposo y la esposa, para el aumento de la humanidad con descendientes leg\u00edtimos, y para la prevenci\u00f3n de la impureza. 3. Es leg\u00edtimo que todo tipo de personas se casen, si son capaces de dar su consentimiento con sano juicio; sin embargo, es el deber de los cristianos casarse en el Se\u00f1or y, por tanto, aquellos que profesan la religi\u00f3n verdadera no deben casarse con incr\u00e9dulos ni con id\u00f3latras; ni deben los piadosos unirse en yugo desigual, cas\u00e1ndose con aquellos que son imp\u00edos en sus vidas, o que sostienen herej\u00edas destructoras. 4. El matrimonio no debe ocurrir dentro de los niveles de consanguinidad o afinidad prohibidos en la Palabra; ni tampoco deben ser legitimados los matrimonios incestuosos, por ninguna ley humana ni por el consentimiento de las partes, de modo que esas personas puedan vivir juntas como marido y mujer.\" \/>\n<meta property=\"og:url\" content=\"https:\/\/ibrnb.org\/en\/cap-25-del-matrimonio\/\" \/>\n<meta property=\"og:site_name\" content=\"Iglesia Bautista Reformada de North Bergen\" \/>\n<meta property=\"article:publisher\" content=\"https:\/\/www.facebook.com\/profile.php?id=100064443055881\" \/>\n<meta property=\"article:modified_time\" content=\"2025-03-26T20:52:06+00:00\" \/>\n<meta name=\"twitter:card\" content=\"summary_large_image\" \/>\n<meta name=\"twitter:label1\" content=\"Est. reading time\" \/>\n\t<meta name=\"twitter:data1\" content=\"2 minutes\" \/>\n<script type=\"application\/ld+json\" class=\"yoast-schema-graph\">{\"@context\":\"https:\\\/\\\/schema.org\",\"@graph\":[{\"@type\":\"WebPage\",\"@id\":\"https:\\\/\\\/ibrnb.org\\\/cap-25-del-matrimonio\\\/\",\"url\":\"https:\\\/\\\/ibrnb.org\\\/cap-25-del-matrimonio\\\/\",\"name\":\"Cap. 25: Del matrimonio - Iglesia Bautista Reformada de North Bergen\",\"isPartOf\":{\"@id\":\"https:\\\/\\\/ibrnb.org\\\/es\\\/#website\"},\"datePublished\":\"2025-03-25T23:09:20+00:00\",\"dateModified\":\"2025-03-26T20:52:06+00:00\",\"breadcrumb\":{\"@id\":\"https:\\\/\\\/ibrnb.org\\\/cap-25-del-matrimonio\\\/#breadcrumb\"},\"inLanguage\":\"en-US\",\"potentialAction\":[{\"@type\":\"ReadAction\",\"target\":[\"https:\\\/\\\/ibrnb.org\\\/cap-25-del-matrimonio\\\/\"]}]},{\"@type\":\"BreadcrumbList\",\"@id\":\"https:\\\/\\\/ibrnb.org\\\/cap-25-del-matrimonio\\\/#breadcrumb\",\"itemListElement\":[{\"@type\":\"ListItem\",\"position\":1,\"name\":\"Portada\",\"item\":\"https:\\\/\\\/ibrnb.org\\\/\"},{\"@type\":\"ListItem\",\"position\":2,\"name\":\"Cap. 25: Del matrimonio\"}]},{\"@type\":\"WebSite\",\"@id\":\"https:\\\/\\\/ibrnb.org\\\/es\\\/#website\",\"url\":\"https:\\\/\\\/ibrnb.org\\\/es\\\/\",\"name\":\"Iglesia Bautista Reformada de North Bergen\",\"description\":\"Iglesia del Se\u00f1or Jesucristo.\",\"publisher\":{\"@id\":\"https:\\\/\\\/ibrnb.org\\\/es\\\/#organization\"},\"potentialAction\":[{\"@type\":\"SearchAction\",\"target\":{\"@type\":\"EntryPoint\",\"urlTemplate\":\"https:\\\/\\\/ibrnb.org\\\/es\\\/?s={search_term_string}\"},\"query-input\":{\"@type\":\"PropertyValueSpecification\",\"valueRequired\":true,\"valueName\":\"search_term_string\"}}],\"inLanguage\":\"en-US\"},{\"@type\":\"Organization\",\"@id\":\"https:\\\/\\\/ibrnb.org\\\/es\\\/#organization\",\"name\":\"Iglesia Bautista Reformada de North Bergen\",\"url\":\"https:\\\/\\\/ibrnb.org\\\/es\\\/\",\"logo\":{\"@type\":\"ImageObject\",\"inLanguage\":\"en-US\",\"@id\":\"https:\\\/\\\/ibrnb.org\\\/es\\\/#\\\/schema\\\/logo\\\/image\\\/\",\"url\":\"https:\\\/\\\/i0.wp.com\\\/ibrnb.org\\\/wp-content\\\/uploads\\\/2025\\\/03\\\/Iglesia_Logo_Calado-e1744687663107.png?fit=925%2C510&ssl=1\",\"contentUrl\":\"https:\\\/\\\/i0.wp.com\\\/ibrnb.org\\\/wp-content\\\/uploads\\\/2025\\\/03\\\/Iglesia_Logo_Calado-e1744687663107.png?fit=925%2C510&ssl=1\",\"width\":925,\"height\":510,\"caption\":\"Iglesia Bautista Reformada de North Bergen\"},\"image\":{\"@id\":\"https:\\\/\\\/ibrnb.org\\\/es\\\/#\\\/schema\\\/logo\\\/image\\\/\"},\"sameAs\":[\"https:\\\/\\\/www.facebook.com\\\/profile.php?id=100064443055881\"]}]}<\/script>\n<!-- \/ Yoast SEO plugin. -->","yoast_head_json":{"title":"Cap. 25: Del matrimonio - Iglesia Bautista Reformada de North Bergen","robots":{"index":"index","follow":"follow","max-snippet":"max-snippet:-1","max-image-preview":"max-image-preview:large","max-video-preview":"max-video-preview:-1"},"canonical":"https:\/\/ibrnb.org\/en\/cap-25-del-matrimonio\/","og_locale":"en_US","og_type":"article","og_title":"Cap. 25: Del matrimonio - Iglesia Bautista Reformada de North Bergen","og_description":"Historia | Creencias | Evangelio\u00a0| Confesi\u00f3n de fe | Liderazgo | Contacto Introducci\u00f3n: La legitimidad y el uso de las confesionesCap. 1: Las Santas EscriturasCap. 2: De Dios y de la Santa TrinidadCap. 3: Del decreto de DiosCap. 4: De la creaci\u00f3nCap. 5: De la divina providenciaCap. 6: De la Ca\u00edda del hombre, del pecado y su castigoCap. 7: Del pacto de DiosCap. 8: De Cristo el MediadorCap. 9: Del libre albedr\u00edoCap. 10: Del llamamiento eficazCap. 11: De la justificaci\u00f3nCap. 12: De la adopci\u00f3nCap. 13: De la santificaci\u00f3nCap. 14: De la fe salvadoraCap. 15: Del arrepentimiento para vida y salvaci\u00f3nCap. 16: De las buenas obrasCap. 17: De la perseverancia de los santosCap. 18: De la seguridad de la gracia y de la salvaci\u00f3nCap. 19: De la ley de DiosCap. 20: Del evangelio y del alcance de su graciaCap. 21: De la libertad cristiana y de la libertad de concienciaCap. 22: De la adoraci\u00f3n religiosa y del d\u00eda de reposoCap. 23: De los juramentos y votos l\u00edcitosCap. 24: De las autoridades civilesCap. 25: Del matrimonioCap. 26: De la IglesiaCap. 27: De la comuni\u00f3n de los santosCap. 28: Del bautismo y la Cena del Se\u00f1orCap. 29: Del bautismoCap. 30: De la Cena del Se\u00f1orCap. 31: Del estado del hombre despu\u00e9s de la muerte y de la resurrecci\u00f3n de los muertosCap. 32: Del juicio final CAP\u00cdTULO 25Del matrimonio 1. El matrimonio debe ser entre un hombre y una mujer; no es l\u00edcito para ning\u00fan hombre tener m\u00e1s de una esposa, ni para una mujer tener m\u00e1s de un esposo a la vez. 2. El matrimonio fue ordenado para la ayuda mutua entre el esposo y la esposa, para el aumento de la humanidad con descendientes leg\u00edtimos, y para la prevenci\u00f3n de la impureza. 3. Es leg\u00edtimo que todo tipo de personas se casen, si son capaces de dar su consentimiento con sano juicio; sin embargo, es el deber de los cristianos casarse en el Se\u00f1or y, por tanto, aquellos que profesan la religi\u00f3n verdadera no deben casarse con incr\u00e9dulos ni con id\u00f3latras; ni deben los piadosos unirse en yugo desigual, cas\u00e1ndose con aquellos que son imp\u00edos en sus vidas, o que sostienen herej\u00edas destructoras. 4. El matrimonio no debe ocurrir dentro de los niveles de consanguinidad o afinidad prohibidos en la Palabra; ni tampoco deben ser legitimados los matrimonios incestuosos, por ninguna ley humana ni por el consentimiento de las partes, de modo que esas personas puedan vivir juntas como marido y mujer.","og_url":"https:\/\/ibrnb.org\/en\/cap-25-del-matrimonio\/","og_site_name":"Iglesia Bautista Reformada de North Bergen","article_publisher":"https:\/\/www.facebook.com\/profile.php?id=100064443055881","article_modified_time":"2025-03-26T20:52:06+00:00","twitter_card":"summary_large_image","twitter_misc":{"Est. reading time":"2 minutes"},"schema":{"@context":"https:\/\/schema.org","@graph":[{"@type":"WebPage","@id":"https:\/\/ibrnb.org\/cap-25-del-matrimonio\/","url":"https:\/\/ibrnb.org\/cap-25-del-matrimonio\/","name":"Cap. 25: Del matrimonio - Iglesia Bautista Reformada de North Bergen","isPartOf":{"@id":"https:\/\/ibrnb.org\/es\/#website"},"datePublished":"2025-03-25T23:09:20+00:00","dateModified":"2025-03-26T20:52:06+00:00","breadcrumb":{"@id":"https:\/\/ibrnb.org\/cap-25-del-matrimonio\/#breadcrumb"},"inLanguage":"en-US","potentialAction":[{"@type":"ReadAction","target":["https:\/\/ibrnb.org\/cap-25-del-matrimonio\/"]}]},{"@type":"BreadcrumbList","@id":"https:\/\/ibrnb.org\/cap-25-del-matrimonio\/#breadcrumb","itemListElement":[{"@type":"ListItem","position":1,"name":"Portada","item":"https:\/\/ibrnb.org\/"},{"@type":"ListItem","position":2,"name":"Cap. 25: Del matrimonio"}]},{"@type":"WebSite","@id":"https:\/\/ibrnb.org\/es\/#website","url":"https:\/\/ibrnb.org\/es\/","name":"North Bergen Reformed Baptist Church","description":"Iglesia del Se\u00f1or Jesucristo.","publisher":{"@id":"https:\/\/ibrnb.org\/es\/#organization"},"potentialAction":[{"@type":"SearchAction","target":{"@type":"EntryPoint","urlTemplate":"https:\/\/ibrnb.org\/es\/?s={search_term_string}"},"query-input":{"@type":"PropertyValueSpecification","valueRequired":true,"valueName":"search_term_string"}}],"inLanguage":"en-US"},{"@type":"Organization","@id":"https:\/\/ibrnb.org\/es\/#organization","name":"North Bergen Reformed Baptist Church","url":"https:\/\/ibrnb.org\/es\/","logo":{"@type":"ImageObject","inLanguage":"en-US","@id":"https:\/\/ibrnb.org\/es\/#\/schema\/logo\/image\/","url":"https:\/\/i0.wp.com\/ibrnb.org\/wp-content\/uploads\/2025\/03\/Iglesia_Logo_Calado-e1744687663107.png?fit=925%2C510&ssl=1","contentUrl":"https:\/\/i0.wp.com\/ibrnb.org\/wp-content\/uploads\/2025\/03\/Iglesia_Logo_Calado-e1744687663107.png?fit=925%2C510&ssl=1","width":925,"height":510,"caption":"Iglesia Bautista Reformada de North Bergen"},"image":{"@id":"https:\/\/ibrnb.org\/es\/#\/schema\/logo\/image\/"},"sameAs":["https:\/\/www.facebook.com\/profile.php?id=100064443055881"]}]}},"_links":{"self":[{"href":"https:\/\/ibrnb.org\/en\/wp-json\/wp\/v2\/pages\/23800","targetHints":{"allow":["GET"]}}],"collection":[{"href":"https:\/\/ibrnb.org\/en\/wp-json\/wp\/v2\/pages"}],"about":[{"href":"https:\/\/ibrnb.org\/en\/wp-json\/wp\/v2\/types\/page"}],"author":[{"embeddable":true,"href":"https:\/\/ibrnb.org\/en\/wp-json\/wp\/v2\/users\/1"}],"replies":[{"embeddable":true,"href":"https:\/\/ibrnb.org\/en\/wp-json\/wp\/v2\/comments?post=23800"}],"version-history":[{"count":5,"href":"https:\/\/ibrnb.org\/en\/wp-json\/wp\/v2\/pages\/23800\/revisions"}],"predecessor-version":[{"id":23946,"href":"https:\/\/ibrnb.org\/en\/wp-json\/wp\/v2\/pages\/23800\/revisions\/23946"}],"wp:attachment":[{"href":"https:\/\/ibrnb.org\/en\/wp-json\/wp\/v2\/media?parent=23800"}],"curies":[{"name":"wp","href":"https:\/\/api.w.org\/{rel}","templated":true}]}}