{"id":23688,"date":"2025-03-25T22:27:23","date_gmt":"2025-03-25T22:27:23","guid":{"rendered":"https:\/\/ibrnb.org\/?page_id=23688"},"modified":"2025-03-28T02:51:57","modified_gmt":"2025-03-28T02:51:57","slug":"cap-7-del-pacto-de-dios","status":"publish","type":"page","link":"https:\/\/ibrnb.org\/en\/cap-7-del-pacto-de-dios\/","title":{"rendered":"Cap. 7: Del pacto de Dios"},"content":{"rendered":"<div data-elementor-type=\"wp-page\" data-elementor-id=\"23688\" class=\"elementor elementor-23688\">\n\t\t\t\t<div class=\"elementor-element elementor-element-1bde759 e-flex e-con-boxed wpr-particle-no wpr-jarallax-no wpr-parallax-no wpr-sticky-section-no wpr-column-slider-no wpr-equal-height-no e-con e-parent\" data-id=\"1bde759\" data-element_type=\"container\" data-e-type=\"container\">\n\t\t\t\t\t<div class=\"e-con-inner\">\n\t\t\t\t<div class=\"elementor-element elementor-element-7ac408a9 elementor-widget elementor-widget-text-editor\" data-id=\"7ac408a9\" data-element_type=\"widget\" data-e-type=\"widget\" data-widget_type=\"text-editor.default\">\n\t\t\t\t<div class=\"elementor-widget-container\">\n\t\t\t\t\t\t\t\t\t<strong><a href=\"https:\/\/ibrnb.org\/en\/confesion-de-fe-2\/\">Confession of faith<\/a><\/strong> | Cap\u00edtulo 7, Del pacto de Dios\t\t\t\t\t\t\t\t<\/div>\n\t\t\t\t<\/div>\n\t\t\t\t\t<\/div>\n\t\t\t\t<\/div>\n\t\t<div class=\"elementor-element elementor-element-1c172816 e-flex e-con-boxed wpr-particle-no wpr-jarallax-no wpr-parallax-no wpr-sticky-section-no wpr-column-slider-no wpr-equal-height-no e-con e-parent\" data-id=\"1c172816\" data-element_type=\"container\" data-e-type=\"container\">\n\t\t\t\t\t<div class=\"e-con-inner\">\n\t\t\t\t\t<\/div>\n\t\t\t\t<\/div>\n\t\t<div class=\"elementor-element elementor-element-37c80eb2 e-flex e-con-boxed wpr-particle-no wpr-jarallax-no wpr-parallax-no wpr-sticky-section-no wpr-column-slider-no wpr-equal-height-no e-con e-parent\" data-id=\"37c80eb2\" data-element_type=\"container\" data-e-type=\"container\">\n\t\t\t\t\t<div class=\"e-con-inner\">\n\t\t\t\t<div class=\"elementor-element elementor-element-648f19eb elementor-widget elementor-widget-text-editor\" data-id=\"648f19eb\" data-element_type=\"widget\" data-e-type=\"widget\" data-widget_type=\"text-editor.default\">\n\t\t\t\t<div class=\"elementor-widget-container\">\n\t\t\t\t\t\t\t\t\t<p><strong>1.<\/strong>\u00a0La distancia entre Dios y la criatura es tan grande que aun cuando las criaturas racionales le deben obediencia como a su Creador, sin embargo \u00e9stas nunca podr\u00edan haber logrado la recompensa de vida a no ser por alguna condescendencia voluntaria por parte de Dios, que a El le ha placido expresar en forma de pacto.<sup>1<\/sup><\/p>\t\t\t\t\t\t\t\t<\/div>\n\t\t\t\t<\/div>\n\t\t\t\t\t<\/div>\n\t\t\t\t<\/div>\n\t\t<div class=\"elementor-element elementor-element-6bd092cc e-flex e-con-boxed wpr-particle-no wpr-jarallax-no wpr-parallax-no wpr-sticky-section-no wpr-column-slider-no wpr-equal-height-no e-con e-parent\" data-id=\"6bd092cc\" data-element_type=\"container\" data-e-type=\"container\">\n\t\t\t\t\t<div class=\"e-con-inner\">\n\t\t\t\t<div class=\"elementor-element elementor-element-5da6da67 elementor-widget elementor-widget-text-editor\" data-id=\"5da6da67\" data-element_type=\"widget\" data-e-type=\"widget\" data-widget_type=\"text-editor.default\">\n\t\t\t\t<div class=\"elementor-widget-container\">\n\t\t\t\t\t\t\t\t\t<p>1. Job 35:7,8; Sal. 113:5,6; Is. 40:13-16; Lc. 17:5-10; Hch. 17:24,25<\/p>\t\t\t\t\t\t\t\t<\/div>\n\t\t\t\t<\/div>\n\t\t\t\t\t<\/div>\n\t\t\t\t<\/div>\n\t\t<div class=\"elementor-element elementor-element-649f4f2 e-flex e-con-boxed wpr-particle-no wpr-jarallax-no wpr-parallax-no wpr-sticky-section-no wpr-column-slider-no wpr-equal-height-no e-con e-parent\" data-id=\"649f4f2\" data-element_type=\"container\" data-e-type=\"container\">\n\t\t\t\t\t<div class=\"e-con-inner\">\n\t\t\t\t<div class=\"elementor-element elementor-element-94c6703 elementor-widget elementor-widget-text-editor\" data-id=\"94c6703\" data-element_type=\"widget\" data-e-type=\"widget\" data-widget_type=\"text-editor.default\">\n\t\t\t\t<div class=\"elementor-widget-container\">\n\t\t\t\t\t\t\t\t\t<p><strong>2.<\/strong>\u00a0Adem\u00e1s, habi\u00e9ndose el hombre acarreado la maldici\u00f3n de la ley por su Ca\u00edda, agrad\u00f3 al Se\u00f1or hacer un pacto de gracia,<sup>1<\/sup>\u00a0en el que gratuitamente ofrece a los pecadores vida y salvaci\u00f3n por Jesucristo, requiri\u00e9ndoles la fe en El para que puedan ser salvos,<sup>2<\/sup>\u00a0y prometiendo dar su Esp\u00edritu Santo a todos aquellos que est\u00e1n ordenados para vida eterna, a fin de darles disposici\u00f3n y capacidad para creer.<sup>3<\/sup><\/p>\t\t\t\t\t\t\t\t<\/div>\n\t\t\t\t<\/div>\n\t\t\t\t\t<\/div>\n\t\t\t\t<\/div>\n\t\t<div class=\"elementor-element elementor-element-3fac4a8 e-flex e-con-boxed wpr-particle-no wpr-jarallax-no wpr-parallax-no wpr-sticky-section-no wpr-column-slider-no wpr-equal-height-no e-con e-parent\" data-id=\"3fac4a8\" data-element_type=\"container\" data-e-type=\"container\">\n\t\t\t\t\t<div class=\"e-con-inner\">\n\t\t\t\t<div class=\"elementor-element elementor-element-0fca41d elementor-widget elementor-widget-text-editor\" data-id=\"0fca41d\" data-element_type=\"widget\" data-e-type=\"widget\" data-widget_type=\"text-editor.default\">\n\t\t\t\t<div class=\"elementor-widget-container\">\n\t\t\t\t\t\t\t\t\t<p>1. Gn. 3:15; Sal. 110:4 (con He. 7:18-22; 10:12-18); Ef. 2:12 (con Ro. 4:13-17 y G\u00e1. 3:18-22); He. 9:15<br \/>2. Jn. 3:16; Ro. 10:6,9; G\u00e1. 3:11<br \/>3. Ez. 36:26,27; Jn. 6:44,45<\/p>\t\t\t\t\t\t\t\t<\/div>\n\t\t\t\t<\/div>\n\t\t\t\t\t<\/div>\n\t\t\t\t<\/div>\n\t\t<div class=\"elementor-element elementor-element-a702e0e e-flex e-con-boxed wpr-particle-no wpr-jarallax-no wpr-parallax-no wpr-sticky-section-no wpr-column-slider-no wpr-equal-height-no e-con e-parent\" data-id=\"a702e0e\" data-element_type=\"container\" data-e-type=\"container\">\n\t\t\t\t\t<div class=\"e-con-inner\">\n\t\t\t\t<div class=\"elementor-element elementor-element-1aeb1e1 elementor-widget elementor-widget-text-editor\" data-id=\"1aeb1e1\" data-element_type=\"widget\" data-e-type=\"widget\" data-widget_type=\"text-editor.default\">\n\t\t\t\t<div class=\"elementor-widget-container\">\n\t\t\t\t\t\t\t\t\t<p><strong>3.<\/strong>\u00a0Este pacto se revela en el evangelio; en primer lugar, a Ad\u00e1n en la promesa de salvaci\u00f3n a trav\u00e9s de la simiente de la mujer, y luego mediante pasos adicionales hasta completarse su plena revelaci\u00f3n en el Nuevo Testamento;<sup>1<\/sup>\u00a0y est\u00e1 fundado en aquella transacci\u00f3n federal y eterna que hubo entre el Padre y el Hijo acerca de la redenci\u00f3n de los elegidos;<sup>2<\/sup>\u00a0y es \u00fanicamente a trav\u00e9s de la gracia de este pacto como todos los descendientes del Ad\u00e1n ca\u00eddo que son salvados obtienen vida y bendita inmortalidad, siendo el hombre ahora totalmente incapaz de ser aceptado por Dios bajo aquellas condiciones en las que estuvo Ad\u00e1n en su estado de inocencia.<sup>3<\/sup><\/p>\t\t\t\t\t\t\t\t<\/div>\n\t\t\t\t<\/div>\n\t\t\t\t\t<\/div>\n\t\t\t\t<\/div>\n\t\t<div class=\"elementor-element elementor-element-040e475 e-flex e-con-boxed wpr-particle-no wpr-jarallax-no wpr-parallax-no wpr-sticky-section-no wpr-column-slider-no wpr-equal-height-no e-con e-parent\" data-id=\"040e475\" data-element_type=\"container\" data-e-type=\"container\">\n\t\t\t\t\t<div class=\"e-con-inner\">\n\t\t\t\t<div class=\"elementor-element elementor-element-503ff64 elementor-widget elementor-widget-text-editor\" data-id=\"503ff64\" data-element_type=\"widget\" data-e-type=\"widget\" data-widget_type=\"text-editor.default\">\n\t\t\t\t<div class=\"elementor-widget-container\">\n\t\t\t\t\t\t\t\t\t<p>1. Gn. 3:15; Ro. 16:25-27; Ef. 3:5; Tit. 1:2; He. 1:1,2<br \/>2. Sal. 110:4; Ef. 1:3-11; 2 Ti. 1:9<br \/>3. Jn. 8:56; Ro. 4:1-25; G\u00e1. 3:18-22; He. 11:6,13,39,40<\/p>\t\t\t\t\t\t\t\t<\/div>\n\t\t\t\t<\/div>\n\t\t\t\t\t<\/div>\n\t\t\t\t<\/div>\n\t\t<div class=\"elementor-element elementor-element-e54eb63 e-flex e-con-boxed wpr-particle-no wpr-jarallax-no wpr-parallax-no wpr-sticky-section-no wpr-column-slider-no wpr-equal-height-no e-con e-parent\" data-id=\"e54eb63\" data-element_type=\"container\" data-e-type=\"container\">\n\t\t\t\t\t<div class=\"e-con-inner\">\n\t\t<div class=\"elementor-element elementor-element-67a6769 e-con-full e-flex wpr-particle-no wpr-jarallax-no wpr-parallax-no wpr-sticky-section-no wpr-column-slider-no wpr-equal-height-no e-con e-child\" data-id=\"67a6769\" data-element_type=\"container\" data-e-type=\"container\">\n\t\t<div class=\"elementor-element elementor-element-8c82184 e-grid e-con-full wpr-particle-no wpr-jarallax-no wpr-parallax-no wpr-sticky-section-no wpr-column-slider-no wpr-equal-height-no e-con e-child\" data-id=\"8c82184\" data-element_type=\"container\" data-e-type=\"container\">\n\t\t\t\t<div class=\"elementor-element elementor-element-182b2fe elementor-align-justify elementor-widget elementor-widget-button\" data-id=\"182b2fe\" data-element_type=\"widget\" data-e-type=\"widget\" data-widget_type=\"button.default\">\n\t\t\t\t<div class=\"elementor-widget-container\">\n\t\t\t\t\t\t\t\t\t<div class=\"elementor-button-wrapper\">\n\t\t\t\t\t<a class=\"elementor-button elementor-button-link elementor-size-sm\" href=\"https:\/\/ibrnb.org\/en\/cap-6-de-la-caida-del-hombre-del-pecado-y-su-castigo\/\">\n\t\t\t\t\t\t<span class=\"elementor-button-content-wrapper\">\n\t\t\t\t\t\t<span class=\"elementor-button-icon\">\n\t\t\t\t<svg aria-hidden=\"true\" class=\"e-font-icon-svg e-fas-arrow-circle-left\" viewbox=\"0 0 512 512\" xmlns=\"http:\/\/www.w3.org\/2000\/svg\"><path d=\"M256 504C119 504 8 393 8 256S119 8 256 8s248 111 248 248-111 248-248 248zm28.9-143.6L209.4 288H392c13.3 0 24-10.7 24-24v-16c0-13.3-10.7-24-24-24H209.4l75.5-72.4c9.7-9.3 9.9-24.8.4-34.3l-11-10.9c-9.4-9.4-24.6-9.4-33.9 0L107.7 239c-9.4 9.4-9.4 24.6 0 33.9l132.7 132.7c9.4 9.4 24.6 9.4 33.9 0l11-10.9c9.5-9.5 9.3-25-.4-34.3z\"><\/path><\/svg>\t\t\t<\/span>\n\t\t\t\t\t\t\t\t\t<span class=\"elementor-button-text\">De la Ca\u00edda del hombre, del pecado y su castigo<\/span>\n\t\t\t\t\t<\/span>\n\t\t\t\t\t<\/a>\n\t\t\t\t<\/div>\n\t\t\t\t\t\t\t\t<\/div>\n\t\t\t\t<\/div>\n\t\t\t\t<div class=\"elementor-element elementor-element-e49162e elementor-align-justify elementor-widget elementor-widget-button\" data-id=\"e49162e\" data-element_type=\"widget\" data-e-type=\"widget\" data-widget_type=\"button.default\">\n\t\t\t\t<div class=\"elementor-widget-container\">\n\t\t\t\t\t\t\t\t\t<div class=\"elementor-button-wrapper\">\n\t\t\t\t\t<a class=\"elementor-button elementor-button-link elementor-size-sm\" href=\"https:\/\/ibrnb.org\/en\/cap-8-de-cristo-el-mediador\/\">\n\t\t\t\t\t\t<span class=\"elementor-button-content-wrapper\">\n\t\t\t\t\t\t<span class=\"elementor-button-icon\">\n\t\t\t\t<svg aria-hidden=\"true\" class=\"e-font-icon-svg e-fas-arrow-circle-right\" viewbox=\"0 0 512 512\" xmlns=\"http:\/\/www.w3.org\/2000\/svg\"><path d=\"M256 8c137 0 248 111 248 248S393 504 256 504 8 393 8 256 119 8 256 8zm-28.9 143.6l75.5 72.4H120c-13.3 0-24 10.7-24 24v16c0 13.3 10.7 24 24 24h182.6l-75.5 72.4c-9.7 9.3-9.9 24.8-.4 34.3l11 10.9c9.4 9.4 24.6 9.4 33.9 0L404.3 273c9.4-9.4 9.4-24.6 0-33.9L271.6 106.3c-9.4-9.4-24.6-9.4-33.9 0l-11 10.9c-9.5 9.6-9.3 25.1.4 34.4z\"><\/path><\/svg>\t\t\t<\/span>\n\t\t\t\t\t\t\t\t\t<span class=\"elementor-button-text\">De Cristo el mediador<\/span>\n\t\t\t\t\t<\/span>\n\t\t\t\t\t<\/a>\n\t\t\t\t<\/div>\n\t\t\t\t\t\t\t\t<\/div>\n\t\t\t\t<\/div>\n\t\t\t\t<\/div>\n\t\t\t\t<\/div>\n\t\t\t\t\t<\/div>\n\t\t\t\t<\/div>\n\t\t\t\t<\/div>","protected":false},"excerpt":{"rendered":"<p>Confesi\u00f3n de fe | Cap\u00edtulo 7, Del pacto de Dios Cap\u00edtulo 7, Del pacto de Dios Confesi\u00f3n de fe de Londres de 1689 Cap\u00edtulo 7, Del pacto de Dios Confesi\u00f3n de fe de Londres de 1689 1.\u00a0La distancia entre Dios y la criatura es tan grande que aun cuando las criaturas racionales le deben obediencia como a su Creador, sin embargo \u00e9stas nunca podr\u00edan haber logrado la recompensa de vida a no ser por alguna condescendencia voluntaria por parte de Dios, que a El le ha placido expresar en forma de pacto.1 1. Job 35:7,8; Sal. 113:5,6; Is. 40:13-16; Lc. 17:5-10; Hch. 17:24,25 2.\u00a0Adem\u00e1s, habi\u00e9ndose el hombre acarreado la maldici\u00f3n de la ley por su Ca\u00edda, agrad\u00f3 al Se\u00f1or hacer un pacto de gracia,1\u00a0en el que gratuitamente ofrece a los pecadores vida y salvaci\u00f3n por Jesucristo, requiri\u00e9ndoles la fe en El para que puedan ser salvos,2\u00a0y prometiendo dar su Esp\u00edritu Santo a todos aquellos que est\u00e1n ordenados para vida eterna, a fin de darles disposici\u00f3n y capacidad para creer.3 1. Gn. 3:15; Sal. 110:4 (con He. 7:18-22; 10:12-18); Ef. 2:12 (con Ro. 4:13-17 y G\u00e1. 3:18-22); He. 9:152. Jn. 3:16; Ro. 10:6,9; G\u00e1. 3:113. Ez. 36:26,27; Jn. 6:44,45 3.\u00a0Este pacto se revela en el evangelio; en primer lugar, a Ad\u00e1n en la promesa de salvaci\u00f3n a trav\u00e9s de la simiente de la mujer, y luego mediante pasos adicionales hasta completarse su plena revelaci\u00f3n en el Nuevo Testamento;1\u00a0y est\u00e1 fundado en aquella transacci\u00f3n federal y eterna que hubo entre el Padre y el Hijo acerca de la redenci\u00f3n de los elegidos;2\u00a0y es \u00fanicamente a trav\u00e9s de la gracia de este pacto como todos los descendientes del Ad\u00e1n ca\u00eddo que son salvados obtienen vida y bendita inmortalidad, siendo el hombre ahora totalmente incapaz de ser aceptado por Dios bajo aquellas condiciones en las que estuvo Ad\u00e1n en su estado de inocencia.3 1. Gn. 3:15; Ro. 16:25-27; Ef. 3:5; Tit. 1:2; He. 1:1,22. Sal. 110:4; Ef. 1:3-11; 2 Ti. 1:93. Jn. 8:56; Ro. 4:1-25; G\u00e1. 3:18-22; He. 11:6,13,39,40 De la Ca\u00edda del hombre, del pecado y su castigo De Cristo el mediador<\/p>","protected":false},"author":1,"featured_media":0,"parent":0,"menu_order":0,"comment_status":"closed","ping_status":"closed","template":"","meta":{"footnotes":""},"class_list":["post-23688","page","type-page","status-publish","hentry"],"yoast_head":"<!-- This site is optimized with the Yoast SEO plugin v27.5 - https:\/\/yoast.com\/product\/yoast-seo-wordpress\/ -->\n<title>Cap. 7: Del pacto de Dios - Iglesia Bautista Reformada de North Bergen<\/title>\n<meta name=\"robots\" content=\"index, follow, max-snippet:-1, max-image-preview:large, max-video-preview:-1\" \/>\n<link rel=\"canonical\" href=\"https:\/\/ibrnb.org\/en\/cap-7-del-pacto-de-dios\/\" \/>\n<meta property=\"og:locale\" content=\"en_US\" \/>\n<meta property=\"og:type\" content=\"article\" \/>\n<meta property=\"og:title\" content=\"Cap. 7: Del pacto de Dios - Iglesia Bautista Reformada de North Bergen\" \/>\n<meta property=\"og:description\" content=\"Confesi\u00f3n de fe | Cap\u00edtulo 7, Del pacto de Dios Cap\u00edtulo 7, Del pacto de Dios Confesi\u00f3n de fe de Londres de 1689 Cap\u00edtulo 7, Del pacto de Dios Confesi\u00f3n de fe de Londres de 1689 1.\u00a0La distancia entre Dios y la criatura es tan grande que aun cuando las criaturas racionales le deben obediencia como a su Creador, sin embargo \u00e9stas nunca podr\u00edan haber logrado la recompensa de vida a no ser por alguna condescendencia voluntaria por parte de Dios, que a El le ha placido expresar en forma de pacto.1 1. Job 35:7,8; Sal. 113:5,6; Is. 40:13-16; Lc. 17:5-10; Hch. 17:24,25 2.\u00a0Adem\u00e1s, habi\u00e9ndose el hombre acarreado la maldici\u00f3n de la ley por su Ca\u00edda, agrad\u00f3 al Se\u00f1or hacer un pacto de gracia,1\u00a0en el que gratuitamente ofrece a los pecadores vida y salvaci\u00f3n por Jesucristo, requiri\u00e9ndoles la fe en El para que puedan ser salvos,2\u00a0y prometiendo dar su Esp\u00edritu Santo a todos aquellos que est\u00e1n ordenados para vida eterna, a fin de darles disposici\u00f3n y capacidad para creer.3 1. Gn. 3:15; Sal. 110:4 (con He. 7:18-22; 10:12-18); Ef. 2:12 (con Ro. 4:13-17 y G\u00e1. 3:18-22); He. 9:152. Jn. 3:16; Ro. 10:6,9; G\u00e1. 3:113. Ez. 36:26,27; Jn. 6:44,45 3.\u00a0Este pacto se revela en el evangelio; en primer lugar, a Ad\u00e1n en la promesa de salvaci\u00f3n a trav\u00e9s de la simiente de la mujer, y luego mediante pasos adicionales hasta completarse su plena revelaci\u00f3n en el Nuevo Testamento;1\u00a0y est\u00e1 fundado en aquella transacci\u00f3n federal y eterna que hubo entre el Padre y el Hijo acerca de la redenci\u00f3n de los elegidos;2\u00a0y es \u00fanicamente a trav\u00e9s de la gracia de este pacto como todos los descendientes del Ad\u00e1n ca\u00eddo que son salvados obtienen vida y bendita inmortalidad, siendo el hombre ahora totalmente incapaz de ser aceptado por Dios bajo aquellas condiciones en las que estuvo Ad\u00e1n en su estado de inocencia.3 1. Gn. 3:15; Ro. 16:25-27; Ef. 3:5; Tit. 1:2; He. 1:1,22. Sal. 110:4; Ef. 1:3-11; 2 Ti. 1:93. Jn. 8:56; Ro. 4:1-25; G\u00e1. 3:18-22; He. 11:6,13,39,40 De la Ca\u00edda del hombre, del pecado y su castigo De Cristo el mediador\" \/>\n<meta property=\"og:url\" content=\"https:\/\/ibrnb.org\/en\/cap-7-del-pacto-de-dios\/\" \/>\n<meta property=\"og:site_name\" content=\"Iglesia Bautista Reformada de North Bergen\" \/>\n<meta property=\"article:publisher\" content=\"https:\/\/www.facebook.com\/profile.php?id=100064443055881\" \/>\n<meta property=\"article:modified_time\" content=\"2025-03-28T02:51:57+00:00\" \/>\n<meta name=\"twitter:card\" content=\"summary_large_image\" \/>\n<meta name=\"twitter:label1\" content=\"Est. reading time\" \/>\n\t<meta name=\"twitter:data1\" content=\"2 minutes\" \/>\n<script type=\"application\/ld+json\" class=\"yoast-schema-graph\">{\"@context\":\"https:\\\/\\\/schema.org\",\"@graph\":[{\"@type\":\"WebPage\",\"@id\":\"https:\\\/\\\/ibrnb.org\\\/cap-7-del-pacto-de-dios\\\/\",\"url\":\"https:\\\/\\\/ibrnb.org\\\/cap-7-del-pacto-de-dios\\\/\",\"name\":\"Cap. 7: Del pacto de Dios - Iglesia Bautista Reformada de North Bergen\",\"isPartOf\":{\"@id\":\"https:\\\/\\\/ibrnb.org\\\/es\\\/#website\"},\"datePublished\":\"2025-03-25T22:27:23+00:00\",\"dateModified\":\"2025-03-28T02:51:57+00:00\",\"breadcrumb\":{\"@id\":\"https:\\\/\\\/ibrnb.org\\\/cap-7-del-pacto-de-dios\\\/#breadcrumb\"},\"inLanguage\":\"en-US\",\"potentialAction\":[{\"@type\":\"ReadAction\",\"target\":[\"https:\\\/\\\/ibrnb.org\\\/cap-7-del-pacto-de-dios\\\/\"]}]},{\"@type\":\"BreadcrumbList\",\"@id\":\"https:\\\/\\\/ibrnb.org\\\/cap-7-del-pacto-de-dios\\\/#breadcrumb\",\"itemListElement\":[{\"@type\":\"ListItem\",\"position\":1,\"name\":\"Portada\",\"item\":\"https:\\\/\\\/ibrnb.org\\\/\"},{\"@type\":\"ListItem\",\"position\":2,\"name\":\"Cap. 7: Del pacto de Dios\"}]},{\"@type\":\"WebSite\",\"@id\":\"https:\\\/\\\/ibrnb.org\\\/es\\\/#website\",\"url\":\"https:\\\/\\\/ibrnb.org\\\/es\\\/\",\"name\":\"Iglesia Bautista Reformada de North Bergen\",\"description\":\"Iglesia del Se\u00f1or Jesucristo.\",\"publisher\":{\"@id\":\"https:\\\/\\\/ibrnb.org\\\/es\\\/#organization\"},\"potentialAction\":[{\"@type\":\"SearchAction\",\"target\":{\"@type\":\"EntryPoint\",\"urlTemplate\":\"https:\\\/\\\/ibrnb.org\\\/es\\\/?s={search_term_string}\"},\"query-input\":{\"@type\":\"PropertyValueSpecification\",\"valueRequired\":true,\"valueName\":\"search_term_string\"}}],\"inLanguage\":\"en-US\"},{\"@type\":\"Organization\",\"@id\":\"https:\\\/\\\/ibrnb.org\\\/es\\\/#organization\",\"name\":\"Iglesia Bautista Reformada de North Bergen\",\"url\":\"https:\\\/\\\/ibrnb.org\\\/es\\\/\",\"logo\":{\"@type\":\"ImageObject\",\"inLanguage\":\"en-US\",\"@id\":\"https:\\\/\\\/ibrnb.org\\\/es\\\/#\\\/schema\\\/logo\\\/image\\\/\",\"url\":\"https:\\\/\\\/i0.wp.com\\\/ibrnb.org\\\/wp-content\\\/uploads\\\/2025\\\/03\\\/Iglesia_Logo_Calado-e1744687663107.png?fit=925%2C510&ssl=1\",\"contentUrl\":\"https:\\\/\\\/i0.wp.com\\\/ibrnb.org\\\/wp-content\\\/uploads\\\/2025\\\/03\\\/Iglesia_Logo_Calado-e1744687663107.png?fit=925%2C510&ssl=1\",\"width\":925,\"height\":510,\"caption\":\"Iglesia Bautista Reformada de North Bergen\"},\"image\":{\"@id\":\"https:\\\/\\\/ibrnb.org\\\/es\\\/#\\\/schema\\\/logo\\\/image\\\/\"},\"sameAs\":[\"https:\\\/\\\/www.facebook.com\\\/profile.php?id=100064443055881\"]}]}<\/script>\n<!-- \/ Yoast SEO plugin. -->","yoast_head_json":{"title":"Cap. 7: Del pacto de Dios - Iglesia Bautista Reformada de North Bergen","robots":{"index":"index","follow":"follow","max-snippet":"max-snippet:-1","max-image-preview":"max-image-preview:large","max-video-preview":"max-video-preview:-1"},"canonical":"https:\/\/ibrnb.org\/en\/cap-7-del-pacto-de-dios\/","og_locale":"en_US","og_type":"article","og_title":"Cap. 7: Del pacto de Dios - Iglesia Bautista Reformada de North Bergen","og_description":"Confesi\u00f3n de fe | Cap\u00edtulo 7, Del pacto de Dios Cap\u00edtulo 7, Del pacto de Dios Confesi\u00f3n de fe de Londres de 1689 Cap\u00edtulo 7, Del pacto de Dios Confesi\u00f3n de fe de Londres de 1689 1.\u00a0La distancia entre Dios y la criatura es tan grande que aun cuando las criaturas racionales le deben obediencia como a su Creador, sin embargo \u00e9stas nunca podr\u00edan haber logrado la recompensa de vida a no ser por alguna condescendencia voluntaria por parte de Dios, que a El le ha placido expresar en forma de pacto.1 1. Job 35:7,8; Sal. 113:5,6; Is. 40:13-16; Lc. 17:5-10; Hch. 17:24,25 2.\u00a0Adem\u00e1s, habi\u00e9ndose el hombre acarreado la maldici\u00f3n de la ley por su Ca\u00edda, agrad\u00f3 al Se\u00f1or hacer un pacto de gracia,1\u00a0en el que gratuitamente ofrece a los pecadores vida y salvaci\u00f3n por Jesucristo, requiri\u00e9ndoles la fe en El para que puedan ser salvos,2\u00a0y prometiendo dar su Esp\u00edritu Santo a todos aquellos que est\u00e1n ordenados para vida eterna, a fin de darles disposici\u00f3n y capacidad para creer.3 1. Gn. 3:15; Sal. 110:4 (con He. 7:18-22; 10:12-18); Ef. 2:12 (con Ro. 4:13-17 y G\u00e1. 3:18-22); He. 9:152. Jn. 3:16; Ro. 10:6,9; G\u00e1. 3:113. Ez. 36:26,27; Jn. 6:44,45 3.\u00a0Este pacto se revela en el evangelio; en primer lugar, a Ad\u00e1n en la promesa de salvaci\u00f3n a trav\u00e9s de la simiente de la mujer, y luego mediante pasos adicionales hasta completarse su plena revelaci\u00f3n en el Nuevo Testamento;1\u00a0y est\u00e1 fundado en aquella transacci\u00f3n federal y eterna que hubo entre el Padre y el Hijo acerca de la redenci\u00f3n de los elegidos;2\u00a0y es \u00fanicamente a trav\u00e9s de la gracia de este pacto como todos los descendientes del Ad\u00e1n ca\u00eddo que son salvados obtienen vida y bendita inmortalidad, siendo el hombre ahora totalmente incapaz de ser aceptado por Dios bajo aquellas condiciones en las que estuvo Ad\u00e1n en su estado de inocencia.3 1. Gn. 3:15; Ro. 16:25-27; Ef. 3:5; Tit. 1:2; He. 1:1,22. Sal. 110:4; Ef. 1:3-11; 2 Ti. 1:93. Jn. 8:56; Ro. 4:1-25; G\u00e1. 3:18-22; He. 11:6,13,39,40 De la Ca\u00edda del hombre, del pecado y su castigo De Cristo el mediador","og_url":"https:\/\/ibrnb.org\/en\/cap-7-del-pacto-de-dios\/","og_site_name":"Iglesia Bautista Reformada de North Bergen","article_publisher":"https:\/\/www.facebook.com\/profile.php?id=100064443055881","article_modified_time":"2025-03-28T02:51:57+00:00","twitter_card":"summary_large_image","twitter_misc":{"Est. reading time":"2 minutes"},"schema":{"@context":"https:\/\/schema.org","@graph":[{"@type":"WebPage","@id":"https:\/\/ibrnb.org\/cap-7-del-pacto-de-dios\/","url":"https:\/\/ibrnb.org\/cap-7-del-pacto-de-dios\/","name":"Cap. 7: Del pacto de Dios - Iglesia Bautista Reformada de North Bergen","isPartOf":{"@id":"https:\/\/ibrnb.org\/es\/#website"},"datePublished":"2025-03-25T22:27:23+00:00","dateModified":"2025-03-28T02:51:57+00:00","breadcrumb":{"@id":"https:\/\/ibrnb.org\/cap-7-del-pacto-de-dios\/#breadcrumb"},"inLanguage":"en-US","potentialAction":[{"@type":"ReadAction","target":["https:\/\/ibrnb.org\/cap-7-del-pacto-de-dios\/"]}]},{"@type":"BreadcrumbList","@id":"https:\/\/ibrnb.org\/cap-7-del-pacto-de-dios\/#breadcrumb","itemListElement":[{"@type":"ListItem","position":1,"name":"Portada","item":"https:\/\/ibrnb.org\/"},{"@type":"ListItem","position":2,"name":"Cap. 7: Del pacto de Dios"}]},{"@type":"WebSite","@id":"https:\/\/ibrnb.org\/es\/#website","url":"https:\/\/ibrnb.org\/es\/","name":"North Bergen Reformed Baptist Church","description":"Iglesia del Se\u00f1or Jesucristo.","publisher":{"@id":"https:\/\/ibrnb.org\/es\/#organization"},"potentialAction":[{"@type":"SearchAction","target":{"@type":"EntryPoint","urlTemplate":"https:\/\/ibrnb.org\/es\/?s={search_term_string}"},"query-input":{"@type":"PropertyValueSpecification","valueRequired":true,"valueName":"search_term_string"}}],"inLanguage":"en-US"},{"@type":"Organization","@id":"https:\/\/ibrnb.org\/es\/#organization","name":"North Bergen Reformed Baptist Church","url":"https:\/\/ibrnb.org\/es\/","logo":{"@type":"ImageObject","inLanguage":"en-US","@id":"https:\/\/ibrnb.org\/es\/#\/schema\/logo\/image\/","url":"https:\/\/i0.wp.com\/ibrnb.org\/wp-content\/uploads\/2025\/03\/Iglesia_Logo_Calado-e1744687663107.png?fit=925%2C510&ssl=1","contentUrl":"https:\/\/i0.wp.com\/ibrnb.org\/wp-content\/uploads\/2025\/03\/Iglesia_Logo_Calado-e1744687663107.png?fit=925%2C510&ssl=1","width":925,"height":510,"caption":"Iglesia Bautista Reformada de North Bergen"},"image":{"@id":"https:\/\/ibrnb.org\/es\/#\/schema\/logo\/image\/"},"sameAs":["https:\/\/www.facebook.com\/profile.php?id=100064443055881"]}]}},"_links":{"self":[{"href":"https:\/\/ibrnb.org\/en\/wp-json\/wp\/v2\/pages\/23688","targetHints":{"allow":["GET"]}}],"collection":[{"href":"https:\/\/ibrnb.org\/en\/wp-json\/wp\/v2\/pages"}],"about":[{"href":"https:\/\/ibrnb.org\/en\/wp-json\/wp\/v2\/types\/page"}],"author":[{"embeddable":true,"href":"https:\/\/ibrnb.org\/en\/wp-json\/wp\/v2\/users\/1"}],"replies":[{"embeddable":true,"href":"https:\/\/ibrnb.org\/en\/wp-json\/wp\/v2\/comments?post=23688"}],"version-history":[{"count":5,"href":"https:\/\/ibrnb.org\/en\/wp-json\/wp\/v2\/pages\/23688\/revisions"}],"predecessor-version":[{"id":24324,"href":"https:\/\/ibrnb.org\/en\/wp-json\/wp\/v2\/pages\/23688\/revisions\/24324"}],"wp:attachment":[{"href":"https:\/\/ibrnb.org\/en\/wp-json\/wp\/v2\/media?parent=23688"}],"curies":[{"name":"wp","href":"https:\/\/api.w.org\/{rel}","templated":true}]}}