{"id":22722,"date":"2025-03-04T20:31:40","date_gmt":"2025-03-04T20:31:40","guid":{"rendered":"https:\/\/ibrnb.org\/?page_id=22722"},"modified":"2025-07-16T19:39:08","modified_gmt":"2025-07-16T19:39:08","slug":"misiones","status":"publish","type":"page","link":"https:\/\/ibrnb.org\/en\/misiones\/","title":{"rendered":"Missions"},"content":{"rendered":"<div data-elementor-type=\"wp-page\" data-elementor-id=\"22722\" class=\"elementor elementor-22722\">\n\t\t\t\t\t\t<section class=\"elementor-section elementor-top-section elementor-element elementor-element-32cdcc6 elementor-section-boxed elementor-section-height-default elementor-section-height-default wpr-particle-no wpr-jarallax-no wpr-parallax-no wpr-sticky-section-no wpr-equal-height-no\" data-id=\"32cdcc6\" data-element_type=\"section\" data-e-type=\"section\">\n\t\t\t\t\t\t<div class=\"elementor-container elementor-column-gap-default\">\n\t\t\t\t\t<div class=\"elementor-column elementor-col-100 elementor-top-column elementor-element elementor-element-c1cab06\" data-id=\"c1cab06\" data-element_type=\"column\" data-e-type=\"column\">\n\t\t\t<div class=\"elementor-widget-wrap elementor-element-populated\">\n\t\t\t\t\t\t<div class=\"elementor-element elementor-element-65b3592 elementor-widget elementor-widget-heading\" data-id=\"65b3592\" data-element_type=\"widget\" data-e-type=\"widget\" data-widget_type=\"heading.default\">\n\t\t\t\t<div class=\"elementor-widget-container\">\n\t\t\t\t\t<h1 class=\"elementor-heading-title elementor-size-default\">Missions<\/h1>\t\t\t\t<\/div>\n\t\t\t\t<\/div>\n\t\t\t\t<div class=\"elementor-element elementor-element-8659e04 elementor-widget elementor-widget-text-editor\" data-id=\"8659e04\" data-element_type=\"widget\" data-e-type=\"widget\" data-widget_type=\"text-editor.default\">\n\t\t\t\t<div class=\"elementor-widget-container\">\n\t\t\t\t\t\t\t\t\t<p><span id=\"es-RVR1960-26039\" class=\"text Luke-24-46\"><sup class=\"versenum\">46\u00a0<\/sup>And said unto them, Thus it is written, and thus it behooved Christ to suffer, and to rise from the dead the third day:<\/span>\u00a0<span id=\"es-RVR1960-26040\" class=\"text Luke-24-47\"><sup class=\"versenum\">47\u00a0<\/sup>And that repentance and remission of sins should be preached in his name among all nations, beginning at Jerusalem.<\/span><\/p><p>Luke 24:46-47<\/p>\t\t\t\t\t\t\t\t<\/div>\n\t\t\t\t<\/div>\n\t\t\t\t\t<\/div>\n\t\t<\/div>\n\t\t\t\t\t<\/div>\n\t\t<\/section>\n\t\t<div class=\"elementor-element elementor-element-d354479 e-flex e-con-boxed wpr-particle-no wpr-jarallax-no wpr-parallax-no wpr-sticky-section-no wpr-equal-height-no e-con e-parent\" data-id=\"d354479\" data-element_type=\"container\" data-e-type=\"container\">\n\t\t\t\t\t<div class=\"e-con-inner\">\n\t\t\t\t<div class=\"elementor-element elementor-element-cd2d9fb elementor-widget elementor-widget-text-editor\" data-id=\"cd2d9fb\" data-element_type=\"widget\" data-e-type=\"widget\" data-widget_type=\"text-editor.default\">\n\t\t\t\t<div class=\"elementor-widget-container\">\n\t\t\t\t\t\t\t\t\t<p>The pattern we are to follow in extending the kingdom of Christ on earth, according to the book of Acts and the Epistles, clearly shows that the local church plays a central and strategic role in missions. For this reason, North Bergen Baptist Church is involved in the work of establishing and strengthening churches in other nations. It is our goal to establish churches made up of true disciples of the Lord Jesus Christ, who are committed to observe all that He has commanded them (Matt. 7:21; 28:19-20), determined to recognize and maintain for themselves spiritual leaders, according to biblical standards (1 Tim. 3; Titus 1; 1 Pet. 5; Acts 6).<\/p><p>We participate in missionary projects with churches in Puerto Rico, Dominican Republic, Spain and the United States. In this arduous work, we look to the Lord so that He will give the growth: \"So neither he who plants nor he who waters is anything, but God who gives the growth.\" (1 Cor. 3:7)<\/p>\t\t\t\t\t\t\t\t<\/div>\n\t\t\t\t<\/div>\n\t\t\t\t\t<\/div>\n\t\t\t\t<\/div>\n\t\t\t\t<\/div>","protected":false},"excerpt":{"rendered":"<p>Misiones 46\u00a0y les dijo: As\u00ed est\u00e1 escrito, y as\u00ed fue necesario que el Cristo padeciese,\u00a0y resucitase de los muertos al tercer d\u00eda;\u00a047\u00a0y que se predicase en su nombre el arrepentimiento y el perd\u00f3n de pecados en todas las naciones, comenzando desde Jerusal\u00e9n. Lucas 24:46-47 El patr\u00f3n que debemos seguir para extender el reino de Cristo en la tierra, seg\u00fan el libro de los Hechos y las Ep\u00edstolas, muestra con claridad que la iglesia local desempe\u00f1a un papel central y estrat\u00e9gico en las misiones. Por esta raz\u00f3n, la Iglesia Bautista de North Bergen est\u00e1 involucrada en la obra de establecer y fortalecer iglesias en otras naciones.Es nuestro objetivo establecer iglesias constituidas por verdaderos disc\u00edpulos del Se\u00f1or Jesucristo, que est\u00e9n comprometidos a observar todo lo que \u00c9l les ha mandado (Mat.7:21; 28:19-20), resueltos a reconocer y mantener por ellos mismos a l\u00edderes espirituales, seg\u00fan las normas b\u00edblicas (1 Tim. 3; Tito 1; 1 Ped. 5; Hech. 6). Participamos en proyectos misioneros con iglesias en Puerto Rico, Rep\u00fablica Dominicana, Espa\u00f1a y los Estados Unidos. En este arduo trabajo, miramos al Se\u00f1or para que \u00c9l d\u00e9 el crecimiento: \u201cAs\u00ed que ni el que planta ni el que riega es algo, sino Dios que da el crecimiento.\u201d (1 Cor. 3:7)<\/p>","protected":false},"author":1,"featured_media":0,"parent":0,"menu_order":0,"comment_status":"closed","ping_status":"closed","template":"elementor_canvas","meta":{"footnotes":""},"class_list":["post-22722","page","type-page","status-publish","hentry"],"yoast_head":"<!-- This site is optimized with the Yoast SEO plugin v27.5 - https:\/\/yoast.com\/product\/yoast-seo-wordpress\/ -->\n<title>Misiones - Iglesia Bautista Reformada de North Bergen<\/title>\n<meta name=\"robots\" content=\"index, follow, max-snippet:-1, max-image-preview:large, max-video-preview:-1\" \/>\n<link rel=\"canonical\" href=\"https:\/\/ibrnb.org\/en\/misiones\/\" \/>\n<meta property=\"og:locale\" content=\"en_US\" \/>\n<meta property=\"og:type\" content=\"article\" \/>\n<meta property=\"og:title\" content=\"Misiones - Iglesia Bautista Reformada de North Bergen\" \/>\n<meta property=\"og:description\" content=\"Misiones 46\u00a0y les dijo: As\u00ed est\u00e1 escrito, y as\u00ed fue necesario que el Cristo padeciese,\u00a0y resucitase de los muertos al tercer d\u00eda;\u00a047\u00a0y que se predicase en su nombre el arrepentimiento y el perd\u00f3n de pecados en todas las naciones, comenzando desde Jerusal\u00e9n. Lucas 24:46-47 El patr\u00f3n que debemos seguir para extender el reino de Cristo en la tierra, seg\u00fan el libro de los Hechos y las Ep\u00edstolas, muestra con claridad que la iglesia local desempe\u00f1a un papel central y estrat\u00e9gico en las misiones. Por esta raz\u00f3n, la Iglesia Bautista de North Bergen est\u00e1 involucrada en la obra de establecer y fortalecer iglesias en otras naciones.Es nuestro objetivo establecer iglesias constituidas por verdaderos disc\u00edpulos del Se\u00f1or Jesucristo, que est\u00e9n comprometidos a observar todo lo que \u00c9l les ha mandado (Mat.7:21; 28:19-20), resueltos a reconocer y mantener por ellos mismos a l\u00edderes espirituales, seg\u00fan las normas b\u00edblicas (1 Tim. 3; Tito 1; 1 Ped. 5; Hech. 6). Participamos en proyectos misioneros con iglesias en Puerto Rico, Rep\u00fablica Dominicana, Espa\u00f1a y los Estados Unidos. En este arduo trabajo, miramos al Se\u00f1or para que \u00c9l d\u00e9 el crecimiento: \u201cAs\u00ed que ni el que planta ni el que riega es algo, sino Dios que da el crecimiento.\u201d (1 Cor. 3:7)\" \/>\n<meta property=\"og:url\" content=\"https:\/\/ibrnb.org\/en\/misiones\/\" \/>\n<meta property=\"og:site_name\" content=\"Iglesia Bautista Reformada de North Bergen\" \/>\n<meta property=\"article:publisher\" content=\"https:\/\/www.facebook.com\/profile.php?id=100064443055881\" \/>\n<meta property=\"article:modified_time\" content=\"2025-07-16T19:39:08+00:00\" \/>\n<meta name=\"twitter:card\" content=\"summary_large_image\" \/>\n<meta name=\"twitter:label1\" content=\"Est. reading time\" \/>\n\t<meta name=\"twitter:data1\" content=\"1 minute\" \/>\n<script type=\"application\/ld+json\" class=\"yoast-schema-graph\">{\"@context\":\"https:\\\/\\\/schema.org\",\"@graph\":[{\"@type\":\"WebPage\",\"@id\":\"https:\\\/\\\/ibrnb.org\\\/misiones\\\/\",\"url\":\"https:\\\/\\\/ibrnb.org\\\/misiones\\\/\",\"name\":\"Misiones - Iglesia Bautista Reformada de North Bergen\",\"isPartOf\":{\"@id\":\"https:\\\/\\\/ibrnb.org\\\/es\\\/#website\"},\"datePublished\":\"2025-03-04T20:31:40+00:00\",\"dateModified\":\"2025-07-16T19:39:08+00:00\",\"breadcrumb\":{\"@id\":\"https:\\\/\\\/ibrnb.org\\\/misiones\\\/#breadcrumb\"},\"inLanguage\":\"en-US\",\"potentialAction\":[{\"@type\":\"ReadAction\",\"target\":[\"https:\\\/\\\/ibrnb.org\\\/misiones\\\/\"]}]},{\"@type\":\"BreadcrumbList\",\"@id\":\"https:\\\/\\\/ibrnb.org\\\/misiones\\\/#breadcrumb\",\"itemListElement\":[{\"@type\":\"ListItem\",\"position\":1,\"name\":\"Portada\",\"item\":\"https:\\\/\\\/ibrnb.org\\\/\"},{\"@type\":\"ListItem\",\"position\":2,\"name\":\"Misiones\"}]},{\"@type\":\"WebSite\",\"@id\":\"https:\\\/\\\/ibrnb.org\\\/es\\\/#website\",\"url\":\"https:\\\/\\\/ibrnb.org\\\/es\\\/\",\"name\":\"Iglesia Bautista Reformada de North Bergen\",\"description\":\"Iglesia del Se\u00f1or Jesucristo.\",\"publisher\":{\"@id\":\"https:\\\/\\\/ibrnb.org\\\/es\\\/#organization\"},\"potentialAction\":[{\"@type\":\"SearchAction\",\"target\":{\"@type\":\"EntryPoint\",\"urlTemplate\":\"https:\\\/\\\/ibrnb.org\\\/es\\\/?s={search_term_string}\"},\"query-input\":{\"@type\":\"PropertyValueSpecification\",\"valueRequired\":true,\"valueName\":\"search_term_string\"}}],\"inLanguage\":\"en-US\"},{\"@type\":\"Organization\",\"@id\":\"https:\\\/\\\/ibrnb.org\\\/es\\\/#organization\",\"name\":\"Iglesia Bautista Reformada de North Bergen\",\"url\":\"https:\\\/\\\/ibrnb.org\\\/es\\\/\",\"logo\":{\"@type\":\"ImageObject\",\"inLanguage\":\"en-US\",\"@id\":\"https:\\\/\\\/ibrnb.org\\\/es\\\/#\\\/schema\\\/logo\\\/image\\\/\",\"url\":\"https:\\\/\\\/i0.wp.com\\\/ibrnb.org\\\/wp-content\\\/uploads\\\/2025\\\/03\\\/Iglesia_Logo_Calado-e1744687663107.png?fit=925%2C510&ssl=1\",\"contentUrl\":\"https:\\\/\\\/i0.wp.com\\\/ibrnb.org\\\/wp-content\\\/uploads\\\/2025\\\/03\\\/Iglesia_Logo_Calado-e1744687663107.png?fit=925%2C510&ssl=1\",\"width\":925,\"height\":510,\"caption\":\"Iglesia Bautista Reformada de North Bergen\"},\"image\":{\"@id\":\"https:\\\/\\\/ibrnb.org\\\/es\\\/#\\\/schema\\\/logo\\\/image\\\/\"},\"sameAs\":[\"https:\\\/\\\/www.facebook.com\\\/profile.php?id=100064443055881\"]}]}<\/script>\n<!-- \/ Yoast SEO plugin. -->","yoast_head_json":{"title":"Misiones - Iglesia Bautista Reformada de North Bergen","robots":{"index":"index","follow":"follow","max-snippet":"max-snippet:-1","max-image-preview":"max-image-preview:large","max-video-preview":"max-video-preview:-1"},"canonical":"https:\/\/ibrnb.org\/en\/misiones\/","og_locale":"en_US","og_type":"article","og_title":"Misiones - Iglesia Bautista Reformada de North Bergen","og_description":"Misiones 46\u00a0y les dijo: As\u00ed est\u00e1 escrito, y as\u00ed fue necesario que el Cristo padeciese,\u00a0y resucitase de los muertos al tercer d\u00eda;\u00a047\u00a0y que se predicase en su nombre el arrepentimiento y el perd\u00f3n de pecados en todas las naciones, comenzando desde Jerusal\u00e9n. Lucas 24:46-47 El patr\u00f3n que debemos seguir para extender el reino de Cristo en la tierra, seg\u00fan el libro de los Hechos y las Ep\u00edstolas, muestra con claridad que la iglesia local desempe\u00f1a un papel central y estrat\u00e9gico en las misiones. Por esta raz\u00f3n, la Iglesia Bautista de North Bergen est\u00e1 involucrada en la obra de establecer y fortalecer iglesias en otras naciones.Es nuestro objetivo establecer iglesias constituidas por verdaderos disc\u00edpulos del Se\u00f1or Jesucristo, que est\u00e9n comprometidos a observar todo lo que \u00c9l les ha mandado (Mat.7:21; 28:19-20), resueltos a reconocer y mantener por ellos mismos a l\u00edderes espirituales, seg\u00fan las normas b\u00edblicas (1 Tim. 3; Tito 1; 1 Ped. 5; Hech. 6). Participamos en proyectos misioneros con iglesias en Puerto Rico, Rep\u00fablica Dominicana, Espa\u00f1a y los Estados Unidos. En este arduo trabajo, miramos al Se\u00f1or para que \u00c9l d\u00e9 el crecimiento: \u201cAs\u00ed que ni el que planta ni el que riega es algo, sino Dios que da el crecimiento.\u201d (1 Cor. 3:7)","og_url":"https:\/\/ibrnb.org\/en\/misiones\/","og_site_name":"Iglesia Bautista Reformada de North Bergen","article_publisher":"https:\/\/www.facebook.com\/profile.php?id=100064443055881","article_modified_time":"2025-07-16T19:39:08+00:00","twitter_card":"summary_large_image","twitter_misc":{"Est. reading time":"1 minute"},"schema":{"@context":"https:\/\/schema.org","@graph":[{"@type":"WebPage","@id":"https:\/\/ibrnb.org\/misiones\/","url":"https:\/\/ibrnb.org\/misiones\/","name":"Misiones - Iglesia Bautista Reformada de North Bergen","isPartOf":{"@id":"https:\/\/ibrnb.org\/es\/#website"},"datePublished":"2025-03-04T20:31:40+00:00","dateModified":"2025-07-16T19:39:08+00:00","breadcrumb":{"@id":"https:\/\/ibrnb.org\/misiones\/#breadcrumb"},"inLanguage":"en-US","potentialAction":[{"@type":"ReadAction","target":["https:\/\/ibrnb.org\/misiones\/"]}]},{"@type":"BreadcrumbList","@id":"https:\/\/ibrnb.org\/misiones\/#breadcrumb","itemListElement":[{"@type":"ListItem","position":1,"name":"Portada","item":"https:\/\/ibrnb.org\/"},{"@type":"ListItem","position":2,"name":"Misiones"}]},{"@type":"WebSite","@id":"https:\/\/ibrnb.org\/es\/#website","url":"https:\/\/ibrnb.org\/es\/","name":"North Bergen Reformed Baptist Church","description":"Iglesia del Se\u00f1or Jesucristo.","publisher":{"@id":"https:\/\/ibrnb.org\/es\/#organization"},"potentialAction":[{"@type":"SearchAction","target":{"@type":"EntryPoint","urlTemplate":"https:\/\/ibrnb.org\/es\/?s={search_term_string}"},"query-input":{"@type":"PropertyValueSpecification","valueRequired":true,"valueName":"search_term_string"}}],"inLanguage":"en-US"},{"@type":"Organization","@id":"https:\/\/ibrnb.org\/es\/#organization","name":"North Bergen Reformed Baptist Church","url":"https:\/\/ibrnb.org\/es\/","logo":{"@type":"ImageObject","inLanguage":"en-US","@id":"https:\/\/ibrnb.org\/es\/#\/schema\/logo\/image\/","url":"https:\/\/i0.wp.com\/ibrnb.org\/wp-content\/uploads\/2025\/03\/Iglesia_Logo_Calado-e1744687663107.png?fit=925%2C510&ssl=1","contentUrl":"https:\/\/i0.wp.com\/ibrnb.org\/wp-content\/uploads\/2025\/03\/Iglesia_Logo_Calado-e1744687663107.png?fit=925%2C510&ssl=1","width":925,"height":510,"caption":"Iglesia Bautista Reformada de North Bergen"},"image":{"@id":"https:\/\/ibrnb.org\/es\/#\/schema\/logo\/image\/"},"sameAs":["https:\/\/www.facebook.com\/profile.php?id=100064443055881"]}]}},"_links":{"self":[{"href":"https:\/\/ibrnb.org\/en\/wp-json\/wp\/v2\/pages\/22722","targetHints":{"allow":["GET"]}}],"collection":[{"href":"https:\/\/ibrnb.org\/en\/wp-json\/wp\/v2\/pages"}],"about":[{"href":"https:\/\/ibrnb.org\/en\/wp-json\/wp\/v2\/types\/page"}],"author":[{"embeddable":true,"href":"https:\/\/ibrnb.org\/en\/wp-json\/wp\/v2\/users\/1"}],"replies":[{"embeddable":true,"href":"https:\/\/ibrnb.org\/en\/wp-json\/wp\/v2\/comments?post=22722"}],"version-history":[{"count":17,"href":"https:\/\/ibrnb.org\/en\/wp-json\/wp\/v2\/pages\/22722\/revisions"}],"predecessor-version":[{"id":31791,"href":"https:\/\/ibrnb.org\/en\/wp-json\/wp\/v2\/pages\/22722\/revisions\/31791"}],"wp:attachment":[{"href":"https:\/\/ibrnb.org\/en\/wp-json\/wp\/v2\/media?parent=22722"}],"curies":[{"name":"wp","href":"https:\/\/api.w.org\/{rel}","templated":true}]}}